{"id":3013,"date":"2025-10-19T22:56:53","date_gmt":"2025-10-19T20:56:53","guid":{"rendered":"https:\/\/vzk.cubesdev.rs\/our-products\/uncategorized\/vzk-hyaluron-dnevna-krema-50ml\/"},"modified":"2025-10-19T22:56:57","modified_gmt":"2025-10-19T20:56:57","slug":"vzk-hyaluron-dnevna-krema-50ml","status":"publish","type":"product","link":"https:\/\/vzklaboratory.com\/sr\/na\u0161i-proizvodi\/tip-koze\/zrela-koza\/vzk-hyaluron-dnevna-krema-50ml\/","title":{"rendered":"VZK HYALURON DNEVNA KREMA 50ML"},"content":{"rendered":"<p>Dnevna krema sa anti-age efektom predstavlja posebnu formulaciju namenjenu nezi i hidrataciji ko\u017ee lica. Sadr\u017ei hijaluronsku kiselinu koja ubla\u017eava izgled postoje\u0107ih bora i \u0161titi ko\u017eu od prevremenog starenja, dok je pantenol, alantoin i ulje jojobe neguju i \u0161tite od spolja\u0161njih uticaja. Pogodno za sve tipove ko\u017ee.<\/p>\n","protected":false},"excerpt":{"rendered":"<p>Dnevna krema sa anti-age efektom predstavlja posebnu formulaciju namenjenu nezi i hidrataciji ko\u017ee lica. Sadr\u017ei hijaluronsku kiselinu koja ubla\u017eava izgled postoje\u0107ih bora i \u0161titi ko\u017eu od prevremenog starenja, dok je pantenol, alantoin i ulje jojobe neguju i \u0161tite od spolja\u0161njih uticaja. Pogodno za sve tipove ko\u017ee.<\/p>\n","protected":false},"featured_media":3012,"comment_status":"open","ping_status":"closed","template":"","meta":{"_acf_changed":false,"_seopress_robots_primary_cat":"","_seopress_titles_title":"","_seopress_titles_desc":"","_seopress_robots_index":""},"product_brand":[],"product_cat":[384,135,142,103,132,149,138,146,102,153,151],"product_tag":[],"class_list":{"0":"post-3013","1":"product","2":"type-product","3":"status-publish","4":"has-post-thumbnail","6":"product_cat-zrela-koza","7":"product_cat-nega-lica","8":"product_cat-protiv-bora","9":"product_cat-vzk-hyaluron","10":"product_cat-nega-koze","11":"product_cat-tip-koze","12":"product_cat-potrebe-koze","13":"product_cat-hidratacija","14":"product_cat-linije-proizvoda","15":"product_cat-suva-koza","16":"product_cat-svi-tipovi-koze","18":"first","19":"instock","20":"shipping-taxable","21":"purchasable","22":"product-type-simple"},"acf":[],"_links":{"self":[{"href":"https:\/\/vzklaboratory.com\/sr\/wp-json\/wp\/v2\/product\/3013","targetHints":{"allow":["GET"]}}],"collection":[{"href":"https:\/\/vzklaboratory.com\/sr\/wp-json\/wp\/v2\/product"}],"about":[{"href":"https:\/\/vzklaboratory.com\/sr\/wp-json\/wp\/v2\/types\/product"}],"replies":[{"embeddable":true,"href":"https:\/\/vzklaboratory.com\/sr\/wp-json\/wp\/v2\/comments?post=3013"}],"wp:featuredmedia":[{"embeddable":true,"href":"https:\/\/vzklaboratory.com\/sr\/wp-json\/wp\/v2\/media\/3012"}],"wp:attachment":[{"href":"https:\/\/vzklaboratory.com\/sr\/wp-json\/wp\/v2\/media?parent=3013"}],"wp:term":[{"taxonomy":"product_brand","embeddable":true,"href":"https:\/\/vzklaboratory.com\/sr\/wp-json\/wp\/v2\/product_brand?post=3013"},{"taxonomy":"product_cat","embeddable":true,"href":"https:\/\/vzklaboratory.com\/sr\/wp-json\/wp\/v2\/product_cat?post=3013"},{"taxonomy":"product_tag","embeddable":true,"href":"https:\/\/vzklaboratory.com\/sr\/wp-json\/wp\/v2\/product_tag?post=3013"}],"curies":[{"name":"wp","href":"https:\/\/api.w.org\/{rel}","templated":true}]}}