{"id":2993,"date":"2025-10-19T22:56:43","date_gmt":"2025-10-19T20:56:43","guid":{"rendered":"https:\/\/vzk.cubesdev.rs\/our-products\/uncategorized\/vzk-hyaluron-ampule-7x13ml\/"},"modified":"2025-10-19T22:56:47","modified_gmt":"2025-10-19T20:56:47","slug":"vzk-hyaluron-ampule-7x13ml","status":"publish","type":"product","link":"https:\/\/vzklaboratory.com\/sr\/na\u0161i-proizvodi\/tip-koze\/zrela-koza\/vzk-hyaluron-ampule-7x13ml\/","title":{"rendered":"VZK HYALURON AMPULE 7&#215;1,3ML"},"content":{"rendered":"<p>Hijaluronske ampule sadr\u017ee kombinaciju vrlo kratkih i srednjih hijaluronskih molekula i karnosina, pru\u017eaju\u0107i intenzivnu negu i duboku hidrataciju ko\u017ee. U kombinaciji sa prirodnim biomimeti\u010dkim peptidima, \u0161tite od spoljnog o\u0161te\u0107enja i stimuli\u0161u formiranje kolagena za gla\u0111u, \u010dvr\u0161\u0107u ko\u017eu sa manje bora. Pogodne za sve tipove ko\u017ee.<\/p>\n","protected":false},"excerpt":{"rendered":"<p>Hijaluronske ampule sadr\u017ee kombinaciju vrlo kratkih i srednjih hijaluronskih molekula i karnosina, pru\u017eaju\u0107i intenzivnu negu i duboku hidrataciju ko\u017ee. U kombinaciji sa prirodnim biomimeti\u010dkim peptidima, \u0161tite od spoljnog o\u0161te\u0107enja i stimuli\u0161u formiranje kolagena za gla\u0111u, \u010dvr\u0161\u0107u ko\u017eu sa manje bora. Pogodne za sve tipove ko\u017ee.<\/p>\n","protected":false},"featured_media":2992,"comment_status":"open","ping_status":"closed","template":"","meta":{"_acf_changed":false,"_seopress_robots_primary_cat":"","_seopress_titles_title":"","_seopress_titles_desc":"","_seopress_robots_index":""},"product_brand":[],"product_cat":[384,142,103,132,135,149,138,146,102,153,151],"product_tag":[],"class_list":{"0":"post-2993","1":"product","2":"type-product","3":"status-publish","4":"has-post-thumbnail","6":"product_cat-zrela-koza","7":"product_cat-protiv-bora","8":"product_cat-vzk-hyaluron","9":"product_cat-nega-koze","10":"product_cat-nega-lica","11":"product_cat-tip-koze","12":"product_cat-potrebe-koze","13":"product_cat-hidratacija","14":"product_cat-linije-proizvoda","15":"product_cat-suva-koza","16":"product_cat-svi-tipovi-koze","18":"first","19":"instock","20":"shipping-taxable","21":"purchasable","22":"product-type-simple"},"acf":[],"_links":{"self":[{"href":"https:\/\/vzklaboratory.com\/sr\/wp-json\/wp\/v2\/product\/2993","targetHints":{"allow":["GET"]}}],"collection":[{"href":"https:\/\/vzklaboratory.com\/sr\/wp-json\/wp\/v2\/product"}],"about":[{"href":"https:\/\/vzklaboratory.com\/sr\/wp-json\/wp\/v2\/types\/product"}],"replies":[{"embeddable":true,"href":"https:\/\/vzklaboratory.com\/sr\/wp-json\/wp\/v2\/comments?post=2993"}],"wp:featuredmedia":[{"embeddable":true,"href":"https:\/\/vzklaboratory.com\/sr\/wp-json\/wp\/v2\/media\/2992"}],"wp:attachment":[{"href":"https:\/\/vzklaboratory.com\/sr\/wp-json\/wp\/v2\/media?parent=2993"}],"wp:term":[{"taxonomy":"product_brand","embeddable":true,"href":"https:\/\/vzklaboratory.com\/sr\/wp-json\/wp\/v2\/product_brand?post=2993"},{"taxonomy":"product_cat","embeddable":true,"href":"https:\/\/vzklaboratory.com\/sr\/wp-json\/wp\/v2\/product_cat?post=2993"},{"taxonomy":"product_tag","embeddable":true,"href":"https:\/\/vzklaboratory.com\/sr\/wp-json\/wp\/v2\/product_tag?post=2993"}],"curies":[{"name":"wp","href":"https:\/\/api.w.org\/{rel}","templated":true}]}}