{"id":2982,"date":"2025-10-19T22:56:38","date_gmt":"2025-10-19T20:56:38","guid":{"rendered":"https:\/\/vzk.cubesdev.rs\/our-products\/uncategorized\/vzk-hidratantna-krema-za-lice-50ml\/"},"modified":"2025-10-19T22:56:42","modified_gmt":"2025-10-19T20:56:42","slug":"vzk-hidratantna-krema-za-lice-50ml","status":"publish","type":"product","link":"https:\/\/vzklaboratory.com\/sr\/na\u0161i-proizvodi\/linije-proizvoda\/basic-hydration\/vzk-hidratantna-krema-za-lice-50ml\/","title":{"rendered":"VZK HIDRATANTNA KREMA ZA LICE 50ML"},"content":{"rendered":"<p>Nemasna fomulacija na bazi pantenola i ulja jojobe namenjena svakodnevnoj nezi ko\u017ee lica. Sadr\u017ei vitamine A i E, koji smanjuju znake umora, pantenol i alantoin koji hidriraju ko\u017eu i daju joj blistavost i jojoba ulje koje omek\u0161ava i \u0161titi ko\u017eu lica.<\/p>\n","protected":false},"excerpt":{"rendered":"<p>Nemasna fomulacija na bazi pantenola i ulja jojobe namenjena svakodnevnoj nezi ko\u017ee lica. Sadr\u017ei vitamine A i E, koji smanjuju znake umora, pantenol i alantoin koji hidriraju ko\u017eu i daju joj blistavost i jojoba ulje koje omek\u0161ava i \u0161titi ko\u017eu lica.<\/p>\n","protected":false},"featured_media":2981,"comment_status":"open","ping_status":"closed","template":"","meta":{"_acf_changed":false,"_seopress_robots_primary_cat":"","_seopress_titles_title":"","_seopress_titles_desc":"","_seopress_robots_index":""},"product_brand":[],"product_cat":[336,132,135,149,138,155,146,152,102,143],"product_tag":[],"class_list":{"0":"post-2982","1":"product","2":"type-product","3":"status-publish","4":"has-post-thumbnail","6":"product_cat-basic-hydration","7":"product_cat-nega-koze","8":"product_cat-nega-lica","9":"product_cat-tip-koze","10":"product_cat-potrebe-koze","11":"product_cat-masna-koza","12":"product_cat-hidratacija","13":"product_cat-kombinovana-koza","14":"product_cat-linije-proizvoda","15":"product_cat-osnovna-nega","17":"first","18":"instock","19":"shipping-taxable","20":"purchasable","21":"product-type-simple"},"acf":[],"_links":{"self":[{"href":"https:\/\/vzklaboratory.com\/sr\/wp-json\/wp\/v2\/product\/2982","targetHints":{"allow":["GET"]}}],"collection":[{"href":"https:\/\/vzklaboratory.com\/sr\/wp-json\/wp\/v2\/product"}],"about":[{"href":"https:\/\/vzklaboratory.com\/sr\/wp-json\/wp\/v2\/types\/product"}],"replies":[{"embeddable":true,"href":"https:\/\/vzklaboratory.com\/sr\/wp-json\/wp\/v2\/comments?post=2982"}],"wp:featuredmedia":[{"embeddable":true,"href":"https:\/\/vzklaboratory.com\/sr\/wp-json\/wp\/v2\/media\/2981"}],"wp:attachment":[{"href":"https:\/\/vzklaboratory.com\/sr\/wp-json\/wp\/v2\/media?parent=2982"}],"wp:term":[{"taxonomy":"product_brand","embeddable":true,"href":"https:\/\/vzklaboratory.com\/sr\/wp-json\/wp\/v2\/product_brand?post=2982"},{"taxonomy":"product_cat","embeddable":true,"href":"https:\/\/vzklaboratory.com\/sr\/wp-json\/wp\/v2\/product_cat?post=2982"},{"taxonomy":"product_tag","embeddable":true,"href":"https:\/\/vzklaboratory.com\/sr\/wp-json\/wp\/v2\/product_tag?post=2982"}],"curies":[{"name":"wp","href":"https:\/\/api.w.org\/{rel}","templated":true}]}}