{"id":2953,"date":"2025-10-19T22:56:01","date_gmt":"2025-10-19T20:56:01","guid":{"rendered":"https:\/\/vzk.cubesdev.rs\/our-products\/uncategorized\/vzk-gel-za-umivanje-za-problematicnu-kozu-150ml\/"},"modified":"2025-10-19T22:56:28","modified_gmt":"2025-10-19T20:56:28","slug":"vzk-gel-za-umivanje-za-problematicnu-kozu-150ml","status":"publish","type":"product","link":"https:\/\/vzklaboratory.com\/sr\/na\u0161i-proizvodi\/potrebe-koze\/ciscenje-lica\/vzk-gel-za-umivanje-za-problematicnu-kozu-150ml\/","title":{"rendered":"VZK GEL ZA UMIVANJE ZA PROBLEMATI\u010cNU KO\u017dU 150ML"},"content":{"rendered":"<p>Formulacija na bazi alfa i beta-hidroksi kiselina namenjena \u010di\u0161\u0107enju masne i problemati\u010dne ko\u017ee lica, vrata, dekoltea i le\u0111a.<\/p>\n","protected":false},"excerpt":{"rendered":"<p>Formulacija na bazi alfa i beta-hidroksi kiselina namenjena \u010di\u0161\u0107enju masne i problemati\u010dne ko\u017ee lica, vrata, dekoltea i le\u0111a.<\/p>\n","protected":false},"featured_media":2916,"comment_status":"open","ping_status":"closed","template":"","meta":{"_acf_changed":false,"_seopress_robots_primary_cat":"","_seopress_titles_title":"","_seopress_titles_desc":"","_seopress_robots_index":""},"product_brand":[],"product_cat":[378,135,132,149,150,104,138,155,102,144,139],"product_tag":[],"class_list":{"0":"post-2953","1":"product","2":"type-product","3":"status-publish","4":"has-post-thumbnail","6":"product_cat-ciscenje-lica","7":"product_cat-nega-lica","8":"product_cat-nega-koze","9":"product_cat-tip-koze","10":"product_cat-koza-sklona-aknama","11":"product_cat-vzk-problematic-skin","12":"product_cat-potrebe-koze","13":"product_cat-masna-koza","14":"product_cat-linije-proizvoda","15":"product_cat-kontrola-sjaja","16":"product_cat-kontrola-akni","18":"first","19":"instock","20":"shipping-taxable","21":"purchasable","22":"product-type-simple"},"acf":[],"_links":{"self":[{"href":"https:\/\/vzklaboratory.com\/sr\/wp-json\/wp\/v2\/product\/2953","targetHints":{"allow":["GET"]}}],"collection":[{"href":"https:\/\/vzklaboratory.com\/sr\/wp-json\/wp\/v2\/product"}],"about":[{"href":"https:\/\/vzklaboratory.com\/sr\/wp-json\/wp\/v2\/types\/product"}],"replies":[{"embeddable":true,"href":"https:\/\/vzklaboratory.com\/sr\/wp-json\/wp\/v2\/comments?post=2953"}],"wp:featuredmedia":[{"embeddable":true,"href":"https:\/\/vzklaboratory.com\/sr\/wp-json\/wp\/v2\/media\/2916"}],"wp:attachment":[{"href":"https:\/\/vzklaboratory.com\/sr\/wp-json\/wp\/v2\/media?parent=2953"}],"wp:term":[{"taxonomy":"product_brand","embeddable":true,"href":"https:\/\/vzklaboratory.com\/sr\/wp-json\/wp\/v2\/product_brand?post=2953"},{"taxonomy":"product_cat","embeddable":true,"href":"https:\/\/vzklaboratory.com\/sr\/wp-json\/wp\/v2\/product_cat?post=2953"},{"taxonomy":"product_tag","embeddable":true,"href":"https:\/\/vzklaboratory.com\/sr\/wp-json\/wp\/v2\/product_tag?post=2953"}],"curies":[{"name":"wp","href":"https:\/\/api.w.org\/{rel}","templated":true}]}}