{"id":2906,"date":"2025-10-19T22:55:48","date_gmt":"2025-10-19T20:55:48","guid":{"rendered":"https:\/\/vzk.cubesdev.rs\/our-products\/uncategorized\/vzk-flasteri-za-ciscenje-koze-sklone-aknama-30kom\/"},"modified":"2025-10-19T22:56:00","modified_gmt":"2025-10-19T20:56:00","slug":"vzk-flasteri-za-ciscenje-koze-sklone-aknama-30kom","status":"publish","type":"product","link":"https:\/\/vzklaboratory.com\/sr\/na\u0161i-proizvodi\/nega-koze\/nega-lica\/vzk-flasteri-za-ciscenje-koze-sklone-aknama-30kom\/","title":{"rendered":"VZK FLASTERI ZA \u010cI\u0160\u0106ENJE KO\u017dE SKLONE AKNAMA 30KOM"},"content":{"rendered":"<p>Flasteri na bazi salicilne kiseline i ekstrakta zelenog \u010daja specijalno formulisani za brzo isu\u0161ivanje ne\u010disto\u0107a i umirivanje iritacija na ko\u017ei sklonoj aknama.<\/p>\n","protected":false},"excerpt":{"rendered":"<p>Flasteri na bazi salicilne kiseline i ekstrakta zelenog \u010daja specijalno formulisani za brzo isu\u0161ivanje ne\u010disto\u0107a i umirivanje iritacija na ko\u017ei sklonoj aknama.<\/p>\n","protected":false},"featured_media":6496,"comment_status":"open","ping_status":"closed","template":"","meta":{"_acf_changed":false,"_seopress_robots_primary_cat":"","_seopress_titles_title":"","_seopress_titles_desc":"","_seopress_robots_index":""},"product_brand":[],"product_cat":[132,135,104,149,150,138,102,139],"product_tag":[],"class_list":{"0":"post-2906","1":"product","2":"type-product","3":"status-publish","4":"has-post-thumbnail","6":"product_cat-nega-koze","7":"product_cat-nega-lica","8":"product_cat-vzk-problematic-skin","9":"product_cat-tip-koze","10":"product_cat-koza-sklona-aknama","11":"product_cat-potrebe-koze","12":"product_cat-linije-proizvoda","13":"product_cat-kontrola-akni","15":"first","16":"instock","17":"shipping-taxable","18":"purchasable","19":"product-type-simple"},"acf":[],"_links":{"self":[{"href":"https:\/\/vzklaboratory.com\/sr\/wp-json\/wp\/v2\/product\/2906","targetHints":{"allow":["GET"]}}],"collection":[{"href":"https:\/\/vzklaboratory.com\/sr\/wp-json\/wp\/v2\/product"}],"about":[{"href":"https:\/\/vzklaboratory.com\/sr\/wp-json\/wp\/v2\/types\/product"}],"replies":[{"embeddable":true,"href":"https:\/\/vzklaboratory.com\/sr\/wp-json\/wp\/v2\/comments?post=2906"}],"wp:featuredmedia":[{"embeddable":true,"href":"https:\/\/vzklaboratory.com\/sr\/wp-json\/wp\/v2\/media\/6496"}],"wp:attachment":[{"href":"https:\/\/vzklaboratory.com\/sr\/wp-json\/wp\/v2\/media?parent=2906"}],"wp:term":[{"taxonomy":"product_brand","embeddable":true,"href":"https:\/\/vzklaboratory.com\/sr\/wp-json\/wp\/v2\/product_brand?post=2906"},{"taxonomy":"product_cat","embeddable":true,"href":"https:\/\/vzklaboratory.com\/sr\/wp-json\/wp\/v2\/product_cat?post=2906"},{"taxonomy":"product_tag","embeddable":true,"href":"https:\/\/vzklaboratory.com\/sr\/wp-json\/wp\/v2\/product_tag?post=2906"}],"curies":[{"name":"wp","href":"https:\/\/api.w.org\/{rel}","templated":true}]}}