{"id":2867,"date":"2025-10-19T22:55:29","date_gmt":"2025-10-19T20:55:29","guid":{"rendered":"https:\/\/vzk.cubesdev.rs\/our-products\/uncategorized\/vzk-cica-set-2\/"},"modified":"2025-10-19T22:55:38","modified_gmt":"2025-10-19T20:55:38","slug":"vzk-cica-set-2","status":"publish","type":"product","link":"https:\/\/vzklaboratory.com\/sr\/na\u0161i-proizvodi\/nega-koze\/setovi\/vzk-cica-set-2\/","title":{"rendered":"VZK CICA SET"},"content":{"rendered":"<p>PANTENOL B5 CICA KREMA ZA LICE Krema za lice sa visokokvalitetnim CICA kompleksom (Centella<br \/>\nasiatica Extract, Asiaticoside, Madecassic acid, Asiatic acid) i pantenolom, pru\u017ea neophodnu negu i<br \/>\nza\u0161titu iritiranoj, osetljivoj i ko\u017ei sklonoj nepravilnostima. Sadr\u017ei ekstrakt biljke Centella asiatica, koji<br \/>\ndokazano redukuje crvenilo, umiruje ko\u017eu i poma\u017ee kod njenog oporavka, \u010dine\u0107i ko\u017eu lica blistavom i<br \/>\nsjajnom. Na\u010din upotrebe: Naneti ujutru i\/ili uve\u010de na \u010distu ko\u017eu lica, laganim kru\u017enim pokretima.<br \/>\nNapomena: \u010cuvati na sobnoj temperaturi, van doma\u0161aja dece. Samo za spolja\u0161nju upotrebu. AQUA, PANTHENOL, SQUALANE, GLYCERIN, C13-15<br \/>\nALKANE, DICAPRYLYL CARBONATE, ISONONYL ISONONANOATE, SIMMONDSIA CHINENSIS SEED OIL,<br \/>\nARACHIDYL ALCOHOL, CETEARYL ALCOHOL, BEHENETH-25, CAPRYLYL METHICONE, AMMONIUM<br \/>\nACRYLOYLDIMETHYLTAURATE\/VP COPOLYMER, PHENOXYETHANOL, CENTELLA ASIATICA EXTRACT,<br \/>\nMADECASSIC ACID, ASIATICOSIDE, BEHENYL ALCOHOL, ASIATIC ACID, ARACHIDYL GLUCOSIDE,<br \/>\nTOCOPHEROL, ETHYLHEXYLGLYCERIN, GLYCINE SOJA OIL, DISODIUM EDTA, PARFUM                                                                                            PANTENOL B5 CICA SERUM ZA LICE Serum za lice sa posebnom kombinacijom ekstrakta biljke<br \/>\nCentella asiatica i pantenola, pru\u017ea neophodnu negu i za\u0161titu iritiranoj, osetljivoj i ko\u017ei sklonoj<br \/>\nnepravilnostima. Centella asiatica dokazano redukuje crvenilo, oporavlja i umiruje ko\u017eu i poma\u017ee kod<br \/>\nja\u010danja njene prirodne barijerne funkcije. Sadr\u017ei skvalan koji umiruje ko\u017eu lica, smanjuje ose\u0107aj zatezanja<br \/>\ni nelagodnosti, pru\u017eaju\u0107i joj potrebnu negu i hidrataciju. Serum ima blag i prirodno umiruju\u0107i efekat,<br \/>\nostavljaju\u0107i ko\u017eu mekom i umirenom sa ne\u017enim ose\u0107ajem nakon upotrebe. Na\u010din upotrebe: Naneti<br \/>\nujutru i\/ili uve\u010de na \u010distu ko\u017eu lica, laganim kru\u017enim pokretima. Na\u010din upotrebe: Nekoliko kapi seruma<br \/>\nnaneti laganim pokretima ujutru i\/ili uve\u010de na prethodno o\u010di\u0161\u0107enu ko\u017eu lica, pre nano\u0161enja kreme za lice.<br \/>\nIzbegavati kontakt sa o\u010dima. Napomena: \u010cuvati na sobnoj temperaturi, van doma\u0161aja dece. Samo za<br \/>\nspolja\u0161nju upotrebu. AQUA, PANTHENOL, SQUALANE, SIMMONDSIA<br \/>\nCHINENSIS SEED OIL, TRICETEARETH-4 PHOSPHATE, C13-15 ALKANE, ISONONYL ISONONANOATE,<br \/>\nPENTYLENE GLYCOL, CAPRYLYL METHICONE, BEHENETH-25, PHENOXYETHANOL, GLYCERIN, CENTELLA<br \/>\nASIATICA EXTRACT, MADECASSIC ACID, ASIATICOSIDE, TOCOPHEROL, XANTHAN GUM, ASIATIC ACID,<br \/>\nETHYLHEXYLGLYCERIN, GLYCINE SOJA OIL, DISODIUM EDTA, PARFUM                                                                                                         PANTENOL B5 CICA GEL ZA UMIVANJE LICA Blaga formulacija za umivanje lica sa CICA (Centella<br \/>\nAsiatica) ekstraktom i pantenolom efikasno \u010disti osetljivu ko\u017eu lica sklonu crvenilu i iritacijama.<br \/>\nUmiruju\u0107e dejstvo biljke Centella Asiatica doprinosi ujedna\u010davanju tena i smanjenju crvenila, dok<br \/>\ndodatak glicerina hidrira ko\u017eu, i pru\u017ea joj ose\u0107aj glatko\u0107e, smanjuju\u0107i neprijatan ose\u0107aj zatezanja nakon<br \/>\n\u010di\u0161\u0107enja. Pogodan za svakodnevno \u010di\u0161\u0107enje osetljive, suve i iritirane ko\u017ee. Na\u010din upotrebe: Malu koli\u010dinu<br \/>\ngela nanesite na mokro lice i utrljajte laganim kru\u017enim pokretima. Isperite vodom. Napomena: \u010cuvati na<br \/>\nsobnoj temperaturi, van doma\u0161aja dece. Samo za spolja\u0161nju upotrebu. AQUA, GLYCERIN, COCO-GLUCOSIDE, PEG-6<br \/>\nCAPRYLIC\/CAPRIC GLYCERIDES, PANTHENOL, ACRYLATES\/C10-30 ALKYL ACRYLATE CROSSPOLYMER,<br \/>\nCOCAMIDOPROPYL BETAINE, DISODIUM COCOAMPHODIACETATE, PHENOXYETHANOL, CENTELLA<br \/>\nASIATICA EXTRACT, POLYSORBATE 20, ETHYLHEXYLGLYCERIN, SODIUM HYDROXIDE, SODIUM CHLORIDE,<br \/>\nLACTIC ACID, DISODIUM EDTA, PARFUM                                                                                                                                                                                  PANTENOL B5 CICA TONIK ZA LICE Tonik za lice sa CICA kompleksom (Centella asiatica Extract,<br \/>\nAsiaticoside, Madecassic acid, Asiatic acid) i pantenolom, temeljno i ne\u017eno \u010disti iritiranu i osetljivu ko\u017ee<br \/>\nlica. Biljka Centella asiatica dokazano redukuje crvenilo, oporavlja i umiruje ko\u017eu i poma\u017ee kod ja\u010danja<br \/>\nnjene prirodne barijerne funkcije. Zahvaljuju\u0107i svojim blagim svojstvima, pogodan za svakodnevno<br \/>\n\u010di\u0161\u0107enje svih tipova ko\u017ee, ne iritira ko\u017eu lica i \u0161titi je od isu\u0161ivanja. Na\u010din upotrebe: Naneti tonik na<br \/>\npamu\u010dni tufer i blagim pokretima temeljno o\u010distiti predeo lica, vrata i dekoltea. Napomena: \u010cuvati na<br \/>\nsobnoj temperaturi, van doma\u0161aja dece. Samo za spolja\u0161nju upotrebu. AQUA, PENTYLENE GLYCOL, PEG-6<br \/>\nCAPRYLIC\/CAPRIC GLYCERIDES, GLYCERIN, PANTHENOL, PHENOXYETHANOL, POLYSORBATE 20, CENTELLA<br \/>\nASIATICA EXTRACT, MADECASSIC ACID, ASIATICOSIDE, ASIATIC ACID, ETHYLHEXYLGLYCERIN, DISODIUM<br \/>\nEDTA, PARFUM<\/p>\n","protected":false},"excerpt":{"rendered":"<p>PANTENOL B5 CICA KREMA ZA LICE Krema za lice sa visokokvalitetnim CICA kompleksom (Centella asiatica Extract, Asiaticoside, Madecassic acid, Asiatic acid) i pantenolom, pru\u017ea neophodnu negu i za\u0161titu iritiranoj, osetljivoj i ko\u017ei sklonoj nepravilnostima. Sadr\u017ei ekstrakt biljke Centella asiatica, koji dokazano redukuje crvenilo, umiruje ko\u017eu i poma\u017ee kod njenog oporavka, \u010dine\u0107i ko\u017eu lica blistavom i [&hellip;]<\/p>\n","protected":false},"featured_media":2860,"comment_status":"open","ping_status":"closed","template":"","meta":{"_acf_changed":false,"_seopress_robots_primary_cat":"","_seopress_titles_title":"","_seopress_titles_desc":"","_seopress_robots_index":""},"product_brand":[],"product_cat":[335,339,378,154,132,149,147,138,146,102,156,151,140],"product_tag":[],"class_list":{"0":"post-2867","1":"product","2":"type-product","3":"status-publish","4":"has-post-thumbnail","6":"product_cat-setovi","7":"product_cat-panthenol-b5-cica","8":"product_cat-ciscenje-lica","9":"product_cat-normalna-koza","10":"product_cat-nega-koze","11":"product_cat-tip-koze","12":"product_cat-obnavaljanje-i-revitalizacija","13":"product_cat-potrebe-koze","14":"product_cat-hidratacija","15":"product_cat-linije-proizvoda","16":"product_cat-osetljiva-koza","17":"product_cat-svi-tipovi-koze","18":"product_cat-protiv-iritacije","20":"first","21":"instock","22":"shipping-taxable","23":"purchasable","24":"product-type-simple"},"acf":[],"_links":{"self":[{"href":"https:\/\/vzklaboratory.com\/sr\/wp-json\/wp\/v2\/product\/2867","targetHints":{"allow":["GET"]}}],"collection":[{"href":"https:\/\/vzklaboratory.com\/sr\/wp-json\/wp\/v2\/product"}],"about":[{"href":"https:\/\/vzklaboratory.com\/sr\/wp-json\/wp\/v2\/types\/product"}],"replies":[{"embeddable":true,"href":"https:\/\/vzklaboratory.com\/sr\/wp-json\/wp\/v2\/comments?post=2867"}],"wp:featuredmedia":[{"embeddable":true,"href":"https:\/\/vzklaboratory.com\/sr\/wp-json\/wp\/v2\/media\/2860"}],"wp:attachment":[{"href":"https:\/\/vzklaboratory.com\/sr\/wp-json\/wp\/v2\/media?parent=2867"}],"wp:term":[{"taxonomy":"product_brand","embeddable":true,"href":"https:\/\/vzklaboratory.com\/sr\/wp-json\/wp\/v2\/product_brand?post=2867"},{"taxonomy":"product_cat","embeddable":true,"href":"https:\/\/vzklaboratory.com\/sr\/wp-json\/wp\/v2\/product_cat?post=2867"},{"taxonomy":"product_tag","embeddable":true,"href":"https:\/\/vzklaboratory.com\/sr\/wp-json\/wp\/v2\/product_tag?post=2867"}],"curies":[{"name":"wp","href":"https:\/\/api.w.org\/{rel}","templated":true}]}}