{"id":2850,"date":"2025-10-19T22:55:21","date_gmt":"2025-10-19T20:55:21","guid":{"rendered":"https:\/\/vzk.cubesdev.rs\/our-products\/uncategorized\/vzk-cica-pantenol-b5-nocna-maska-50ml\/"},"modified":"2025-10-19T22:55:28","modified_gmt":"2025-10-19T20:55:28","slug":"vzk-cica-pantenol-b5-nocna-maska-50ml","status":"publish","type":"product","link":"https:\/\/vzklaboratory.com\/sr\/na\u0161i-proizvodi\/linije-proizvoda\/panthenol-b5-cica\/vzk-cica-pantenol-b5-nocna-maska-50ml\/","title":{"rendered":"VZK CICA + PANTENOL B5 NO\u0106NA MASKA 50ML"},"content":{"rendered":"<p>Pa\u017eljivo formulisana no\u0107na maska, namenjena je intenzivnoj nezi lica tokom no\u0107i, kojoj pru\u017ea neophodnu hidrataciju i negu. Sadr\u017ei CICA kompleks (Centella asiatica extract, Asiaticoside, Madecassic acid, Asiatic acid), koji dokazano redukuje crvenilo, umiruje ko\u017eu i poma\u017ee kod njenog oporavka tokom no\u0107i, \u010dine\u0107i ko\u017eu lica blistavom i sjajnom. Ova hranljiva maska za lice poma\u017ee u obnovi i ja\u010danju prirodne barijere ko\u017ee, spre\u010dava gubitak vlage tokom no\u0107i i \u010dini je mekom i glatkom.<\/p>\n","protected":false},"excerpt":{"rendered":"<p>Pa\u017eljivo formulisana no\u0107na maska, namenjena je intenzivnoj nezi lica tokom no\u0107i, kojoj pru\u017ea neophodnu hidrataciju i negu. Sadr\u017ei CICA kompleks (Centella asiatica extract, Asiaticoside, Madecassic acid, Asiatic acid), koji dokazano redukuje crvenilo, umiruje ko\u017eu i poma\u017ee kod njenog oporavka tokom no\u0107i, \u010dine\u0107i ko\u017eu lica blistavom i sjajnom. Ova hranljiva maska za lice poma\u017ee u obnovi [&hellip;]<\/p>\n","protected":false},"featured_media":2843,"comment_status":"open","ping_status":"closed","template":"","meta":{"_acf_changed":false,"_seopress_robots_primary_cat":"","_seopress_titles_title":"","_seopress_titles_desc":"","_seopress_robots_index":""},"product_brand":[],"product_cat":[339,154,132,135,149,147,138,146,102,156,151,140],"product_tag":[],"class_list":{"0":"post-2850","1":"product","2":"type-product","3":"status-publish","4":"has-post-thumbnail","6":"product_cat-panthenol-b5-cica","7":"product_cat-normalna-koza","8":"product_cat-nega-koze","9":"product_cat-nega-lica","10":"product_cat-tip-koze","11":"product_cat-obnavaljanje-i-revitalizacija","12":"product_cat-potrebe-koze","13":"product_cat-hidratacija","14":"product_cat-linije-proizvoda","15":"product_cat-osetljiva-koza","16":"product_cat-svi-tipovi-koze","17":"product_cat-protiv-iritacije","19":"first","20":"instock","21":"shipping-taxable","22":"purchasable","23":"product-type-simple"},"acf":[],"_links":{"self":[{"href":"https:\/\/vzklaboratory.com\/sr\/wp-json\/wp\/v2\/product\/2850","targetHints":{"allow":["GET"]}}],"collection":[{"href":"https:\/\/vzklaboratory.com\/sr\/wp-json\/wp\/v2\/product"}],"about":[{"href":"https:\/\/vzklaboratory.com\/sr\/wp-json\/wp\/v2\/types\/product"}],"replies":[{"embeddable":true,"href":"https:\/\/vzklaboratory.com\/sr\/wp-json\/wp\/v2\/comments?post=2850"}],"wp:featuredmedia":[{"embeddable":true,"href":"https:\/\/vzklaboratory.com\/sr\/wp-json\/wp\/v2\/media\/2843"}],"wp:attachment":[{"href":"https:\/\/vzklaboratory.com\/sr\/wp-json\/wp\/v2\/media?parent=2850"}],"wp:term":[{"taxonomy":"product_brand","embeddable":true,"href":"https:\/\/vzklaboratory.com\/sr\/wp-json\/wp\/v2\/product_brand?post=2850"},{"taxonomy":"product_cat","embeddable":true,"href":"https:\/\/vzklaboratory.com\/sr\/wp-json\/wp\/v2\/product_cat?post=2850"},{"taxonomy":"product_tag","embeddable":true,"href":"https:\/\/vzklaboratory.com\/sr\/wp-json\/wp\/v2\/product_tag?post=2850"}],"curies":[{"name":"wp","href":"https:\/\/api.w.org\/{rel}","templated":true}]}}