{"id":2832,"date":"2025-10-19T22:55:15","date_gmt":"2025-10-19T20:55:15","guid":{"rendered":"https:\/\/vzk.cubesdev.rs\/our-products\/uncategorized\/vzk-cica-pantenol-b5-tonik-200ml\/"},"modified":"2025-10-19T22:55:19","modified_gmt":"2025-10-19T20:55:19","slug":"vzk-cica-pantenol-b5-tonik-200ml","status":"publish","type":"product","link":"https:\/\/vzklaboratory.com\/sr\/na\u0161i-proizvodi\/linije-proizvoda\/panthenol-b5-cica\/vzk-cica-pantenol-b5-tonik-200ml\/","title":{"rendered":"VZK CICA + PANTENOL B5 TONIK 200ML"},"content":{"rendered":"<p>Tonik za lice sa CICA kompleksom (Centella asiatica Extract, Asiaticoside, Madecassic acid, Asiatic acid) i pantenolom, temeljno i ne\u017eno \u010disti iritiranu i osetljivu ko\u017ee lica. Biljka Centella asiatica dokazano redukuje crvenilo, oporavlja i umiruje ko\u017eu i poma\u017ee kod ja\u010danja njene prirodne barijerne funkcije. Zahvaljuju\u0107i svojim blagim svojstvima, pogodan za svakodnevno \u010di\u0161\u0107enje svih tipova ko\u017ee, ne iritira ko\u017eu lica i \u0161titi je od isu\u0161ivanja.<\/p>\n","protected":false},"excerpt":{"rendered":"<p>Tonik za lice sa CICA kompleksom (Centella asiatica Extract, Asiaticoside, Madecassic acid, Asiatic acid) i pantenolom, temeljno i ne\u017eno \u010disti iritiranu i osetljivu ko\u017ee lica. Biljka Centella asiatica dokazano redukuje crvenilo, oporavlja i umiruje ko\u017eu i poma\u017ee kod ja\u010danja njene prirodne barijerne funkcije. Zahvaljuju\u0107i svojim blagim svojstvima, pogodan za svakodnevno \u010di\u0161\u0107enje svih tipova ko\u017ee, ne [&hellip;]<\/p>\n","protected":false},"featured_media":2831,"comment_status":"open","ping_status":"closed","template":"","meta":{"_acf_changed":false,"_seopress_robots_primary_cat":"","_seopress_titles_title":"","_seopress_titles_desc":"","_seopress_robots_index":""},"product_brand":[],"product_cat":[339,378,154,132,135,149,147,138,146,102,156,151,140],"product_tag":[],"class_list":{"0":"post-2832","1":"product","2":"type-product","3":"status-publish","4":"has-post-thumbnail","6":"product_cat-panthenol-b5-cica","7":"product_cat-ciscenje-lica","8":"product_cat-normalna-koza","9":"product_cat-nega-koze","10":"product_cat-nega-lica","11":"product_cat-tip-koze","12":"product_cat-obnavaljanje-i-revitalizacija","13":"product_cat-potrebe-koze","14":"product_cat-hidratacija","15":"product_cat-linije-proizvoda","16":"product_cat-osetljiva-koza","17":"product_cat-svi-tipovi-koze","18":"product_cat-protiv-iritacije","20":"first","21":"instock","22":"shipping-taxable","23":"purchasable","24":"product-type-simple"},"acf":[],"_links":{"self":[{"href":"https:\/\/vzklaboratory.com\/sr\/wp-json\/wp\/v2\/product\/2832","targetHints":{"allow":["GET"]}}],"collection":[{"href":"https:\/\/vzklaboratory.com\/sr\/wp-json\/wp\/v2\/product"}],"about":[{"href":"https:\/\/vzklaboratory.com\/sr\/wp-json\/wp\/v2\/types\/product"}],"replies":[{"embeddable":true,"href":"https:\/\/vzklaboratory.com\/sr\/wp-json\/wp\/v2\/comments?post=2832"}],"wp:featuredmedia":[{"embeddable":true,"href":"https:\/\/vzklaboratory.com\/sr\/wp-json\/wp\/v2\/media\/2831"}],"wp:attachment":[{"href":"https:\/\/vzklaboratory.com\/sr\/wp-json\/wp\/v2\/media?parent=2832"}],"wp:term":[{"taxonomy":"product_brand","embeddable":true,"href":"https:\/\/vzklaboratory.com\/sr\/wp-json\/wp\/v2\/product_brand?post=2832"},{"taxonomy":"product_cat","embeddable":true,"href":"https:\/\/vzklaboratory.com\/sr\/wp-json\/wp\/v2\/product_cat?post=2832"},{"taxonomy":"product_tag","embeddable":true,"href":"https:\/\/vzklaboratory.com\/sr\/wp-json\/wp\/v2\/product_tag?post=2832"}],"curies":[{"name":"wp","href":"https:\/\/api.w.org\/{rel}","templated":true}]}}