{"id":2802,"date":"2025-10-19T22:54:57","date_gmt":"2025-10-19T20:54:57","guid":{"rendered":"https:\/\/vzk.cubesdev.rs\/our-products\/uncategorized\/vzk-cica-pantenol-b5-krema-50ml\/"},"modified":"2025-10-19T22:55:04","modified_gmt":"2025-10-19T20:55:04","slug":"vzk-cica-pantenol-b5-krema-50ml","status":"publish","type":"product","link":"https:\/\/vzklaboratory.com\/sr\/na\u0161i-proizvodi\/linije-proizvoda\/panthenol-b5-cica\/vzk-cica-pantenol-b5-krema-50ml\/","title":{"rendered":"VZK CICA + PANTENOL B5 KREMA 50ML"},"content":{"rendered":"<p>Krema za lice sa visokokvalitetnim CICA kompleksom (Centella asiatica Extract, Asiaticoside, Madecassic acid, Asiatic acid) i pantenolom, pru\u017ea neophodnu negu i za\u0161titu iritiranoj, osetljivoj i ko\u017ei sklonoj nepravilnostima. Sadr\u017ei ekstrakt biljke Centella asiatica, koji dokazano redukuje crvenilo, umiruje ko\u017eu i poma\u017ee kod njenog oporavka, \u010dine\u0107i ko\u017eu lica blistavom i sjajnom.<\/p>\n","protected":false},"excerpt":{"rendered":"<p>Krema za lice sa visokokvalitetnim CICA kompleksom (Centella asiatica Extract, Asiaticoside, Madecassic acid, Asiatic acid) i pantenolom, pru\u017ea neophodnu negu i za\u0161titu iritiranoj, osetljivoj i ko\u017ei sklonoj nepravilnostima. Sadr\u017ei ekstrakt biljke Centella asiatica, koji dokazano redukuje crvenilo, umiruje ko\u017eu i poma\u017ee kod njenog oporavka, \u010dine\u0107i ko\u017eu lica blistavom i sjajnom.<\/p>\n","protected":false},"featured_media":2795,"comment_status":"open","ping_status":"closed","template":"","meta":{"_acf_changed":false,"_seopress_robots_primary_cat":"","_seopress_titles_title":"","_seopress_titles_desc":"","_seopress_robots_index":""},"product_brand":[],"product_cat":[339,132,135,154,149,138,147,102,146,156,151,140],"product_tag":[],"class_list":{"0":"post-2802","1":"product","2":"type-product","3":"status-publish","4":"has-post-thumbnail","6":"product_cat-panthenol-b5-cica","7":"product_cat-nega-koze","8":"product_cat-nega-lica","9":"product_cat-normalna-koza","10":"product_cat-tip-koze","11":"product_cat-potrebe-koze","12":"product_cat-obnavaljanje-i-revitalizacija","13":"product_cat-linije-proizvoda","14":"product_cat-hidratacija","15":"product_cat-osetljiva-koza","16":"product_cat-svi-tipovi-koze","17":"product_cat-protiv-iritacije","19":"first","20":"instock","21":"shipping-taxable","22":"purchasable","23":"product-type-simple"},"acf":[],"_links":{"self":[{"href":"https:\/\/vzklaboratory.com\/sr\/wp-json\/wp\/v2\/product\/2802","targetHints":{"allow":["GET"]}}],"collection":[{"href":"https:\/\/vzklaboratory.com\/sr\/wp-json\/wp\/v2\/product"}],"about":[{"href":"https:\/\/vzklaboratory.com\/sr\/wp-json\/wp\/v2\/types\/product"}],"replies":[{"embeddable":true,"href":"https:\/\/vzklaboratory.com\/sr\/wp-json\/wp\/v2\/comments?post=2802"}],"wp:featuredmedia":[{"embeddable":true,"href":"https:\/\/vzklaboratory.com\/sr\/wp-json\/wp\/v2\/media\/2795"}],"wp:attachment":[{"href":"https:\/\/vzklaboratory.com\/sr\/wp-json\/wp\/v2\/media?parent=2802"}],"wp:term":[{"taxonomy":"product_brand","embeddable":true,"href":"https:\/\/vzklaboratory.com\/sr\/wp-json\/wp\/v2\/product_brand?post=2802"},{"taxonomy":"product_cat","embeddable":true,"href":"https:\/\/vzklaboratory.com\/sr\/wp-json\/wp\/v2\/product_cat?post=2802"},{"taxonomy":"product_tag","embeddable":true,"href":"https:\/\/vzklaboratory.com\/sr\/wp-json\/wp\/v2\/product_tag?post=2802"}],"curies":[{"name":"wp","href":"https:\/\/api.w.org\/{rel}","templated":true}]}}