{"id":2784,"date":"2025-10-19T22:54:52","date_gmt":"2025-10-19T20:54:52","guid":{"rendered":"https:\/\/vzk.cubesdev.rs\/our-products\/uncategorized\/vzk-cica-pantenol-b5-gel-za-umivanje-200ml\/"},"modified":"2025-10-19T22:54:56","modified_gmt":"2025-10-19T20:54:56","slug":"vzk-cica-pantenol-b5-gel-za-umivanje-200ml","status":"publish","type":"product","link":"https:\/\/vzklaboratory.com\/sr\/na\u0161i-proizvodi\/linije-proizvoda\/panthenol-b5-cica\/vzk-cica-pantenol-b5-gel-za-umivanje-200ml\/","title":{"rendered":"VZK CICA + PANTENOL B5 GEL ZA UMIVANJE 200ML"},"content":{"rendered":"<p>Blaga formulacija za umivanje lica sa CICA (Centella Asiatica) ekstraktom i pantenolom efikasno \u010disti osetljivu ko\u017eu lica sklonu crvenilu i iritacijama. Umiruju\u0107e dejstvo biljke Centella Asiatica doprinosi ujedna\u010davanju tena i smanjenju crvenila, dok dodatak glicerina hidrira ko\u017eu, i pru\u017ea joj ose\u0107aj glatko\u0107e, smanjuju\u0107i neprijatan ose\u0107aj zatezanja nakon \u010di\u0161\u0107enja. Pogodan za svakodnevno \u010di\u0161\u0107enje osetljive, suve i iritirane ko\u017ee.<\/p>\n","protected":false},"excerpt":{"rendered":"<p>Blaga formulacija za umivanje lica sa CICA (Centella Asiatica) ekstraktom i pantenolom efikasno \u010disti osetljivu ko\u017eu lica sklonu crvenilu i iritacijama. Umiruju\u0107e dejstvo biljke Centella Asiatica doprinosi ujedna\u010davanju tena i smanjenju crvenila, dok dodatak glicerina hidrira ko\u017eu, i pru\u017ea joj ose\u0107aj glatko\u0107e, smanjuju\u0107i neprijatan ose\u0107aj zatezanja nakon \u010di\u0161\u0107enja. Pogodan za svakodnevno \u010di\u0161\u0107enje osetljive, suve i [&hellip;]<\/p>\n","protected":false},"featured_media":2783,"comment_status":"open","ping_status":"closed","template":"","meta":{"_acf_changed":false,"_seopress_robots_primary_cat":"","_seopress_titles_title":"","_seopress_titles_desc":"","_seopress_robots_index":""},"product_brand":[],"product_cat":[339,378,132,135,154,149,138,147,102,146,156,151,140],"product_tag":[],"class_list":{"0":"post-2784","1":"product","2":"type-product","3":"status-publish","4":"has-post-thumbnail","6":"product_cat-panthenol-b5-cica","7":"product_cat-ciscenje-lica","8":"product_cat-nega-koze","9":"product_cat-nega-lica","10":"product_cat-normalna-koza","11":"product_cat-tip-koze","12":"product_cat-potrebe-koze","13":"product_cat-obnavaljanje-i-revitalizacija","14":"product_cat-linije-proizvoda","15":"product_cat-hidratacija","16":"product_cat-osetljiva-koza","17":"product_cat-svi-tipovi-koze","18":"product_cat-protiv-iritacije","20":"first","21":"instock","22":"shipping-taxable","23":"purchasable","24":"product-type-simple"},"acf":[],"_links":{"self":[{"href":"https:\/\/vzklaboratory.com\/sr\/wp-json\/wp\/v2\/product\/2784","targetHints":{"allow":["GET"]}}],"collection":[{"href":"https:\/\/vzklaboratory.com\/sr\/wp-json\/wp\/v2\/product"}],"about":[{"href":"https:\/\/vzklaboratory.com\/sr\/wp-json\/wp\/v2\/types\/product"}],"replies":[{"embeddable":true,"href":"https:\/\/vzklaboratory.com\/sr\/wp-json\/wp\/v2\/comments?post=2784"}],"wp:featuredmedia":[{"embeddable":true,"href":"https:\/\/vzklaboratory.com\/sr\/wp-json\/wp\/v2\/media\/2783"}],"wp:attachment":[{"href":"https:\/\/vzklaboratory.com\/sr\/wp-json\/wp\/v2\/media?parent=2784"}],"wp:term":[{"taxonomy":"product_brand","embeddable":true,"href":"https:\/\/vzklaboratory.com\/sr\/wp-json\/wp\/v2\/product_brand?post=2784"},{"taxonomy":"product_cat","embeddable":true,"href":"https:\/\/vzklaboratory.com\/sr\/wp-json\/wp\/v2\/product_cat?post=2784"},{"taxonomy":"product_tag","embeddable":true,"href":"https:\/\/vzklaboratory.com\/sr\/wp-json\/wp\/v2\/product_tag?post=2784"}],"curies":[{"name":"wp","href":"https:\/\/api.w.org\/{rel}","templated":true}]}}