{"id":2728,"date":"2025-10-19T22:54:23","date_gmt":"2025-10-19T20:54:23","guid":{"rendered":"https:\/\/vzk.cubesdev.rs\/our-products\/uncategorized\/vzk-cc-light-krema-za-lice-30ml\/"},"modified":"2025-10-19T22:54:27","modified_gmt":"2025-10-19T20:54:27","slug":"vzk-cc-light-krema-za-lice-30ml","status":"publish","type":"product","link":"https:\/\/vzklaboratory.com\/sr\/na\u0161i-proizvodi\/linije-proizvoda\/cc-kreme\/vzk-cc-light-krema-za-lice-30ml\/","title":{"rendered":"VZK CC LIGHT KREMA ZA LICE 30ml"},"content":{"rendered":"<p>Savr\u0161en spoj tonirane kreme za lice i kreme za negu ko\u017ee. Sadr\u017ei korektivne pigmente i sastojke koji neguju i \u0161tite ko\u017eu od negativnih spolja\u0161njih uticaja. Lagane je teksture, ujedna\u010dava ten i \u010dini ga blistavim. Prikriva nedostatke kao \u0161to su fleke i znaci umora. Sadr\u017ei za\u0161titni faktor SPF 15, koji \u0161titi ko\u017eu od sunca i preranog starenja.<\/p>\n","protected":false},"excerpt":{"rendered":"<p>Savr\u0161en spoj tonirane kreme za lice i kreme za negu ko\u017ee. Sadr\u017ei korektivne pigmente i sastojke koji neguju i \u0161tite ko\u017eu od negativnih spolja\u0161njih uticaja. Lagane je teksture, ujedna\u010dava ten i \u010dini ga blistavim. Prikriva nedostatke kao \u0161to su fleke i znaci umora. Sadr\u017ei za\u0161titni faktor SPF 15, koji \u0161titi ko\u017eu od sunca i preranog [&hellip;]<\/p>\n","protected":false},"featured_media":2727,"comment_status":"open","ping_status":"closed","template":"","meta":{"_acf_changed":false,"_seopress_robots_primary_cat":"","_seopress_titles_title":"","_seopress_titles_desc":"","_seopress_robots_index":""},"product_brand":[],"product_cat":[338,392,154,132,148,149,138,102,137,145,151],"product_tag":[],"class_list":{"0":"post-2728","1":"product","2":"type-product","3":"status-publish","4":"has-post-thumbnail","6":"product_cat-cc-kreme","7":"product_cat-sun-care-program","8":"product_cat-normalna-koza","9":"product_cat-nega-koze","10":"product_cat-spf-zastita","11":"product_cat-tip-koze","12":"product_cat-potrebe-koze","13":"product_cat-linije-proizvoda","14":"product_cat-zastita-od-sunca","15":"product_cat-ujednacavanje-tena-i-teksture","16":"product_cat-svi-tipovi-koze","18":"first","19":"instock","20":"shipping-taxable","21":"purchasable","22":"product-type-simple"},"acf":[],"_links":{"self":[{"href":"https:\/\/vzklaboratory.com\/sr\/wp-json\/wp\/v2\/product\/2728","targetHints":{"allow":["GET"]}}],"collection":[{"href":"https:\/\/vzklaboratory.com\/sr\/wp-json\/wp\/v2\/product"}],"about":[{"href":"https:\/\/vzklaboratory.com\/sr\/wp-json\/wp\/v2\/types\/product"}],"replies":[{"embeddable":true,"href":"https:\/\/vzklaboratory.com\/sr\/wp-json\/wp\/v2\/comments?post=2728"}],"wp:featuredmedia":[{"embeddable":true,"href":"https:\/\/vzklaboratory.com\/sr\/wp-json\/wp\/v2\/media\/2727"}],"wp:attachment":[{"href":"https:\/\/vzklaboratory.com\/sr\/wp-json\/wp\/v2\/media?parent=2728"}],"wp:term":[{"taxonomy":"product_brand","embeddable":true,"href":"https:\/\/vzklaboratory.com\/sr\/wp-json\/wp\/v2\/product_brand?post=2728"},{"taxonomy":"product_cat","embeddable":true,"href":"https:\/\/vzklaboratory.com\/sr\/wp-json\/wp\/v2\/product_cat?post=2728"},{"taxonomy":"product_tag","embeddable":true,"href":"https:\/\/vzklaboratory.com\/sr\/wp-json\/wp\/v2\/product_tag?post=2728"}],"curies":[{"name":"wp","href":"https:\/\/api.w.org\/{rel}","templated":true}]}}