{"id":2718,"date":"2025-10-19T22:54:10","date_gmt":"2025-10-19T20:54:10","guid":{"rendered":"https:\/\/vzk.cubesdev.rs\/our-products\/uncategorized\/vzk-balzam-za-usne-10g\/"},"modified":"2025-10-19T22:54:22","modified_gmt":"2025-10-19T20:54:22","slug":"vzk-balzam-za-usne-10g","status":"publish","type":"product","link":"https:\/\/vzklaboratory.com\/sr\/na\u0161i-proizvodi\/linije-proizvoda\/basic-hydration\/vzk-balzam-za-usne-10g\/","title":{"rendered":"VZK BALZAM ZA USNE 10g"},"content":{"rendered":"<p>Balzam za usne na bazi kakao putera, bademovog ulja i vitamina E, neguje izuzetno suvu ko\u017eu usana. Po\u0161to ne sadr\u017ei vodu, smanjuje mogu\u0107nost naknadnog isu\u0161ivanja usana.<\/p>\n","protected":false},"excerpt":{"rendered":"<p>Balzam za usne na bazi kakao putera, bademovog ulja i vitamina E, neguje izuzetno suvu ko\u017eu usana. Po\u0161to ne sadr\u017ei vodu, smanjuje mogu\u0107nost naknadnog isu\u0161ivanja usana.<\/p>\n","protected":false},"featured_media":2711,"comment_status":"open","ping_status":"closed","template":"","meta":{"_acf_changed":false,"_seopress_robots_primary_cat":"","_seopress_titles_title":"","_seopress_titles_desc":"","_seopress_robots_index":""},"product_brand":[],"product_cat":[336,154,132,135,149,138,102,146,151,143],"product_tag":[],"class_list":{"0":"post-2718","1":"product","2":"type-product","3":"status-publish","4":"has-post-thumbnail","6":"product_cat-basic-hydration","7":"product_cat-normalna-koza","8":"product_cat-nega-koze","9":"product_cat-nega-lica","10":"product_cat-tip-koze","11":"product_cat-potrebe-koze","12":"product_cat-linije-proizvoda","13":"product_cat-hidratacija","14":"product_cat-svi-tipovi-koze","15":"product_cat-osnovna-nega","17":"first","18":"instock","19":"shipping-taxable","20":"purchasable","21":"product-type-simple"},"acf":[],"_links":{"self":[{"href":"https:\/\/vzklaboratory.com\/sr\/wp-json\/wp\/v2\/product\/2718","targetHints":{"allow":["GET"]}}],"collection":[{"href":"https:\/\/vzklaboratory.com\/sr\/wp-json\/wp\/v2\/product"}],"about":[{"href":"https:\/\/vzklaboratory.com\/sr\/wp-json\/wp\/v2\/types\/product"}],"replies":[{"embeddable":true,"href":"https:\/\/vzklaboratory.com\/sr\/wp-json\/wp\/v2\/comments?post=2718"}],"wp:featuredmedia":[{"embeddable":true,"href":"https:\/\/vzklaboratory.com\/sr\/wp-json\/wp\/v2\/media\/2711"}],"wp:attachment":[{"href":"https:\/\/vzklaboratory.com\/sr\/wp-json\/wp\/v2\/media?parent=2718"}],"wp:term":[{"taxonomy":"product_brand","embeddable":true,"href":"https:\/\/vzklaboratory.com\/sr\/wp-json\/wp\/v2\/product_brand?post=2718"},{"taxonomy":"product_cat","embeddable":true,"href":"https:\/\/vzklaboratory.com\/sr\/wp-json\/wp\/v2\/product_cat?post=2718"},{"taxonomy":"product_tag","embeddable":true,"href":"https:\/\/vzklaboratory.com\/sr\/wp-json\/wp\/v2\/product_tag?post=2718"}],"curies":[{"name":"wp","href":"https:\/\/api.w.org\/{rel}","templated":true}]}}