{"id":2695,"date":"2025-10-19T22:54:01","date_gmt":"2025-10-19T20:54:01","guid":{"rendered":"https:\/\/vzk.cubesdev.rs\/our-products\/uncategorized\/vzk-bademovo-ulje-40ml\/"},"modified":"2025-10-19T22:54:09","modified_gmt":"2025-10-19T20:54:09","slug":"vzk-bademovo-ulje-40ml","status":"publish","type":"product","link":"https:\/\/vzklaboratory.com\/sr\/na\u0161i-proizvodi\/nega-koze\/kucna-apoteka\/vzk-bademovo-ulje-40ml\/","title":{"rendered":"VZK BADEMOVO ULJE 40ml"},"content":{"rendered":"<p>Bademovo ulje se koristi za negu suve ko\u017ee i kose. Ono poma\u017ee oporavku kose, o\u0161te\u0107ene razli\u010ditim fizi\u010dkim i hemijskim uticajima, pri \u010demu kosi vra\u0107a meko\u0107u, sjaj i volumen. Takodje, bademovo ulje pobolj\u0161ava vla\u017enost ko\u017ee i odr\u017eava je mekom i glatkom, a dodatak vitamina E \u0161titi ko\u017eu i \u010dini je otpornijom na spolja\u0161nje uticaje.<\/p>\n","protected":false},"excerpt":{"rendered":"<p>Bademovo ulje se koristi za negu suve ko\u017ee i kose. Ono poma\u017ee oporavku kose, o\u0161te\u0107ene razli\u010ditim fizi\u010dkim i hemijskim uticajima, pri \u010demu kosi vra\u0107a meko\u0107u, sjaj i volumen. Takodje, bademovo ulje pobolj\u0161ava vla\u017enost ko\u017ee i odr\u017eava je mekom i glatkom, a dodatak vitamina E \u0161titi ko\u017eu i \u010dini je otpornijom na spolja\u0161nje uticaje.<\/p>\n","protected":false},"featured_media":2688,"comment_status":"open","ping_status":"closed","template":"","meta":{"_acf_changed":false,"_seopress_robots_primary_cat":"","_seopress_titles_title":"","_seopress_titles_desc":"","_seopress_robots_index":""},"product_brand":[],"product_cat":[334,132,149,138,102],"product_tag":[],"class_list":{"0":"post-2695","1":"product","2":"type-product","3":"status-publish","4":"has-post-thumbnail","6":"product_cat-kucna-apoteka","7":"product_cat-nega-koze","8":"product_cat-tip-koze","9":"product_cat-potrebe-koze","10":"product_cat-linije-proizvoda","12":"first","13":"instock","14":"shipping-taxable","15":"purchasable","16":"product-type-simple"},"acf":[],"_links":{"self":[{"href":"https:\/\/vzklaboratory.com\/sr\/wp-json\/wp\/v2\/product\/2695","targetHints":{"allow":["GET"]}}],"collection":[{"href":"https:\/\/vzklaboratory.com\/sr\/wp-json\/wp\/v2\/product"}],"about":[{"href":"https:\/\/vzklaboratory.com\/sr\/wp-json\/wp\/v2\/types\/product"}],"replies":[{"embeddable":true,"href":"https:\/\/vzklaboratory.com\/sr\/wp-json\/wp\/v2\/comments?post=2695"}],"wp:featuredmedia":[{"embeddable":true,"href":"https:\/\/vzklaboratory.com\/sr\/wp-json\/wp\/v2\/media\/2688"}],"wp:attachment":[{"href":"https:\/\/vzklaboratory.com\/sr\/wp-json\/wp\/v2\/media?parent=2695"}],"wp:term":[{"taxonomy":"product_brand","embeddable":true,"href":"https:\/\/vzklaboratory.com\/sr\/wp-json\/wp\/v2\/product_brand?post=2695"},{"taxonomy":"product_cat","embeddable":true,"href":"https:\/\/vzklaboratory.com\/sr\/wp-json\/wp\/v2\/product_cat?post=2695"},{"taxonomy":"product_tag","embeddable":true,"href":"https:\/\/vzklaboratory.com\/sr\/wp-json\/wp\/v2\/product_tag?post=2695"}],"curies":[{"name":"wp","href":"https:\/\/api.w.org\/{rel}","templated":true}]}}