{"id":2667,"date":"2025-10-19T22:53:52","date_gmt":"2025-10-19T20:53:52","guid":{"rendered":"https:\/\/vzk.cubesdev.rs\/our-products\/uncategorized\/vzk-baby-uljana-kupka-200ml\/"},"modified":"2025-10-19T22:53:55","modified_gmt":"2025-10-19T20:53:55","slug":"vzk-baby-uljana-kupka-200ml","status":"publish","type":"product","link":"https:\/\/vzklaboratory.com\/sr\/na\u0161i-proizvodi\/nega-koze\/nega-bebine-koze\/vzk-baby-uljana-kupka-200ml\/","title":{"rendered":"VZK BABY ULJANA KUPKA 200ML"},"content":{"rendered":"<p>Umiruju\u0107e ulje za kupanje i tu\u0161iranje vrlo ne\u017eno \u010disti bebinu ko\u017eu i spre\u010dava njeno preterano isu\u0161ivanje, \u010dine\u0107i je mekom i ne\u017enom na dodir. Blaga formulacija sadr\u017ei ulja poput bademovog, arganovog i avokado ulja koja ubla\u017eavanju tegobe suve ko\u017ee beba, smiruju iritacije, crvenilo i nelagodnosti na ko\u017ei, pru\u017eaju\u0107i joj adekvatnu za\u0161titu.<\/p>\n","protected":false},"excerpt":{"rendered":"<p>Umiruju\u0107e ulje za kupanje i tu\u0161iranje vrlo ne\u017eno \u010disti bebinu ko\u017eu i spre\u010dava njeno preterano isu\u0161ivanje, \u010dine\u0107i je mekom i ne\u017enom na dodir. Blaga formulacija sadr\u017ei ulja poput bademovog, arganovog i avokado ulja koja ubla\u017eavanju tegobe suve ko\u017ee beba, smiruju iritacije, crvenilo i nelagodnosti na ko\u017ei, pru\u017eaju\u0107i joj adekvatnu za\u0161titu.<\/p>\n","protected":false},"featured_media":2666,"comment_status":"open","ping_status":"closed","template":"","meta":{"_acf_changed":false,"_seopress_robots_primary_cat":"","_seopress_titles_title":"","_seopress_titles_desc":"","_seopress_robots_index":""},"product_brand":[],"product_cat":[132,149,133,138,102],"product_tag":[],"class_list":{"0":"post-2667","1":"product","2":"type-product","3":"status-publish","4":"has-post-thumbnail","6":"product_cat-nega-koze","7":"product_cat-tip-koze","8":"product_cat-nega-bebine-koze","9":"product_cat-potrebe-koze","10":"product_cat-linije-proizvoda","12":"first","13":"instock","14":"shipping-taxable","15":"purchasable","16":"product-type-simple"},"acf":[],"_links":{"self":[{"href":"https:\/\/vzklaboratory.com\/sr\/wp-json\/wp\/v2\/product\/2667","targetHints":{"allow":["GET"]}}],"collection":[{"href":"https:\/\/vzklaboratory.com\/sr\/wp-json\/wp\/v2\/product"}],"about":[{"href":"https:\/\/vzklaboratory.com\/sr\/wp-json\/wp\/v2\/types\/product"}],"replies":[{"embeddable":true,"href":"https:\/\/vzklaboratory.com\/sr\/wp-json\/wp\/v2\/comments?post=2667"}],"wp:featuredmedia":[{"embeddable":true,"href":"https:\/\/vzklaboratory.com\/sr\/wp-json\/wp\/v2\/media\/2666"}],"wp:attachment":[{"href":"https:\/\/vzklaboratory.com\/sr\/wp-json\/wp\/v2\/media?parent=2667"}],"wp:term":[{"taxonomy":"product_brand","embeddable":true,"href":"https:\/\/vzklaboratory.com\/sr\/wp-json\/wp\/v2\/product_brand?post=2667"},{"taxonomy":"product_cat","embeddable":true,"href":"https:\/\/vzklaboratory.com\/sr\/wp-json\/wp\/v2\/product_cat?post=2667"},{"taxonomy":"product_tag","embeddable":true,"href":"https:\/\/vzklaboratory.com\/sr\/wp-json\/wp\/v2\/product_tag?post=2667"}],"curies":[{"name":"wp","href":"https:\/\/api.w.org\/{rel}","templated":true}]}}