{"id":2656,"date":"2025-10-19T22:53:47","date_gmt":"2025-10-19T20:53:47","guid":{"rendered":"https:\/\/vzk.cubesdev.rs\/our-products\/uncategorized\/vzk-baby-sampon-protiv-temenjace-200ml\/"},"modified":"2025-10-19T22:53:51","modified_gmt":"2025-10-19T20:53:51","slug":"vzk-baby-sampon-protiv-temenjace-200ml","status":"publish","type":"product","link":"https:\/\/vzklaboratory.com\/sr\/na\u0161i-proizvodi\/nega-koze\/nega-bebine-koze\/vzk-baby-sampon-protiv-temenjace-200ml\/","title":{"rendered":"VZK BABY \u0160AMPON PROTIV TEMENJA\u010cE 200ML"},"content":{"rendered":"<p>Blaga formulacija \u0161ampona za tretman i prevenciju temenja\u010de kod novorodjen\u010dadi i beba, pogodna za kori\u0161\u0107enje od prvog dana. Omek\u0161ava i uklanja ljuspice koje nastaju usled temenja\u010de i spre\u010dava njihovo ponovno pojavljivanje. Sadr\u017ei pantenol, glicerin i aloe veru koji neguju ne\u017enu bebinu ko\u017eu spre\u010davaju\u0107i njeno preterano isu\u0161ivanje.<\/p>\n","protected":false},"excerpt":{"rendered":"<p>Blaga formulacija \u0161ampona za tretman i prevenciju temenja\u010de kod novorodjen\u010dadi i beba, pogodna za kori\u0161\u0107enje od prvog dana. Omek\u0161ava i uklanja ljuspice koje nastaju usled temenja\u010de i spre\u010dava njihovo ponovno pojavljivanje. Sadr\u017ei pantenol, glicerin i aloe veru koji neguju ne\u017enu bebinu ko\u017eu spre\u010davaju\u0107i njeno preterano isu\u0161ivanje.<\/p>\n","protected":false},"featured_media":2655,"comment_status":"open","ping_status":"closed","template":"","meta":{"_acf_changed":false,"_seopress_robots_primary_cat":"","_seopress_titles_title":"","_seopress_titles_desc":"","_seopress_robots_index":""},"product_brand":[],"product_cat":[132,149,133,138,102],"product_tag":[],"class_list":{"0":"post-2656","1":"product","2":"type-product","3":"status-publish","4":"has-post-thumbnail","6":"product_cat-nega-koze","7":"product_cat-tip-koze","8":"product_cat-nega-bebine-koze","9":"product_cat-potrebe-koze","10":"product_cat-linije-proizvoda","12":"first","13":"instock","14":"shipping-taxable","15":"purchasable","16":"product-type-simple"},"acf":[],"_links":{"self":[{"href":"https:\/\/vzklaboratory.com\/sr\/wp-json\/wp\/v2\/product\/2656","targetHints":{"allow":["GET"]}}],"collection":[{"href":"https:\/\/vzklaboratory.com\/sr\/wp-json\/wp\/v2\/product"}],"about":[{"href":"https:\/\/vzklaboratory.com\/sr\/wp-json\/wp\/v2\/types\/product"}],"replies":[{"embeddable":true,"href":"https:\/\/vzklaboratory.com\/sr\/wp-json\/wp\/v2\/comments?post=2656"}],"wp:featuredmedia":[{"embeddable":true,"href":"https:\/\/vzklaboratory.com\/sr\/wp-json\/wp\/v2\/media\/2655"}],"wp:attachment":[{"href":"https:\/\/vzklaboratory.com\/sr\/wp-json\/wp\/v2\/media?parent=2656"}],"wp:term":[{"taxonomy":"product_brand","embeddable":true,"href":"https:\/\/vzklaboratory.com\/sr\/wp-json\/wp\/v2\/product_brand?post=2656"},{"taxonomy":"product_cat","embeddable":true,"href":"https:\/\/vzklaboratory.com\/sr\/wp-json\/wp\/v2\/product_cat?post=2656"},{"taxonomy":"product_tag","embeddable":true,"href":"https:\/\/vzklaboratory.com\/sr\/wp-json\/wp\/v2\/product_tag?post=2656"}],"curies":[{"name":"wp","href":"https:\/\/api.w.org\/{rel}","templated":true}]}}