{"id":2645,"date":"2025-10-19T22:53:41","date_gmt":"2025-10-19T20:53:41","guid":{"rendered":"https:\/\/vzk.cubesdev.rs\/our-products\/uncategorized\/vzk-baby-losion-za-telo-150ml\/"},"modified":"2025-10-19T22:53:46","modified_gmt":"2025-10-19T20:53:46","slug":"vzk-baby-losion-za-telo-150ml","status":"publish","type":"product","link":"https:\/\/vzklaboratory.com\/sr\/na\u0161i-proizvodi\/nega-koze\/nega-bebine-koze\/vzk-baby-losion-za-telo-150ml\/","title":{"rendered":"VZK BABY LOSION ZA TELO 150ML"},"content":{"rendered":"<p>Losion za bebe sadr\u017ei ulja i ekstrakte biljaka koji dokazano ubla\u017eavaju iritacije i crvenilo, umiruju osetljivu bebinu ko\u017eu i olak\u0161avaju nelagodnost, pru\u017eaju\u0107i joj svu potrebnu negu od prvog dana. Ulje avokada, \u0161i buter, glicerin i pantenol pozitivno deluju na bebinu ko\u017eu, omek\u0161avaju je i \u0161tite. Brzo se upija, \u010dini bebinu ko\u017eu mekom i glatkom i pru\u017ea joj hidrataciju.<\/p>\n","protected":false},"excerpt":{"rendered":"<p>Losion za bebe sadr\u017ei ulja i ekstrakte biljaka koji dokazano ubla\u017eavaju iritacije i crvenilo, umiruju osetljivu bebinu ko\u017eu i olak\u0161avaju nelagodnost, pru\u017eaju\u0107i joj svu potrebnu negu od prvog dana. Ulje avokada, \u0161i buter, glicerin i pantenol pozitivno deluju na bebinu ko\u017eu, omek\u0161avaju je i \u0161tite. Brzo se upija, \u010dini bebinu ko\u017eu mekom i glatkom i [&hellip;]<\/p>\n","protected":false},"featured_media":2644,"comment_status":"open","ping_status":"closed","template":"","meta":{"_acf_changed":false,"_seopress_robots_primary_cat":"","_seopress_titles_title":"","_seopress_titles_desc":"","_seopress_robots_index":""},"product_brand":[],"product_cat":[132,149,133,138,102],"product_tag":[],"class_list":{"0":"post-2645","1":"product","2":"type-product","3":"status-publish","4":"has-post-thumbnail","6":"product_cat-nega-koze","7":"product_cat-tip-koze","8":"product_cat-nega-bebine-koze","9":"product_cat-potrebe-koze","10":"product_cat-linije-proizvoda","12":"first","13":"instock","14":"shipping-taxable","15":"purchasable","16":"product-type-simple"},"acf":[],"_links":{"self":[{"href":"https:\/\/vzklaboratory.com\/sr\/wp-json\/wp\/v2\/product\/2645","targetHints":{"allow":["GET"]}}],"collection":[{"href":"https:\/\/vzklaboratory.com\/sr\/wp-json\/wp\/v2\/product"}],"about":[{"href":"https:\/\/vzklaboratory.com\/sr\/wp-json\/wp\/v2\/types\/product"}],"replies":[{"embeddable":true,"href":"https:\/\/vzklaboratory.com\/sr\/wp-json\/wp\/v2\/comments?post=2645"}],"wp:featuredmedia":[{"embeddable":true,"href":"https:\/\/vzklaboratory.com\/sr\/wp-json\/wp\/v2\/media\/2644"}],"wp:attachment":[{"href":"https:\/\/vzklaboratory.com\/sr\/wp-json\/wp\/v2\/media?parent=2645"}],"wp:term":[{"taxonomy":"product_brand","embeddable":true,"href":"https:\/\/vzklaboratory.com\/sr\/wp-json\/wp\/v2\/product_brand?post=2645"},{"taxonomy":"product_cat","embeddable":true,"href":"https:\/\/vzklaboratory.com\/sr\/wp-json\/wp\/v2\/product_cat?post=2645"},{"taxonomy":"product_tag","embeddable":true,"href":"https:\/\/vzklaboratory.com\/sr\/wp-json\/wp\/v2\/product_tag?post=2645"}],"curies":[{"name":"wp","href":"https:\/\/api.w.org\/{rel}","templated":true}]}}