{"id":2623,"date":"2025-10-19T22:53:31","date_gmt":"2025-10-19T20:53:31","guid":{"rendered":"https:\/\/vzk.cubesdev.rs\/our-products\/uncategorized\/vzk-baby-2u1-sampon-i-kupka-400ml\/"},"modified":"2025-10-19T22:53:35","modified_gmt":"2025-10-19T20:53:35","slug":"vzk-baby-2u1-sampon-i-kupka-400ml","status":"publish","type":"product","link":"https:\/\/vzklaboratory.com\/sr\/na\u0161i-proizvodi\/nega-koze\/nega-bebine-koze\/vzk-baby-2u1-sampon-i-kupka-400ml\/","title":{"rendered":"VZK BABY 2U1 \u0160AMPON I KUPKA 400ML"},"content":{"rendered":"<p>Blaga formulacija pogodna za kupanje, pranje kose i ko\u017ee bebine glave, od prvog dana. Sadr\u017ei pantenol, ekstrakt hamamelisa i alantoin koji neguju i \u0161tite bebinu ko\u017eu i gliceril oleat koji smiruje iritacije i crvenilo.<\/p>\n","protected":false},"excerpt":{"rendered":"<p>Blaga formulacija pogodna za kupanje, pranje kose i ko\u017ee bebine glave, od prvog dana. Sadr\u017ei pantenol, ekstrakt hamamelisa i alantoin koji neguju i \u0161tite bebinu ko\u017eu i gliceril oleat koji smiruje iritacije i crvenilo.<\/p>\n","protected":false},"featured_media":2622,"comment_status":"open","ping_status":"closed","template":"","meta":{"_acf_changed":false,"_seopress_robots_primary_cat":"","_seopress_titles_title":"","_seopress_titles_desc":"","_seopress_robots_index":""},"product_brand":[],"product_cat":[132,149,133,138,102],"product_tag":[],"class_list":{"0":"post-2623","1":"product","2":"type-product","3":"status-publish","4":"has-post-thumbnail","6":"product_cat-nega-koze","7":"product_cat-tip-koze","8":"product_cat-nega-bebine-koze","9":"product_cat-potrebe-koze","10":"product_cat-linije-proizvoda","12":"first","13":"instock","14":"shipping-taxable","15":"purchasable","16":"product-type-simple"},"acf":[],"_links":{"self":[{"href":"https:\/\/vzklaboratory.com\/sr\/wp-json\/wp\/v2\/product\/2623","targetHints":{"allow":["GET"]}}],"collection":[{"href":"https:\/\/vzklaboratory.com\/sr\/wp-json\/wp\/v2\/product"}],"about":[{"href":"https:\/\/vzklaboratory.com\/sr\/wp-json\/wp\/v2\/types\/product"}],"replies":[{"embeddable":true,"href":"https:\/\/vzklaboratory.com\/sr\/wp-json\/wp\/v2\/comments?post=2623"}],"wp:featuredmedia":[{"embeddable":true,"href":"https:\/\/vzklaboratory.com\/sr\/wp-json\/wp\/v2\/media\/2622"}],"wp:attachment":[{"href":"https:\/\/vzklaboratory.com\/sr\/wp-json\/wp\/v2\/media?parent=2623"}],"wp:term":[{"taxonomy":"product_brand","embeddable":true,"href":"https:\/\/vzklaboratory.com\/sr\/wp-json\/wp\/v2\/product_brand?post=2623"},{"taxonomy":"product_cat","embeddable":true,"href":"https:\/\/vzklaboratory.com\/sr\/wp-json\/wp\/v2\/product_cat?post=2623"},{"taxonomy":"product_tag","embeddable":true,"href":"https:\/\/vzklaboratory.com\/sr\/wp-json\/wp\/v2\/product_tag?post=2623"}],"curies":[{"name":"wp","href":"https:\/\/api.w.org\/{rel}","templated":true}]}}