{"id":2604,"date":"2025-10-19T22:50:59","date_gmt":"2025-10-19T20:50:59","guid":{"rendered":"https:\/\/vzk.cubesdev.rs\/our-products\/uncategorized\/vzk-antiperspirantnakrema-50ml\/"},"modified":"2026-02-12T00:04:09","modified_gmt":"2026-02-11T23:04:09","slug":"vzk-antiperspirantnakrema-50ml","status":"publish","type":"product","link":"https:\/\/vzklaboratory.com\/sr\/na\u0161i-proizvodi\/linije-proizvoda\/basic-hydration\/vzk-antiperspirantnakrema-50ml\/","title":{"rendered":"VZK ANTIPERSPIRANTNA KREMA 50ML"},"content":{"rendered":"<p>Antiperspirantna krema pru\u017ea 24-\u010dasovnu za\u0161titu od znojenja i neprijatnog mirisa. Visokoefikasna formulacija koja se brzo upija i su\u0161i, ne ostavljaju\u0107i lepljiv i vla\u017ean trag. Mo\u017ee se koristiti svakodnevno, a posebno je pogodna za sportiste.<\/p>\n","protected":false},"excerpt":{"rendered":"<p>Antiperspirantna krema pru\u017ea 24-\u010dasovnu za\u0161titu od znojenja i neprijatnog mirisa. Visokoefikasna formulacija koja se brzo upija i su\u0161i, ne ostavljaju\u0107i lepljiv i vla\u017ean trag. Mo\u017ee se koristiti svakodnevno, a posebno je pogodna za sportiste.<\/p>\n","protected":false},"featured_media":6919,"comment_status":"open","ping_status":"closed","template":"","meta":{"_acf_changed":false,"_seopress_robots_primary_cat":"none","_seopress_titles_title":"","_seopress_titles_desc":"","_seopress_robots_index":""},"product_brand":[],"product_cat":[336,132,134,149,138,102,143],"product_tag":[],"class_list":{"0":"post-2604","1":"product","2":"type-product","3":"status-publish","4":"has-post-thumbnail","6":"product_cat-basic-hydration","7":"product_cat-nega-koze","8":"product_cat-nega-tela","9":"product_cat-tip-koze","10":"product_cat-potrebe-koze","11":"product_cat-linije-proizvoda","12":"product_cat-osnovna-nega","14":"first","15":"instock","16":"shipping-taxable","17":"purchasable","18":"product-type-simple"},"acf":[],"_links":{"self":[{"href":"https:\/\/vzklaboratory.com\/sr\/wp-json\/wp\/v2\/product\/2604","targetHints":{"allow":["GET"]}}],"collection":[{"href":"https:\/\/vzklaboratory.com\/sr\/wp-json\/wp\/v2\/product"}],"about":[{"href":"https:\/\/vzklaboratory.com\/sr\/wp-json\/wp\/v2\/types\/product"}],"replies":[{"embeddable":true,"href":"https:\/\/vzklaboratory.com\/sr\/wp-json\/wp\/v2\/comments?post=2604"}],"wp:featuredmedia":[{"embeddable":true,"href":"https:\/\/vzklaboratory.com\/sr\/wp-json\/wp\/v2\/media\/6919"}],"wp:attachment":[{"href":"https:\/\/vzklaboratory.com\/sr\/wp-json\/wp\/v2\/media?parent=2604"}],"wp:term":[{"taxonomy":"product_brand","embeddable":true,"href":"https:\/\/vzklaboratory.com\/sr\/wp-json\/wp\/v2\/product_brand?post=2604"},{"taxonomy":"product_cat","embeddable":true,"href":"https:\/\/vzklaboratory.com\/sr\/wp-json\/wp\/v2\/product_cat?post=2604"},{"taxonomy":"product_tag","embeddable":true,"href":"https:\/\/vzklaboratory.com\/sr\/wp-json\/wp\/v2\/product_tag?post=2604"}],"curies":[{"name":"wp","href":"https:\/\/api.w.org\/{rel}","templated":true}]}}