{"id":2586,"date":"2025-10-19T22:49:38","date_gmt":"2025-10-19T20:49:38","guid":{"rendered":"https:\/\/vzk.cubesdev.rs\/our-products\/uncategorized\/vzk-acne-control-cream15ml-2\/"},"modified":"2025-10-19T22:49:38","modified_gmt":"2025-10-19T20:49:38","slug":"vzk-acne-control-cream15ml-2","status":"publish","type":"product","link":"https:\/\/vzklaboratory.com\/sr\/na\u0161i-proizvodi\/nega-koze\/nega-lica\/vzk-acne-control-cream15ml-2\/","title":{"rendered":"VZK ACNE CONTROL CREAM15ML"},"content":{"rendered":"<p>Krema na bazi vo\u0107nih kiselina i odabranih supstanci prirodnog porekla, specijalno formulisana za problemati\u010dnu ko\u017eu. Svakodnevnom upotrebom umiruje ko\u017eu i smanjuje nepravilnosti.<\/p>\n","protected":false},"excerpt":{"rendered":"<p>Krema na bazi vo\u0107nih kiselina i odabranih supstanci prirodnog porekla, specijalno formulisana za problemati\u010dnu ko\u017eu. Svakodnevnom upotrebom umiruje ko\u017eu i smanjuje nepravilnosti.<\/p>\n","protected":false},"featured_media":2454,"comment_status":"open","ping_status":"closed","template":"","meta":{"_acf_changed":false,"_seopress_robots_primary_cat":"","_seopress_titles_title":"","_seopress_titles_desc":"","_seopress_robots_index":""},"product_brand":[],"product_cat":[132,135,104,149,150,138,102,139],"product_tag":[],"class_list":{"0":"post-2586","1":"product","2":"type-product","3":"status-publish","4":"has-post-thumbnail","6":"product_cat-nega-koze","7":"product_cat-nega-lica","8":"product_cat-vzk-problematic-skin","9":"product_cat-tip-koze","10":"product_cat-koza-sklona-aknama","11":"product_cat-potrebe-koze","12":"product_cat-linije-proizvoda","13":"product_cat-kontrola-akni","15":"first","16":"instock","17":"shipping-taxable","18":"purchasable","19":"product-type-simple"},"acf":[],"_links":{"self":[{"href":"https:\/\/vzklaboratory.com\/sr\/wp-json\/wp\/v2\/product\/2586","targetHints":{"allow":["GET"]}}],"collection":[{"href":"https:\/\/vzklaboratory.com\/sr\/wp-json\/wp\/v2\/product"}],"about":[{"href":"https:\/\/vzklaboratory.com\/sr\/wp-json\/wp\/v2\/types\/product"}],"replies":[{"embeddable":true,"href":"https:\/\/vzklaboratory.com\/sr\/wp-json\/wp\/v2\/comments?post=2586"}],"wp:featuredmedia":[{"embeddable":true,"href":"https:\/\/vzklaboratory.com\/sr\/wp-json\/wp\/v2\/media\/2454"}],"wp:attachment":[{"href":"https:\/\/vzklaboratory.com\/sr\/wp-json\/wp\/v2\/media?parent=2586"}],"wp:term":[{"taxonomy":"product_brand","embeddable":true,"href":"https:\/\/vzklaboratory.com\/sr\/wp-json\/wp\/v2\/product_brand?post=2586"},{"taxonomy":"product_cat","embeddable":true,"href":"https:\/\/vzklaboratory.com\/sr\/wp-json\/wp\/v2\/product_cat?post=2586"},{"taxonomy":"product_tag","embeddable":true,"href":"https:\/\/vzklaboratory.com\/sr\/wp-json\/wp\/v2\/product_tag?post=2586"}],"curies":[{"name":"wp","href":"https:\/\/api.w.org\/{rel}","templated":true}]}}