{"id":931,"date":"2022-07-05T13:52:17","date_gmt":"2022-07-05T11:52:17","guid":{"rendered":"http:\/\/vzk.cubesdev.rs\/politika-privatnosti\/"},"modified":"2025-10-15T18:19:01","modified_gmt":"2025-10-15T16:19:01","slug":"politika-privatnosti","status":"publish","type":"page","link":"https:\/\/vzklaboratory.com\/sr\/politika-privatnosti\/","title":{"rendered":"Politika privatnosti"},"content":{"rendered":"<p>Hvala vam na poseti na\u0161em sajtu. Va\u0161a privatnost nam je va\u017ena i \u017eelimo da znate kako prikupljamo, koristimo i \u0161titimo va\u0161e li\u010dne podatke. Ova politika privatnosti odnosi se na kori\u0161\u0107enje sajta <a href=\"https:\/\/www.vzklaboratory.com\">https:\/\/www.vzklaboratory.com<\/a> i ure\u0111ena je u skladu sa u skladu sa Zakonom o za\u0161titi podataka o li\u010dnosti, Op\u0161tom uredbom o za\u0161titi podataka o li\u010dnosti (GDPR) i drugim propisima koji ure\u0111uju oblast za\u0161tite podataka o li\u010dnosti.<\/p>\n<h2>1 Rukovalac podacima o li\u010dnosti<\/h2>\n<p>VZK DOO BEOGRAD (VZK Laboratory), Oslobo\u0111enja 1, 11090 Beograd, Srbija; mati\u010dni broj:17064100, PIB:100169463, (u daljem tekstu VZK DOO\/rukovalac) kao Rukovalac podacima o li\u010dnosti, odre\u0111uje svrhu i na\u010din obrade podataka o li\u010dnosti i snosi odgovornost za \u010duvanje i kori\u0161\u0107enje podataka o li\u010dnosti u pisanoj i\/ili elektronskoj formi.<\/p>\n<h2>2 Lice za za\u0161titu podataka o li\u010dnosti (DPO-Data Protection Officer)<\/h2>\n<p>VZK DOO u skladu sa relevantnim propisima iz oblasti za\u0161tite podataka o li\u010dnosti imenovao Lice za za\u0161titu podataka o li\u010dnosti (DPO). Ovom licu se mo\u017eete obratiti vezano za sva pitanja koja se ti\u010du obrade podataka o li\u010dnosti koju vr\u0161i VZK DOO, kao i u pogledu ostvarivanja prava na za\u0161titu podataka o li\u010dnosti.<\/p>\n<p>Lice za za\u0161titu podataka o li\u010dnosti: Milada Vukojevi\u0107 \u0110eri\u0107<\/p>\n<p>Kontakt podaci: <a href=\"mailto:milada.djeric@vzklaboratory.com\">milada.djeric@vzklaboratory.com<\/a>, telefon: <a href=\"tel:064 89 56 316\">064 89 56 316<\/a><\/p>\n<h3>Koje podatke prikupljamo<\/h3>\n<p>Prilikom va\u0161e posete sajtu mo\u017eemo automatski prikupljati odre\u0111ene informacije, uklju\u010duju\u0107i:<\/p>\n<ul>\n<li>IP adresu;<\/li>\n<li>Tip ure\u0111aja i pretra\u017eiva\u010da;<\/li>\n<li>Datum i vreme posete;<\/li>\n<li>Stranice koje pose\u0107ujete;<\/li>\n<li>Informacije dobijene putem kola\u010di\u0107a;<\/li>\n<\/ul>\n<p>Ove podatke prikupljamo isklju\u010divo u svrhu analize saobra\u0107aja i pobolj\u0161anja korisni\u010dkog iskustva, uz pomo\u0107 alata Google Analytics.<\/p>\n<p>Na\u0161 sajt koristi Google Analytics, servis za analizu internet saobra\u0107aja koji pru\u017ea kompanija Google Inc. Google Analytics koristi kola\u010di\u0107e (cookies) kako bi analizirao na\u010din na koji korisnici koriste sajt. Informacije koje se prikupljaju uklju\u010duju IP adresu, ali je ona anonimizovana pre nego \u0161to se \u0161alje na Google servere (skra\u0107ivanje IP adrese).<\/p>\n<p>Vi\u0161e informacija o tome kako Google koristi podatke mo\u017eete prona\u0107i ovde:<br \/>\n<a href=\"https:\/\/support.google.com\/analytics\/answer\/4597324?hl=en\">https:\/\/support.google.com\/analytics\/answer\/4597324?hl=en<\/a><\/p>\n<h2>3 Pravna osnova za obradu podataka<\/h2>\n<p>Obradu podataka vr\u0161imo na osnovu:<\/p>\n<ul>\n<li>Legitimnog interesa (\u010dlan 12, stav 1, ta\u010dka 6 Zakona o za\u0161titi podataka o li\u010dnosti): za osnovnu analitiku i sigurnost sajta.<\/li>\n<li>Saglasnosti (\u010dlan 12, stav 1, ta\u010dka 1 Zakona o za\u0161titi podataka o li\u010dnosti), kada je u pitanju kori\u0161\u0107enje kola\u010di\u0107a koji nisu neophodni. (Za vi\u0161e informacija videti ta\u010dku \u201ePolitika kola\u010di\u0107a\u201c).<\/li>\n<\/ul>\n<h2>4 Kola\u010di\u0107i (Cookies)<\/h2>\n<p>Kola\u010di\u0107i su male tekstualne datoteke koje se \u010duvaju na va\u0161em ure\u0111aju kada posetite na\u0161 sajt. Na na\u0161em sajtu koristimo slede\u0107e vrste kola\u010di\u0107a:<\/p>\n<ul>\n<li>Neophodni kola\u010di\u0107i \u2013 neophodni za osnovno funkcionisanje sajta.<\/li>\n<li>Analiti\u010dki kola\u010di\u0107i \u2013 prikupljaju informacije o tome kako posetioci koriste sajt (Google Analytics).<\/li>\n<\/ul>\n<p>Prilikom prve posete sajtu, bi\u0107ete upitani da date ili odbijete saglasnost za kori\u0161\u0107enje analiti\u010dkih kola\u010di\u0107a.<\/p>\n<p>Vi\u0161e o tome pro\u010ditajte u na\u0161oj Politici kola\u010di\u0107a.<\/p>\n<h3>4.1 Politika kola\u010di\u0107a<\/h3>\n<h4>4.1.1 \u0160ta su kola\u010di\u0107i ?<\/h4>\n<p>Kola\u010di\u0107i (cookies) su male tekstualne datoteke koje se \u010duvaju na va\u0161em ure\u0111aju kada posetite na\u0161 sajt. Omogu\u0107avaju sajtu da zapamti va\u0161e akcije i pode\u0161avanja (kao \u0161to su npr. jezik ili veli\u010dina fonta) tokom odre\u0111enog vremena, tako da ih ne morate ponovo unositi svaki put kada se vratite na sajt ili prelazite sa stranice na stranicu.<\/p>\n<h4>4.1.2 Koje vrste kola\u010di\u0107a koristimo?<\/h4>\n<p>Na na\u0161em sajtu koristimo slede\u0107e vrste kola\u010di\u0107a:<\/p>\n<ul>\n<li>Neophodni kola\u010di\u0107i<\/li>\n<\/ul>\n<p>Ovi kola\u010di\u0107i su potrebni za pravilno funkcionisanje sajta i ne mogu se isklju\u010diti u na\u0161im sistemima. Obi\u010dno se postavljaju samo kao odgovor na va\u0161e akcije koje predstavljaju zahtev za uslugu, kao \u0161to je pode\u0161avanje privatnosti, prijavljivanje ili popunjavanje formulara.<\/p>\n<ul>\n<li>Analiti\u010dki kola\u010di\u0107i<\/li>\n<\/ul>\n<p>Ovi kola\u010di\u0107i nam poma\u017eu da razumemo kako posetioci koriste na\u0161 sajt, prikupljaju\u0107i informacije na anoniman na\u010din. Koristimo Google Analytics koji koristi ove kola\u010di\u0107e za prikupljanje podataka kao \u0161to su broj posetilaca, izvor saobra\u0107aja, stranice koje su pose\u0107ene i sli\u010dno. Ovi podaci nam poma\u017eu da unapredimo sadr\u017eaj i funkcionalnost sajta.<\/p>\n<h4>4.1.3 Upravljanje kola\u010di\u0107ima<\/h4>\n<p>Pri prvoj poseti sajtu, bi\u0107ete obave\u0161teni o kori\u0161\u0107enju kola\u010di\u0107a i mo\u0107i \u0107ete da izaberete da prihvatite ili odbijete kola\u010di\u0107e koji nisu neophodni (kao \u0161to su analiti\u010dki kola\u010di\u0107i).<\/p>\n<p>Mo\u017eete promeniti ili opozvati svoje pode\u0161avanje kola\u010di\u0107a u bilo kom trenutku koriste\u0107i opciju za pode\u0161avanje kola\u010di\u0107a na sajtu ili preko pode\u0161avanja u va\u0161em internet pregleda\u010du.<\/p>\n<h4>4.1.4 Kako kontrolisati kola\u010di\u0107e putem internet pretra\u017eiva\u010da ?<\/h4>\n<p>Ve\u0107ina internet pretra\u017eiva\u010da automatski prihvata kola\u010di\u0107e, ali mo\u017eete obi\u010dno podesiti pretra\u017eiva\u010da da odbija kola\u010di\u0107e ili da vas upozorava kada se kola\u010di\u0107 \u0161alje. Me\u0111utim, ako onemogu\u0107ite kola\u010di\u0107e, neke funkcionalnosti na\u0161eg sajta mogu biti ograni\u010dene.<\/p>\n<p>Evo gde mo\u017eete prona\u0107i informacije o pode\u0161avanju kola\u010di\u0107a za najpopularnije pretra\u017eiva\u010de:<\/p>\n<ul>\n<li>Google Chrome: <a href=\"https:\/\/support.google.com\/chrome\/answer\/95647\">https:\/\/support.google.com\/chrome\/answer\/95647<\/a><\/li>\n<li>Mozilla Firefox: <a href=\"https:\/\/support.mozilla.org\/en-US\/kb\/cookies-information-websites-store-on-your-computer\">https:\/\/support.mozilla.org\/en-US\/kb\/cookies-information-websites-store-on-your-computer<\/a><\/li>\n<li>Microsoft Edge: <a href=\"https:\/\/support.microsoft.com\/en-us\/microsoft-edge\/delete-cookies-in-microsoft-edge-63947406-40ac-c3b8-57b9-2a946a29ae09\">https:\/\/support.microsoft.com\/en-us\/microsoft-edge\/delete-cookies-in-microsoft-edge-63947406-40ac-c3b8-57b9-2a946a29ae09<\/a><\/li>\n<li>Safari: <a href=\"https:\/\/support.apple.com\/en-us\/HT201265\">https:\/\/support.apple.com\/en-us\/HT201265<\/a><\/li>\n<\/ul>\n<h5>4.1.5 Promene politike kola\u010di\u0107a<\/h5>\n<p>Zadr\u017eavamo pravo da povremeno menjamo ovu politiku kola\u010di\u0107a. Sve izmene \u0107e biti<br \/>\nobjavljene na ovoj stranici, a datum izmene bi\u0107e naveden na kraju dokumenta.<\/p>\n<h2>5 Va\u0161e li\u010dne podatke ne delimo sa drugima ni pod kojim uslovima<\/h2>\n<p>Web sajt VZK DOO ne\u0107e prodavati, trgovati, iznajmljivati ili davati Va\u0161e li\u010dne podatke tre\u0107oj strani ni pod kojim uslovima.<\/p>\n<h2>6 Sigurnost prikupljenih informacija<\/h2>\n<p>Web sajt VZK DOO posebno brine da su prikupljene informacije o korisnicima sigurne i za\u0161ti\u0107ene od gubitka, promena, nedozvoljenog pristupa i bilo koje vrste zloupotrebe.<\/p>\n<p>Web sajt VZK DOO je na sigurnom SSL serveru. Pridr\u017eavamo se strogih bezbednosnih procedura u pogledu \u010duvanja i otkrivanja informacija koje nam dajete kako bismo spre\u010dili neovla\u0161\u0107eni pristup istima.<\/p>\n<p>Sa na\u0161eg sajta linkovi mogu voditi na druge web sajtove. Ne snosimo odgovornost za politiku ili procedure za za\u0161titu podataka, kao ni za sadr\u017eaj na ovim web sajtovima.<\/p>\n<h2>7 Koliko dugo \u010duvamo podatke<\/h2>\n<p>Podaci prikupljeni putem <strong>Google Analytics-a \u010duvaju se najdu\u017ee 14 meseci<\/strong>. Nakon toga se automatski bri\u0161u.<\/p>\n<h2>8 Kontakt i prava korisnika sajta<\/h2>\n<ul>\n<li>Pravo na informisanje o va\u0161im li\u010dnim podacima koje ste nam poverili,<\/li>\n<li>Pravo na pristup podacima,<\/li>\n<li>Pravo na tra\u017eenje ispravke, brisanje ili ograni\u010davanje obrade va\u0161ih li\u010dnih podataka,<\/li>\n<li>Pravo na prigovor na obradu podataka,<\/li>\n<li>Pravo na prenosivost va\u0161ih li\u010dnih podataka (ako je primenljivo),<\/li>\n<li>Pravo na podno\u0161enje pritu\u017ebe povereniku za informacije od javnog zna\u010daja i za\u0161titu podataka o li\u010dnosti.<\/li>\n<\/ul>\n<p>Ako \u017eelite da iskoristite va\u0161a prava, obratite se zahtevom na imejl <a href=\"mailto:office@vzklaboratory.com\">office@vzklaboratory.com<\/a>.<\/p>\n<h2>9 A\u017euriranje Politike privatnosti<\/h2>\n<p>VZK DOO redovno revidira i a\u017eurira sadr\u017eaj Politike privatnosti i isti uskla\u0111uje sa sopstvenim poslovnim procesima i\/ili sa zakonskim i regulatornim obavezama.<\/p>\n<p>Va\u017ee\u0107a verzija Politike privatnosti dostupna je na <a href=\"https:\/\/www.vzklaboratory.com\">https:\/\/www.vzklaboratory.com<\/a> internet prezentaciji koja se nalazi na internet domenu <a href=\"https:\/\/www.vzklaboratory.com\/politika-privatnosti\">https:\/\/www.vzklaboratory.com\/politika-privatnosti<\/a> . U slu\u010daju da do\u0111e do zna\u010dajnih promena koje u ve\u0107oj meri uti\u010du na obradu podataka o li\u010dnosti VZK DOO \u0107e takve promene bez odlaganja objaviti na svojoj internet prezentaciji i direktno vas informisati.<\/p>\n<p>Datum poslednje izmene politike privatnosti: 10.10.2025.<\/p>\n","protected":false},"excerpt":{"rendered":"<p>Hvala vam na poseti na\u0161em sajtu. Va\u0161a privatnost nam je va\u017ena i \u017eelimo da znate kako prikupljamo, koristimo i \u0161titimo va\u0161e li\u010dne podatke. Ova politika privatnosti odnosi se na kori\u0161\u0107enje sajta https:\/\/www.vzklaboratory.com i ure\u0111ena je u skladu sa u skladu sa Zakonom o za\u0161titi podataka o li\u010dnosti, Op\u0161tom uredbom o za\u0161titi podataka o li\u010dnosti (GDPR) [&hellip;]<\/p>\n","protected":false},"author":1,"featured_media":621,"parent":0,"menu_order":0,"comment_status":"closed","ping_status":"open","template":"","meta":{"_acf_changed":false,"_seopress_robots_primary_cat":"","_seopress_titles_title":"","_seopress_titles_desc":"","_seopress_robots_index":"","footnotes":""},"class_list":["post-931","page","type-page","status-publish","has-post-thumbnail","hentry"],"acf":[],"_links":{"self":[{"href":"https:\/\/vzklaboratory.com\/sr\/wp-json\/wp\/v2\/pages\/931","targetHints":{"allow":["GET"]}}],"collection":[{"href":"https:\/\/vzklaboratory.com\/sr\/wp-json\/wp\/v2\/pages"}],"about":[{"href":"https:\/\/vzklaboratory.com\/sr\/wp-json\/wp\/v2\/types\/page"}],"author":[{"embeddable":true,"href":"https:\/\/vzklaboratory.com\/sr\/wp-json\/wp\/v2\/users\/1"}],"replies":[{"embeddable":true,"href":"https:\/\/vzklaboratory.com\/sr\/wp-json\/wp\/v2\/comments?post=931"}],"version-history":[{"count":2,"href":"https:\/\/vzklaboratory.com\/sr\/wp-json\/wp\/v2\/pages\/931\/revisions"}],"predecessor-version":[{"id":1699,"href":"https:\/\/vzklaboratory.com\/sr\/wp-json\/wp\/v2\/pages\/931\/revisions\/1699"}],"wp:featuredmedia":[{"embeddable":true,"href":"https:\/\/vzklaboratory.com\/sr\/wp-json\/wp\/v2\/media\/621"}],"wp:attachment":[{"href":"https:\/\/vzklaboratory.com\/sr\/wp-json\/wp\/v2\/media?parent=931"}],"curies":[{"name":"wp","href":"https:\/\/api.w.org\/{rel}","templated":true}]}}