{"id":663,"date":"2023-11-10T09:04:48","date_gmt":"2023-11-10T08:04:48","guid":{"rendered":"http:\/\/vzk.cubesdev.rs\/vzk-vodic\/najcesca-pitanja\/"},"modified":"2025-12-09T00:43:06","modified_gmt":"2025-12-08T23:43:06","slug":"najcesca-pitanja","status":"publish","type":"page","link":"https:\/\/vzklaboratory.com\/sr\/vzk-vodic\/najcesca-pitanja\/","title":{"rendered":"Naj\u010de\u0161\u0107a pitanja"},"content":{"rendered":"<p>Na jednom mestu smo izdvojili odgovore na naj\u010de\u0161\u0107e postavljena pitanja kako bismo Vam olak\u0161ali pretragu informacija. Pogledajte da li je odgovor na va\u0161e pitanje ve\u0107 ovde \u2013 ako nije, obavezno nas kontaktirajte!<\/p>\n","protected":false},"excerpt":{"rendered":"<p>Na jednom mestu smo izdvojili odgovore na naj\u010de\u0161\u0107e postavljena pitanja kako bismo Vam olak\u0161ali pretragu informacija. Pogledajte da li je odgovor na va\u0161e pitanje ve\u0107 ovde \u2013 ako nije, obavezno nas kontaktirajte!<\/p>\n","protected":false},"author":2,"featured_media":6614,"parent":627,"menu_order":0,"comment_status":"closed","ping_status":"closed","template":"page-for-faq.php","meta":{"_acf_changed":false,"_seopress_robots_primary_cat":"","_seopress_titles_title":"","_seopress_titles_desc":"","_seopress_robots_index":"","footnotes":""},"class_list":["post-663","page","type-page","status-publish","has-post-thumbnail","hentry"],"acf":[],"_links":{"self":[{"href":"https:\/\/vzklaboratory.com\/sr\/wp-json\/wp\/v2\/pages\/663","targetHints":{"allow":["GET"]}}],"collection":[{"href":"https:\/\/vzklaboratory.com\/sr\/wp-json\/wp\/v2\/pages"}],"about":[{"href":"https:\/\/vzklaboratory.com\/sr\/wp-json\/wp\/v2\/types\/page"}],"author":[{"embeddable":true,"href":"https:\/\/vzklaboratory.com\/sr\/wp-json\/wp\/v2\/users\/2"}],"replies":[{"embeddable":true,"href":"https:\/\/vzklaboratory.com\/sr\/wp-json\/wp\/v2\/comments?post=663"}],"version-history":[{"count":2,"href":"https:\/\/vzklaboratory.com\/sr\/wp-json\/wp\/v2\/pages\/663\/revisions"}],"predecessor-version":[{"id":1498,"href":"https:\/\/vzklaboratory.com\/sr\/wp-json\/wp\/v2\/pages\/663\/revisions\/1498"}],"up":[{"embeddable":true,"href":"https:\/\/vzklaboratory.com\/sr\/wp-json\/wp\/v2\/pages\/627"}],"wp:featuredmedia":[{"embeddable":true,"href":"https:\/\/vzklaboratory.com\/sr\/wp-json\/wp\/v2\/media\/6614"}],"wp:attachment":[{"href":"https:\/\/vzklaboratory.com\/sr\/wp-json\/wp\/v2\/media?parent=663"}],"curies":[{"name":"wp","href":"https:\/\/api.w.org\/{rel}","templated":true}]}}