{"id":4329,"date":"2025-10-19T23:08:30","date_gmt":"2025-10-19T21:08:30","guid":{"rendered":"https:\/\/vzk.cubesdev.rs\/our-products\/uncategorized\/vzk-ultra-lekki-krem-do-twarzy-z-spf50-50-ml\/"},"modified":"2025-10-19T23:09:11","modified_gmt":"2025-10-19T21:09:11","slug":"vzk-ultra-lekki-krem-do-twarzy-z-spf50-50-ml","status":"publish","type":"product","link":"https:\/\/vzklaboratory.com\/pl\/nasze-produkty\/linie-produktow\/ktory-program-wybrac\/vzk-ultra-lekki-krem-do-twarzy-z-spf50-50-ml\/","title":{"rendered":"VZK ultra lekki krem do twarzy z SPF50, 50 ml"},"content":{"rendered":"<p>Nawil\u017caj\u0105cy krem do twarzy o niezwykle lekkiej, nieklej\u0105cej si\u0119 konsystencji, szybko si\u0119 wch\u0142ania i nie pozostawia t\u0142ustego filmu na sk\u00f3rze. Zawiera SPF 50, kt\u00f3ry chroni sk\u00f3r\u0119 twarzy zapobiegaj\u0105c powstawaniu przebarwie\u0144 i zmarszczek spowodowanych szkodliwym promieniowaniem s\u0142onecznym. Niezwykle odporny na wod\u0119, piasek i pot.<\/p>\n","protected":false},"excerpt":{"rendered":"<p>Nawil\u017caj\u0105cy krem do twarzy o niezwykle lekkiej, nieklej\u0105cej si\u0119 konsystencji, szybko si\u0119 wch\u0142ania i nie pozostawia t\u0142ustego filmu na sk\u00f3rze. Zawiera SPF 50, kt\u00f3ry chroni sk\u00f3r\u0119 twarzy zapobiegaj\u0105c powstawaniu przebarwie\u0144 i zmarszczek spowodowanych szkodliwym promieniowaniem s\u0142onecznym. Niezwykle odporny na wod\u0119, piasek i pot.<\/p>\n","protected":false},"featured_media":4283,"comment_status":"open","ping_status":"closed","template":"","meta":{"_acf_changed":false,"_seopress_robots_primary_cat":"","_seopress_titles_title":"","_seopress_titles_desc":"","_seopress_robots_index":""},"product_brand":[],"product_cat":[427,303,306,308,309,310,311,328,333],"product_tag":[],"class_list":{"0":"post-4329","1":"product","2":"type-product","3":"status-publish","4":"has-post-thumbnail","6":"product_cat-ktory-program-wybrac","7":"product_cat-linie-produktow","8":"product_cat-rodzaj-skory","9":"product_cat-pielegnacja-skory","10":"product_cat-ochrona-przed-sloncem","11":"product_cat-potrzeby-skory","12":"product_cat-ochrona-spf","13":"product_cat-sucha-skora","14":"product_cat-normalna-skora","16":"first","17":"instock","18":"shipping-taxable","19":"purchasable","20":"product-type-simple"},"acf":[],"_links":{"self":[{"href":"https:\/\/vzklaboratory.com\/pl\/wp-json\/wp\/v2\/product\/4329","targetHints":{"allow":["GET"]}}],"collection":[{"href":"https:\/\/vzklaboratory.com\/pl\/wp-json\/wp\/v2\/product"}],"about":[{"href":"https:\/\/vzklaboratory.com\/pl\/wp-json\/wp\/v2\/types\/product"}],"replies":[{"embeddable":true,"href":"https:\/\/vzklaboratory.com\/pl\/wp-json\/wp\/v2\/comments?post=4329"}],"wp:featuredmedia":[{"embeddable":true,"href":"https:\/\/vzklaboratory.com\/pl\/wp-json\/wp\/v2\/media\/4283"}],"wp:attachment":[{"href":"https:\/\/vzklaboratory.com\/pl\/wp-json\/wp\/v2\/media?parent=4329"}],"wp:term":[{"taxonomy":"product_brand","embeddable":true,"href":"https:\/\/vzklaboratory.com\/pl\/wp-json\/wp\/v2\/product_brand?post=4329"},{"taxonomy":"product_cat","embeddable":true,"href":"https:\/\/vzklaboratory.com\/pl\/wp-json\/wp\/v2\/product_cat?post=4329"},{"taxonomy":"product_tag","embeddable":true,"href":"https:\/\/vzklaboratory.com\/pl\/wp-json\/wp\/v2\/product_tag?post=4329"}],"curies":[{"name":"wp","href":"https:\/\/api.w.org\/{rel}","templated":true}]}}