{"id":4264,"date":"2025-10-19T23:08:04","date_gmt":"2025-10-19T21:08:04","guid":{"rendered":"https:\/\/vzk.cubesdev.rs\/our-products\/uncategorized\/vzk-krem-do-twarzy-dla-skory-tlustej-z-spf50-50-ml\/"},"modified":"2025-10-19T23:08:29","modified_gmt":"2025-10-19T21:08:29","slug":"vzk-krem-do-twarzy-dla-skory-tlustej-z-spf50-50-ml","status":"publish","type":"product","link":"https:\/\/vzklaboratory.com\/pl\/nasze-produkty\/pielegnacja-skory\/ochrona-przed-sloncem\/vzk-krem-do-twarzy-dla-skory-tlustej-z-spf50-50-ml\/","title":{"rendered":"VZK krem do twarzy dla sk\u00f3ry t\u0142ustej z SPF50+, 50 ml"},"content":{"rendered":"<p>Lekki krem przeznaczony do t\u0142ustej sk\u00f3ry twarzy ze sk\u0142onno\u015bci\u0105 do niedoskona\u0142o\u015bci matuje sk\u00f3r\u0119, zmniejsza widoczno\u015b\u0107 por\u00f3w i pomaga regulowa\u0107 wydzielanie sebum. Zawiera SPF 50+, kt\u00f3ry chroni sk\u00f3r\u0119 twarzy zapobiegaj\u0105c powstawaniu przebarwie\u0144 i zmarszczek spowodowanych szkodliwym promieniowaniem s\u0142onecznym. Niezwykle odporny na wod\u0119, piasek i pot.<\/p>\n","protected":false},"excerpt":{"rendered":"<p>Lekki krem przeznaczony do t\u0142ustej sk\u00f3ry twarzy ze sk\u0142onno\u015bci\u0105 do niedoskona\u0142o\u015bci matuje sk\u00f3r\u0119, zmniejsza widoczno\u015b\u0107 por\u00f3w i pomaga regulowa\u0107 wydzielanie sebum. Zawiera SPF 50+, kt\u00f3ry chroni sk\u00f3r\u0119 twarzy zapobiegaj\u0105c powstawaniu przebarwie\u0144 i zmarszczek spowodowanych szkodliwym promieniowaniem s\u0142onecznym. Niezwykle odporny na wod\u0119, piasek i pot.<\/p>\n","protected":false},"featured_media":4235,"comment_status":"open","ping_status":"closed","template":"","meta":{"_acf_changed":false,"_seopress_robots_primary_cat":"","_seopress_titles_title":"","_seopress_titles_desc":"","_seopress_robots_index":""},"product_brand":[],"product_cat":[309,310,311,318,329,330,427,303,306,308],"product_tag":[],"class_list":{"0":"post-4264","1":"product","2":"type-product","3":"status-publish","4":"has-post-thumbnail","6":"product_cat-ochrona-przed-sloncem","7":"product_cat-potrzeby-skory","8":"product_cat-ochrona-spf","9":"product_cat-skora-tlusta","10":"product_cat-skora-mieszana","11":"product_cat-skora-sklonna-do-tradziku","12":"product_cat-ktory-program-wybrac","13":"product_cat-linie-produktow","14":"product_cat-rodzaj-skory","15":"product_cat-pielegnacja-skory","17":"first","18":"instock","19":"shipping-taxable","20":"purchasable","21":"product-type-simple"},"acf":[],"_links":{"self":[{"href":"https:\/\/vzklaboratory.com\/pl\/wp-json\/wp\/v2\/product\/4264","targetHints":{"allow":["GET"]}}],"collection":[{"href":"https:\/\/vzklaboratory.com\/pl\/wp-json\/wp\/v2\/product"}],"about":[{"href":"https:\/\/vzklaboratory.com\/pl\/wp-json\/wp\/v2\/types\/product"}],"replies":[{"embeddable":true,"href":"https:\/\/vzklaboratory.com\/pl\/wp-json\/wp\/v2\/comments?post=4264"}],"wp:featuredmedia":[{"embeddable":true,"href":"https:\/\/vzklaboratory.com\/pl\/wp-json\/wp\/v2\/media\/4235"}],"wp:attachment":[{"href":"https:\/\/vzklaboratory.com\/pl\/wp-json\/wp\/v2\/media?parent=4264"}],"wp:term":[{"taxonomy":"product_brand","embeddable":true,"href":"https:\/\/vzklaboratory.com\/pl\/wp-json\/wp\/v2\/product_brand?post=4264"},{"taxonomy":"product_cat","embeddable":true,"href":"https:\/\/vzklaboratory.com\/pl\/wp-json\/wp\/v2\/product_cat?post=4264"},{"taxonomy":"product_tag","embeddable":true,"href":"https:\/\/vzklaboratory.com\/pl\/wp-json\/wp\/v2\/product_tag?post=4264"}],"curies":[{"name":"wp","href":"https:\/\/api.w.org\/{rel}","templated":true}]}}