{"id":4191,"date":"2025-10-19T23:07:32","date_gmt":"2025-10-19T21:07:32","guid":{"rendered":"https:\/\/vzk.cubesdev.rs\/our-products\/uncategorized\/vzk-pianka-do-mycia-twarzy-dla-skory-wrazliwej-150-ml\/"},"modified":"2025-10-19T23:07:49","modified_gmt":"2025-10-19T21:07:49","slug":"vzk-pianka-do-mycia-twarzy-dla-skory-wrazliwej-150-ml","status":"publish","type":"product","link":"https:\/\/vzklaboratory.com\/pl\/nasze-produkty\/potrzeby-skory\/przeciw-podraznieniom\/vzk-pianka-do-mycia-twarzy-dla-skory-wrazliwej-150-ml\/","title":{"rendered":"VZK pianka do mycia twarzy dla sk\u00f3ry wra\u017cliwej, 150 ml"},"content":{"rendered":"<p>\u0141agodna formu\u0142a przeznaczona do oczyszczania i piel\u0119gnacji wra\u017cliwej sk\u00f3ry twarzy podatnej na podra\u017cnienia zawiera ekstrakt z czerwonych alg, kt\u00f3ry koi sk\u00f3r\u0119 i zmniejsza uczucie \u015bci\u0105gni\u0119cia i dyskomfortu. Skutecznie usuwa zanieczyszczenia i pozosta\u0142o\u015bci makija\u017cu, pozostawiaj\u0105c sk\u00f3r\u0119 czyst\u0105 i \u015bwie\u017c\u0105.<\/p>\n","protected":false},"excerpt":{"rendered":"<p>\u0141agodna formu\u0142a przeznaczona do oczyszczania i piel\u0119gnacji wra\u017cliwej sk\u00f3ry twarzy podatnej na podra\u017cnienia zawiera ekstrakt z czerwonych alg, kt\u00f3ry koi sk\u00f3r\u0119 i zmniejsza uczucie \u015bci\u0105gni\u0119cia i dyskomfortu. Skutecznie usuwa zanieczyszczenia i pozosta\u0142o\u015bci makija\u017cu, pozostawiaj\u0105c sk\u00f3r\u0119 czyst\u0105 i \u015bwie\u017c\u0105.<\/p>\n","protected":false},"featured_media":4168,"comment_status":"open","ping_status":"closed","template":"","meta":{"_acf_changed":false,"_seopress_robots_primary_cat":"","_seopress_titles_title":"","_seopress_titles_desc":"","_seopress_robots_index":""},"product_brand":[],"product_cat":[320,321,327,382,303,306,308,310,314],"product_tag":[],"class_list":{"0":"post-4191","1":"product","2":"type-product","3":"status-publish","4":"has-post-thumbnail","6":"product_cat-przeciw-podraznieniom","7":"product_cat-wrazliwy","8":"product_cat-pielegnacja-twarzy","9":"product_cat-oczyszczanie-twarzy","10":"product_cat-linie-produktow","11":"product_cat-rodzaj-skory","12":"product_cat-pielegnacja-skory","13":"product_cat-potrzeby-skory","14":"product_cat-skora-wrazliwa","16":"first","17":"instock","18":"shipping-taxable","19":"purchasable","20":"product-type-simple"},"acf":[],"_links":{"self":[{"href":"https:\/\/vzklaboratory.com\/pl\/wp-json\/wp\/v2\/product\/4191","targetHints":{"allow":["GET"]}}],"collection":[{"href":"https:\/\/vzklaboratory.com\/pl\/wp-json\/wp\/v2\/product"}],"about":[{"href":"https:\/\/vzklaboratory.com\/pl\/wp-json\/wp\/v2\/types\/product"}],"replies":[{"embeddable":true,"href":"https:\/\/vzklaboratory.com\/pl\/wp-json\/wp\/v2\/comments?post=4191"}],"wp:featuredmedia":[{"embeddable":true,"href":"https:\/\/vzklaboratory.com\/pl\/wp-json\/wp\/v2\/media\/4168"}],"wp:attachment":[{"href":"https:\/\/vzklaboratory.com\/pl\/wp-json\/wp\/v2\/media?parent=4191"}],"wp:term":[{"taxonomy":"product_brand","embeddable":true,"href":"https:\/\/vzklaboratory.com\/pl\/wp-json\/wp\/v2\/product_brand?post=4191"},{"taxonomy":"product_cat","embeddable":true,"href":"https:\/\/vzklaboratory.com\/pl\/wp-json\/wp\/v2\/product_cat?post=4191"},{"taxonomy":"product_tag","embeddable":true,"href":"https:\/\/vzklaboratory.com\/pl\/wp-json\/wp\/v2\/product_tag?post=4191"}],"curies":[{"name":"wp","href":"https:\/\/api.w.org\/{rel}","templated":true}]}}