{"id":4161,"date":"2025-10-19T23:07:18","date_gmt":"2025-10-19T21:07:18","guid":{"rendered":"https:\/\/vzk.cubesdev.rs\/our-products\/uncategorized\/vzk-woda-micelarna-dla-skory-wrazliwej-200-ml\/"},"modified":"2025-10-19T23:07:32","modified_gmt":"2025-10-19T21:07:32","slug":"vzk-woda-micelarna-dla-skory-wrazliwej-200-ml","status":"publish","type":"product","link":"https:\/\/vzklaboratory.com\/pl\/nasze-produkty\/rodzaj-skory\/skora-wrazliwa\/vzk-woda-micelarna-dla-skory-wrazliwej-200-ml\/","title":{"rendered":"VZK woda micelarna dla sk\u00f3ry wra\u017cliwej, 200 ml"},"content":{"rendered":"<p>Woda micelarna to formu\u0142a 3 w 1 \u2013 skuteczny produkt oczyszczaj\u0105cy sk\u00f3r\u0119 oraz usuwaj\u0105cy makija\u017c, a tak\u017ce koj\u0105cy tonik. \u0141agodna formu\u0142a na bazie ekstraktu z czerwonych alg koi sk\u00f3r\u0119 oraz zmniejsza uczucie \u015bci\u0105gni\u0119cia i dyskomfortu sprawiaj\u0105c, \u017ce sk\u00f3ra staje si\u0119 g\u0142adka i mi\u0119kka bez pozostawiania t\u0142ustego filmu.<\/p>\n","protected":false},"excerpt":{"rendered":"<p>Woda micelarna to formu\u0142a 3 w 1 \u2013 skuteczny produkt oczyszczaj\u0105cy sk\u00f3r\u0119 oraz usuwaj\u0105cy makija\u017c, a tak\u017ce koj\u0105cy tonik. \u0141agodna formu\u0142a na bazie ekstraktu z czerwonych alg koi sk\u00f3r\u0119 oraz zmniejsza uczucie \u015bci\u0105gni\u0119cia i dyskomfortu sprawiaj\u0105c, \u017ce sk\u00f3ra staje si\u0119 g\u0142adka i mi\u0119kka bez pozostawiania t\u0142ustego filmu.<\/p>\n","protected":false},"featured_media":4144,"comment_status":"open","ping_status":"closed","template":"","meta":{"_acf_changed":false,"_seopress_robots_primary_cat":"","_seopress_titles_title":"","_seopress_titles_desc":"","_seopress_robots_index":""},"product_brand":[],"product_cat":[306,308,310,314,320,321,327,382,303],"product_tag":[],"class_list":{"0":"post-4161","1":"product","2":"type-product","3":"status-publish","4":"has-post-thumbnail","6":"product_cat-rodzaj-skory","7":"product_cat-pielegnacja-skory","8":"product_cat-potrzeby-skory","9":"product_cat-skora-wrazliwa","10":"product_cat-przeciw-podraznieniom","11":"product_cat-wrazliwy","12":"product_cat-pielegnacja-twarzy","13":"product_cat-oczyszczanie-twarzy","14":"product_cat-linie-produktow","16":"first","17":"instock","18":"shipping-taxable","19":"purchasable","20":"product-type-simple"},"acf":[],"_links":{"self":[{"href":"https:\/\/vzklaboratory.com\/pl\/wp-json\/wp\/v2\/product\/4161","targetHints":{"allow":["GET"]}}],"collection":[{"href":"https:\/\/vzklaboratory.com\/pl\/wp-json\/wp\/v2\/product"}],"about":[{"href":"https:\/\/vzklaboratory.com\/pl\/wp-json\/wp\/v2\/types\/product"}],"replies":[{"embeddable":true,"href":"https:\/\/vzklaboratory.com\/pl\/wp-json\/wp\/v2\/comments?post=4161"}],"wp:featuredmedia":[{"embeddable":true,"href":"https:\/\/vzklaboratory.com\/pl\/wp-json\/wp\/v2\/media\/4144"}],"wp:attachment":[{"href":"https:\/\/vzklaboratory.com\/pl\/wp-json\/wp\/v2\/media?parent=4161"}],"wp:term":[{"taxonomy":"product_brand","embeddable":true,"href":"https:\/\/vzklaboratory.com\/pl\/wp-json\/wp\/v2\/product_brand?post=4161"},{"taxonomy":"product_cat","embeddable":true,"href":"https:\/\/vzklaboratory.com\/pl\/wp-json\/wp\/v2\/product_cat?post=4161"},{"taxonomy":"product_tag","embeddable":true,"href":"https:\/\/vzklaboratory.com\/pl\/wp-json\/wp\/v2\/product_tag?post=4161"}],"curies":[{"name":"wp","href":"https:\/\/api.w.org\/{rel}","templated":true}]}}