{"id":4126,"date":"2025-10-19T23:06:30","date_gmt":"2025-10-19T21:06:30","guid":{"rendered":"https:\/\/vzk.cubesdev.rs\/our-products\/uncategorized\/vzk-krem-do-twarzy-dla-skory-wrazliwej-50-ml\/"},"modified":"2025-10-19T23:07:12","modified_gmt":"2025-10-19T21:07:12","slug":"vzk-krem-do-twarzy-dla-skory-wrazliwej-50-ml","status":"publish","type":"product","link":"https:\/\/vzklaboratory.com\/pl\/nasze-produkty\/rodzaj-skory\/skora-wrazliwa\/vzk-krem-do-twarzy-dla-skory-wrazliwej-50-ml\/","title":{"rendered":"VZK krem do twarzy dla sk\u00f3ry wra\u017cliwej, 50 ml"},"content":{"rendered":"<p>Krem do twarzy o \u0142agodnej i niet\u0142ustej formule przeznaczony dla sk\u00f3ry wra\u017cliwej. \u0141agodzi dyskomfort i zmniejsza zaczerwienienia spowodowane czynnikami zewn\u0119trznymi. Zawiera skwalan, pantenol i bisabolol, kt\u00f3re koj\u0105 oraz zmniejszaj\u0105 uczucie \u015bci\u0105gania sk\u00f3ry, zapewniaj\u0105c niezb\u0119dn\u0105 piel\u0119gnacj\u0119 i nawil\u017cenie.<\/p>\n","protected":false},"excerpt":{"rendered":"<p>Krem do twarzy o \u0142agodnej i niet\u0142ustej formule przeznaczony dla sk\u00f3ry wra\u017cliwej. \u0141agodzi dyskomfort i zmniejsza zaczerwienienia spowodowane czynnikami zewn\u0119trznymi. Zawiera skwalan, pantenol i bisabolol, kt\u00f3re koj\u0105 oraz zmniejszaj\u0105 uczucie \u015bci\u0105gania sk\u00f3ry, zapewniaj\u0105c niezb\u0119dn\u0105 piel\u0119gnacj\u0119 i nawil\u017cenie.<\/p>\n","protected":false},"featured_media":4067,"comment_status":"open","ping_status":"closed","template":"","meta":{"_acf_changed":false,"_seopress_robots_primary_cat":"","_seopress_titles_title":"","_seopress_titles_desc":"","_seopress_robots_index":""},"product_brand":[],"product_cat":[310,314,320,321,327,303,306,308],"product_tag":[],"class_list":{"0":"post-4126","1":"product","2":"type-product","3":"status-publish","4":"has-post-thumbnail","6":"product_cat-potrzeby-skory","7":"product_cat-skora-wrazliwa","8":"product_cat-przeciw-podraznieniom","9":"product_cat-wrazliwy","10":"product_cat-pielegnacja-twarzy","11":"product_cat-linie-produktow","12":"product_cat-rodzaj-skory","13":"product_cat-pielegnacja-skory","15":"first","16":"instock","17":"shipping-taxable","18":"purchasable","19":"product-type-simple"},"acf":[],"_links":{"self":[{"href":"https:\/\/vzklaboratory.com\/pl\/wp-json\/wp\/v2\/product\/4126","targetHints":{"allow":["GET"]}}],"collection":[{"href":"https:\/\/vzklaboratory.com\/pl\/wp-json\/wp\/v2\/product"}],"about":[{"href":"https:\/\/vzklaboratory.com\/pl\/wp-json\/wp\/v2\/types\/product"}],"replies":[{"embeddable":true,"href":"https:\/\/vzklaboratory.com\/pl\/wp-json\/wp\/v2\/comments?post=4126"}],"wp:featuredmedia":[{"embeddable":true,"href":"https:\/\/vzklaboratory.com\/pl\/wp-json\/wp\/v2\/media\/4067"}],"wp:attachment":[{"href":"https:\/\/vzklaboratory.com\/pl\/wp-json\/wp\/v2\/media?parent=4126"}],"wp:term":[{"taxonomy":"product_brand","embeddable":true,"href":"https:\/\/vzklaboratory.com\/pl\/wp-json\/wp\/v2\/product_brand?post=4126"},{"taxonomy":"product_cat","embeddable":true,"href":"https:\/\/vzklaboratory.com\/pl\/wp-json\/wp\/v2\/product_cat?post=4126"},{"taxonomy":"product_tag","embeddable":true,"href":"https:\/\/vzklaboratory.com\/pl\/wp-json\/wp\/v2\/product_tag?post=4126"}],"curies":[{"name":"wp","href":"https:\/\/api.w.org\/{rel}","templated":true}]}}