{"id":3979,"date":"2025-10-19T23:05:21","date_gmt":"2025-10-19T21:05:21","guid":{"rendered":"https:\/\/vzk.cubesdev.rs\/our-products\/uncategorized\/vzk-zel-do-mycia-twarzy-i-ciala-z-ceramidami-400-ml\/"},"modified":"2025-10-19T23:05:41","modified_gmt":"2025-10-19T21:05:41","slug":"vzk-zel-do-mycia-twarzy-i-ciala-z-ceramidami-400-ml","status":"publish","type":"product","link":"https:\/\/vzklaboratory.com\/pl\/nasze-produkty\/rodzaj-skory\/sucha-skora\/vzk-zel-do-mycia-twarzy-i-ciala-z-ceramidami-400-ml\/","title":{"rendered":"VZK \u017cel do mycia twarzy i cia\u0142a z ceramidami, 400 ml"},"content":{"rendered":"<p>Delikatny, kremowy \u017cel dok\u0142adnie oczyszcza sk\u00f3r\u0119 usuwaj\u0105c zanieczyszczenia bez uszkadzania ochronnej bariery sk\u00f3ry. Formu\u0142a wzbogacona wysokiej jako\u015bci ceramidami pomaga sk\u00f3rze utrzyma\u0107 nawodnienie, jednocze\u015bnie eliminuj\u0105c nieprzyjemne uczucie \u015bci\u0105gni\u0119cia po prysznicu. Dodatek olejku migda\u0142owego i jojoba zmi\u0119kcza sk\u00f3r\u0119, zapewniaj\u0105c d\u0142ugotrwa\u0142e nawil\u017cenie. Do piel\u0119gnacji ka\u017cdego rodzaju sk\u00f3ry, szczeg\u00f3lnie suchej i wra\u017cliwej.<\/p>\n","protected":false},"excerpt":{"rendered":"<p>Delikatny, kremowy \u017cel dok\u0142adnie oczyszcza sk\u00f3r\u0119 usuwaj\u0105c zanieczyszczenia bez uszkadzania ochronnej bariery sk\u00f3ry. Formu\u0142a wzbogacona wysokiej jako\u015bci ceramidami pomaga sk\u00f3rze utrzyma\u0107 nawodnienie, jednocze\u015bnie eliminuj\u0105c nieprzyjemne uczucie \u015bci\u0105gni\u0119cia po prysznicu. Dodatek olejku migda\u0142owego i jojoba zmi\u0119kcza sk\u00f3r\u0119, zapewniaj\u0105c d\u0142ugotrwa\u0142e nawil\u017cenie. Do piel\u0119gnacji ka\u017cdego rodzaju sk\u00f3ry, szczeg\u00f3lnie suchej i wra\u017cliwej.<\/p>\n","protected":false},"featured_media":3963,"comment_status":"open","ping_status":"closed","template":"","meta":{"_acf_changed":false,"_seopress_robots_primary_cat":"","_seopress_titles_title":"","_seopress_titles_desc":"","_seopress_robots_index":""},"product_brand":[],"product_cat":[328,382,303,428,306,308,310,314,317,324,325,327],"product_tag":[],"class_list":{"0":"post-3979","1":"product","2":"type-product","3":"status-publish","4":"has-post-thumbnail","6":"product_cat-sucha-skora","7":"product_cat-oczyszczanie-twarzy","8":"product_cat-linie-produktow","9":"product_cat-ceramidy","10":"product_cat-rodzaj-skory","11":"product_cat-pielegnacja-skory","12":"product_cat-potrzeby-skory","13":"product_cat-skora-wrazliwa","14":"product_cat-przeciw-swedzeniu-i-sciaganiu","15":"product_cat-odnowa-i-odmlodzenie","16":"product_cat-odrzuca-ekran","17":"product_cat-pielegnacja-twarzy","19":"first","20":"instock","21":"shipping-taxable","22":"purchasable","23":"product-type-simple"},"acf":[],"_links":{"self":[{"href":"https:\/\/vzklaboratory.com\/pl\/wp-json\/wp\/v2\/product\/3979","targetHints":{"allow":["GET"]}}],"collection":[{"href":"https:\/\/vzklaboratory.com\/pl\/wp-json\/wp\/v2\/product"}],"about":[{"href":"https:\/\/vzklaboratory.com\/pl\/wp-json\/wp\/v2\/types\/product"}],"replies":[{"embeddable":true,"href":"https:\/\/vzklaboratory.com\/pl\/wp-json\/wp\/v2\/comments?post=3979"}],"wp:featuredmedia":[{"embeddable":true,"href":"https:\/\/vzklaboratory.com\/pl\/wp-json\/wp\/v2\/media\/3963"}],"wp:attachment":[{"href":"https:\/\/vzklaboratory.com\/pl\/wp-json\/wp\/v2\/media?parent=3979"}],"wp:term":[{"taxonomy":"product_brand","embeddable":true,"href":"https:\/\/vzklaboratory.com\/pl\/wp-json\/wp\/v2\/product_brand?post=3979"},{"taxonomy":"product_cat","embeddable":true,"href":"https:\/\/vzklaboratory.com\/pl\/wp-json\/wp\/v2\/product_cat?post=3979"},{"taxonomy":"product_tag","embeddable":true,"href":"https:\/\/vzklaboratory.com\/pl\/wp-json\/wp\/v2\/product_tag?post=3979"}],"curies":[{"name":"wp","href":"https:\/\/api.w.org\/{rel}","templated":true}]}}