{"id":3944,"date":"2025-10-19T23:04:48","date_gmt":"2025-10-19T21:04:48","guid":{"rendered":"https:\/\/vzk.cubesdev.rs\/our-products\/uncategorized\/vzk-krem-do-twarzy-z-ceramidami-i-spf15-50-ml\/"},"modified":"2025-10-19T23:05:20","modified_gmt":"2025-10-19T21:05:20","slug":"vzk-krem-do-twarzy-z-ceramidami-i-spf15-50-ml","status":"publish","type":"product","link":"https:\/\/vzklaboratory.com\/pl\/nasze-produkty\/rodzaj-skory\/sucha-skora\/vzk-krem-do-twarzy-z-ceramidami-i-spf15-50-ml\/","title":{"rendered":"VZK krem do twarzy z ceramidami i SPF15, 50 ml"},"content":{"rendered":"<p>Krem do twarzy z kompleksem wysokiej jako\u015bci ceramid\u00f3w pomaga utrzyma\u0107 nawil\u017cenie i naturaln\u0105 barier\u0119 ochronn\u0105 sk\u00f3ry twarzy. Zawarty w nim Amaretine\u00ae intensywnie piel\u0119gnuje i pomaga walczy\u0107 z podra\u017cnieniami i zaczerwienieniami sk\u00f3ry, czyni\u0105c j\u0105 promienn\u0105 i pe\u0142n\u0105 blasku, a SPF 15 chroni przed starzeniem spowodowanym szkodliwym promieniowaniem s\u0142onecznym.<\/p>\n","protected":false},"excerpt":{"rendered":"<p>Krem do twarzy z kompleksem wysokiej jako\u015bci ceramid\u00f3w pomaga utrzyma\u0107 nawil\u017cenie i naturaln\u0105 barier\u0119 ochronn\u0105 sk\u00f3ry twarzy. Zawarty w nim Amaretine\u00ae intensywnie piel\u0119gnuje i pomaga walczy\u0107 z podra\u017cnieniami i zaczerwienieniami sk\u00f3ry, czyni\u0105c j\u0105 promienn\u0105 i pe\u0142n\u0105 blasku, a SPF 15 chroni przed starzeniem spowodowanym szkodliwym promieniowaniem s\u0142onecznym.<\/p>\n","protected":false},"featured_media":3903,"comment_status":"open","ping_status":"closed","template":"","meta":{"_acf_changed":false,"_seopress_robots_primary_cat":"","_seopress_titles_title":"","_seopress_titles_desc":"","_seopress_robots_index":""},"product_brand":[],"product_cat":[328,428,303,306,308,310,311,314,317,324,327],"product_tag":[],"class_list":{"0":"post-3944","1":"product","2":"type-product","3":"status-publish","4":"has-post-thumbnail","6":"product_cat-sucha-skora","7":"product_cat-ceramidy","8":"product_cat-linie-produktow","9":"product_cat-rodzaj-skory","10":"product_cat-pielegnacja-skory","11":"product_cat-potrzeby-skory","12":"product_cat-ochrona-spf","13":"product_cat-skora-wrazliwa","14":"product_cat-przeciw-swedzeniu-i-sciaganiu","15":"product_cat-odnowa-i-odmlodzenie","16":"product_cat-pielegnacja-twarzy","18":"first","19":"instock","20":"shipping-taxable","21":"purchasable","22":"product-type-simple"},"acf":[],"_links":{"self":[{"href":"https:\/\/vzklaboratory.com\/pl\/wp-json\/wp\/v2\/product\/3944","targetHints":{"allow":["GET"]}}],"collection":[{"href":"https:\/\/vzklaboratory.com\/pl\/wp-json\/wp\/v2\/product"}],"about":[{"href":"https:\/\/vzklaboratory.com\/pl\/wp-json\/wp\/v2\/types\/product"}],"replies":[{"embeddable":true,"href":"https:\/\/vzklaboratory.com\/pl\/wp-json\/wp\/v2\/comments?post=3944"}],"wp:featuredmedia":[{"embeddable":true,"href":"https:\/\/vzklaboratory.com\/pl\/wp-json\/wp\/v2\/media\/3903"}],"wp:attachment":[{"href":"https:\/\/vzklaboratory.com\/pl\/wp-json\/wp\/v2\/media?parent=3944"}],"wp:term":[{"taxonomy":"product_brand","embeddable":true,"href":"https:\/\/vzklaboratory.com\/pl\/wp-json\/wp\/v2\/product_brand?post=3944"},{"taxonomy":"product_cat","embeddable":true,"href":"https:\/\/vzklaboratory.com\/pl\/wp-json\/wp\/v2\/product_cat?post=3944"},{"taxonomy":"product_tag","embeddable":true,"href":"https:\/\/vzklaboratory.com\/pl\/wp-json\/wp\/v2\/product_tag?post=3944"}],"curies":[{"name":"wp","href":"https:\/\/api.w.org\/{rel}","templated":true}]}}