{"id":3890,"date":"2025-10-19T23:04:34","date_gmt":"2025-10-19T21:04:34","guid":{"rendered":"https:\/\/vzk.cubesdev.rs\/our-products\/uncategorized\/vzk-maslo-do-ciala-z-ceramidami-200-ml\/"},"modified":"2025-10-19T23:04:47","modified_gmt":"2025-10-19T21:04:47","slug":"vzk-maslo-do-ciala-z-ceramidami-200-ml","status":"publish","type":"product","link":"https:\/\/vzklaboratory.com\/pl\/nasze-produkty\/rodzaj-skory\/skora-wrazliwa\/vzk-maslo-do-ciala-z-ceramidami-200-ml\/","title":{"rendered":"VZK mas\u0142o do cia\u0142a z ceramidami, 200 ml"},"content":{"rendered":"<p>Formu\u0142a wzbogacona wysokiej jako\u015bci ceramidami pomaga sk\u00f3rze utrzyma\u0107 nawodnienie i naturaln\u0105 barier\u0119 ochronn\u0105, jednocze\u015bnie eliminuj\u0105c nieprzyjemne uczucie \u015bci\u0105gni\u0119cia. Dodatek mas\u0142a shea i skwalanu zmi\u0119kcza sk\u00f3r\u0119, zapewniaj\u0105c d\u0142ugotrwa\u0142e nawil\u017cenie. Do piel\u0119gnacji ka\u017cdego rodzaju sk\u00f3ry, szczeg\u00f3lnie suchej i wra\u017cliwej.<\/p>\n","protected":false},"excerpt":{"rendered":"<p>Formu\u0142a wzbogacona wysokiej jako\u015bci ceramidami pomaga sk\u00f3rze utrzyma\u0107 nawodnienie i naturaln\u0105 barier\u0119 ochronn\u0105, jednocze\u015bnie eliminuj\u0105c nieprzyjemne uczucie \u015bci\u0105gni\u0119cia. Dodatek mas\u0142a shea i skwalanu zmi\u0119kcza sk\u00f3r\u0119, zapewniaj\u0105c d\u0142ugotrwa\u0142e nawil\u017cenie. Do piel\u0119gnacji ka\u017cdego rodzaju sk\u00f3ry, szczeg\u00f3lnie suchej i wra\u017cliwej.<\/p>\n","protected":false},"featured_media":3873,"comment_status":"open","ping_status":"closed","template":"","meta":{"_acf_changed":false,"_seopress_robots_primary_cat":"","_seopress_titles_title":"","_seopress_titles_desc":"","_seopress_robots_index":""},"product_brand":[],"product_cat":[303,306,308,310,314,317,324,325,328,428],"product_tag":[],"class_list":{"0":"post-3890","1":"product","2":"type-product","3":"status-publish","4":"has-post-thumbnail","6":"product_cat-linie-produktow","7":"product_cat-rodzaj-skory","8":"product_cat-pielegnacja-skory","9":"product_cat-potrzeby-skory","10":"product_cat-skora-wrazliwa","11":"product_cat-przeciw-swedzeniu-i-sciaganiu","12":"product_cat-odnowa-i-odmlodzenie","13":"product_cat-odrzuca-ekran","14":"product_cat-sucha-skora","15":"product_cat-ceramidy","17":"first","18":"instock","19":"shipping-taxable","20":"purchasable","21":"product-type-simple"},"acf":[],"_links":{"self":[{"href":"https:\/\/vzklaboratory.com\/pl\/wp-json\/wp\/v2\/product\/3890","targetHints":{"allow":["GET"]}}],"collection":[{"href":"https:\/\/vzklaboratory.com\/pl\/wp-json\/wp\/v2\/product"}],"about":[{"href":"https:\/\/vzklaboratory.com\/pl\/wp-json\/wp\/v2\/types\/product"}],"replies":[{"embeddable":true,"href":"https:\/\/vzklaboratory.com\/pl\/wp-json\/wp\/v2\/comments?post=3890"}],"wp:featuredmedia":[{"embeddable":true,"href":"https:\/\/vzklaboratory.com\/pl\/wp-json\/wp\/v2\/media\/3873"}],"wp:attachment":[{"href":"https:\/\/vzklaboratory.com\/pl\/wp-json\/wp\/v2\/media?parent=3890"}],"wp:term":[{"taxonomy":"product_brand","embeddable":true,"href":"https:\/\/vzklaboratory.com\/pl\/wp-json\/wp\/v2\/product_brand?post=3890"},{"taxonomy":"product_cat","embeddable":true,"href":"https:\/\/vzklaboratory.com\/pl\/wp-json\/wp\/v2\/product_cat?post=3890"},{"taxonomy":"product_tag","embeddable":true,"href":"https:\/\/vzklaboratory.com\/pl\/wp-json\/wp\/v2\/product_tag?post=3890"}],"curies":[{"name":"wp","href":"https:\/\/api.w.org\/{rel}","templated":true}]}}