{"id":3866,"date":"2025-10-19T23:04:04","date_gmt":"2025-10-19T21:04:04","guid":{"rendered":"https:\/\/vzk.cubesdev.rs\/our-products\/uncategorized\/vzk-krem-pod-oczy-z-ceramidami-15-ml\/"},"modified":"2025-10-19T23:04:34","modified_gmt":"2025-10-19T21:04:34","slug":"vzk-krem-pod-oczy-z-ceramidami-15-ml","status":"publish","type":"product","link":"https:\/\/vzklaboratory.com\/pl\/nasze-produkty\/potrzeby-skory\/odnowa-i-odmlodzenie\/vzk-krem-pod-oczy-z-ceramidami-15-ml\/","title":{"rendered":"VZK krem pod oczy z ceramidami, 15 ml"},"content":{"rendered":"<p>Krem do piel\u0119gnacji sk\u00f3ry wok\u00f3\u0142 oczu wzbogacony o wysokiej jako\u015bci ceramidy nawil\u017ca sk\u00f3r\u0119 i pomaga zachowa\u0107 jej naturaln\u0105 barier\u0119 ochronn\u0105, jednocze\u015bnie redukuj\u0105c skutki zm\u0119czenia, stresu i starzenia. Zawarty w nim Amaretine \u00ae intensywnie piel\u0119gnuje sk\u00f3r\u0119 i pomaga walczy\u0107 z podra\u017cnieniami i zaczerwienieniami.<\/p>\n","protected":false},"excerpt":{"rendered":"<p>Krem do piel\u0119gnacji sk\u00f3ry wok\u00f3\u0142 oczu wzbogacony o wysokiej jako\u015bci ceramidy nawil\u017ca sk\u00f3r\u0119 i pomaga zachowa\u0107 jej naturaln\u0105 barier\u0119 ochronn\u0105, jednocze\u015bnie redukuj\u0105c skutki zm\u0119czenia, stresu i starzenia. Zawarty w nim Amaretine \u00ae intensywnie piel\u0119gnuje sk\u00f3r\u0119 i pomaga walczy\u0107 z podra\u017cnieniami i zaczerwienieniami.<\/p>\n","protected":false},"featured_media":3819,"comment_status":"open","ping_status":"closed","template":"","meta":{"_acf_changed":false,"_seopress_robots_primary_cat":"","_seopress_titles_title":"","_seopress_titles_desc":"","_seopress_robots_index":""},"product_brand":[],"product_cat":[324,327,328,428,303,306,308,310,314],"product_tag":[],"class_list":{"0":"post-3866","1":"product","2":"type-product","3":"status-publish","4":"has-post-thumbnail","6":"product_cat-odnowa-i-odmlodzenie","7":"product_cat-pielegnacja-twarzy","8":"product_cat-sucha-skora","9":"product_cat-ceramidy","10":"product_cat-linie-produktow","11":"product_cat-rodzaj-skory","12":"product_cat-pielegnacja-skory","13":"product_cat-potrzeby-skory","14":"product_cat-skora-wrazliwa","16":"first","17":"instock","18":"shipping-taxable","19":"purchasable","20":"product-type-simple"},"acf":[],"_links":{"self":[{"href":"https:\/\/vzklaboratory.com\/pl\/wp-json\/wp\/v2\/product\/3866","targetHints":{"allow":["GET"]}}],"collection":[{"href":"https:\/\/vzklaboratory.com\/pl\/wp-json\/wp\/v2\/product"}],"about":[{"href":"https:\/\/vzklaboratory.com\/pl\/wp-json\/wp\/v2\/types\/product"}],"replies":[{"embeddable":true,"href":"https:\/\/vzklaboratory.com\/pl\/wp-json\/wp\/v2\/comments?post=3866"}],"wp:featuredmedia":[{"embeddable":true,"href":"https:\/\/vzklaboratory.com\/pl\/wp-json\/wp\/v2\/media\/3819"}],"wp:attachment":[{"href":"https:\/\/vzklaboratory.com\/pl\/wp-json\/wp\/v2\/media?parent=3866"}],"wp:term":[{"taxonomy":"product_brand","embeddable":true,"href":"https:\/\/vzklaboratory.com\/pl\/wp-json\/wp\/v2\/product_brand?post=3866"},{"taxonomy":"product_cat","embeddable":true,"href":"https:\/\/vzklaboratory.com\/pl\/wp-json\/wp\/v2\/product_cat?post=3866"},{"taxonomy":"product_tag","embeddable":true,"href":"https:\/\/vzklaboratory.com\/pl\/wp-json\/wp\/v2\/product_tag?post=3866"}],"curies":[{"name":"wp","href":"https:\/\/api.w.org\/{rel}","templated":true}]}}