{"id":3692,"date":"2025-10-19T23:02:42","date_gmt":"2025-10-19T21:02:42","guid":{"rendered":"https:\/\/vzk.cubesdev.rs\/our-products\/uncategorized\/vzk-krem-zel-z-pantenolem-do-twarzy-i-ciala-50-ml\/"},"modified":"2025-10-19T23:02:59","modified_gmt":"2025-10-19T21:02:59","slug":"vzk-krem-zel-z-pantenolem-do-twarzy-i-ciala-50-ml","status":"publish","type":"product","link":"https:\/\/vzklaboratory.com\/pl\/nasze-produkty\/potrzeby-skory\/podstawowa-opieka\/vzk-krem-zel-z-pantenolem-do-twarzy-i-ciala-50-ml\/","title":{"rendered":"VZK krem-\u017cel z pantenolem do twarzy i cia\u0142a, 50 ml"},"content":{"rendered":"<p>Niet\u0142usta formu\u0142a z pantenolem i olejem jojoba \u0142agodzi podra\u017cnienia oraz od\u017cywia, chroni i utrzymuje prawid\u0142owe funkcjonowanie sk\u00f3ry. \u0141atwo si\u0119 wch\u0142ania, dzi\u0119ki czemu sk\u00f3ra staje si\u0119 mi\u0119kka i delikatna.<\/p>\n","protected":false},"excerpt":{"rendered":"<p>Niet\u0142usta formu\u0142a z pantenolem i olejem jojoba \u0142agodzi podra\u017cnienia oraz od\u017cywia, chroni i utrzymuje prawid\u0142owe funkcjonowanie sk\u00f3ry. \u0141atwo si\u0119 wch\u0142ania, dzi\u0119ki czemu sk\u00f3ra staje si\u0119 mi\u0119kka i delikatna.<\/p>\n","protected":false},"featured_media":3669,"comment_status":"open","ping_status":"closed","template":"","meta":{"_acf_changed":false,"_seopress_robots_primary_cat":"","_seopress_titles_title":"","_seopress_titles_desc":"","_seopress_robots_index":""},"product_brand":[],"product_cat":[303,306,308,310,313,370,372,424],"product_tag":[],"class_list":{"0":"post-3692","1":"product","2":"type-product","3":"status-publish","4":"has-post-thumbnail","6":"product_cat-linie-produktow","7":"product_cat-rodzaj-skory","8":"product_cat-pielegnacja-skory","9":"product_cat-potrzeby-skory","10":"product_cat-podstawowa-opieka","11":"product_cat-apteka-domowa","12":"product_cat-podstawowe-nawodnienie","13":"product_cat-pantenol-linie-produktow","15":"first","16":"instock","17":"shipping-taxable","18":"purchasable","19":"product-type-simple"},"acf":[],"_links":{"self":[{"href":"https:\/\/vzklaboratory.com\/pl\/wp-json\/wp\/v2\/product\/3692","targetHints":{"allow":["GET"]}}],"collection":[{"href":"https:\/\/vzklaboratory.com\/pl\/wp-json\/wp\/v2\/product"}],"about":[{"href":"https:\/\/vzklaboratory.com\/pl\/wp-json\/wp\/v2\/types\/product"}],"replies":[{"embeddable":true,"href":"https:\/\/vzklaboratory.com\/pl\/wp-json\/wp\/v2\/comments?post=3692"}],"wp:featuredmedia":[{"embeddable":true,"href":"https:\/\/vzklaboratory.com\/pl\/wp-json\/wp\/v2\/media\/3669"}],"wp:attachment":[{"href":"https:\/\/vzklaboratory.com\/pl\/wp-json\/wp\/v2\/media?parent=3692"}],"wp:term":[{"taxonomy":"product_brand","embeddable":true,"href":"https:\/\/vzklaboratory.com\/pl\/wp-json\/wp\/v2\/product_brand?post=3692"},{"taxonomy":"product_cat","embeddable":true,"href":"https:\/\/vzklaboratory.com\/pl\/wp-json\/wp\/v2\/product_cat?post=3692"},{"taxonomy":"product_tag","embeddable":true,"href":"https:\/\/vzklaboratory.com\/pl\/wp-json\/wp\/v2\/product_tag?post=3692"}],"curies":[{"name":"wp","href":"https:\/\/api.w.org\/{rel}","templated":true}]}}