{"id":3645,"date":"2025-10-19T23:02:27","date_gmt":"2025-10-19T21:02:27","guid":{"rendered":"https:\/\/vzk.cubesdev.rs\/our-products\/uncategorized\/vzk-zel-do-mycia-twarzy-z-niacynamidem-200-ml\/"},"modified":"2025-10-19T23:02:32","modified_gmt":"2025-10-19T21:02:32","slug":"vzk-zel-do-mycia-twarzy-z-niacynamidem-200-ml","status":"publish","type":"product","link":"https:\/\/vzklaboratory.com\/pl\/nasze-produkty\/potrzeby-skory\/wyrownuje-skore-i-jej-strukture\/vzk-zel-do-mycia-twarzy-z-niacynamidem-200-ml\/","title":{"rendered":"VZK \u017cel do mycia twarzy z niacynamidem, 200 ml"},"content":{"rendered":"<p>\u017bel do mycia twarzy z niacynamidem (witamin\u0105 B3) skutecznie usuwa nadmiar sebum, zanieczyszczenia i makija\u017c. Niacynamid pomaga regulowa\u0107 produkcj\u0119 sebum, wyr\u00f3wna\u0107 koloryt i zmniejsza\u0107 zaczerwienienia, a dodatek gliceryny nawil\u017ca i zmi\u0119kcza sk\u00f3r\u0119, redukuj\u0105c nieprzyjemne uczucie \u015bci\u0105gni\u0119cia po oczyszczeniu. Do codziennego oczyszczania ka\u017cdego rodzaju sk\u00f3ry, szczeg\u00f3lnie sk\u0142onnej do niedoskona\u0142o\u015bci.<\/p>\n","protected":false},"excerpt":{"rendered":"<p>\u017bel do mycia twarzy z niacynamidem (witamin\u0105 B3) skutecznie usuwa nadmiar sebum, zanieczyszczenia i makija\u017c. Niacynamid pomaga regulowa\u0107 produkcj\u0119 sebum, wyr\u00f3wna\u0107 koloryt i zmniejsza\u0107 zaczerwienienia, a dodatek gliceryny nawil\u017ca i zmi\u0119kcza sk\u00f3r\u0119, redukuj\u0105c nieprzyjemne uczucie \u015bci\u0105gni\u0119cia po oczyszczeniu. Do codziennego oczyszczania ka\u017cdego rodzaju sk\u00f3ry, szczeg\u00f3lnie sk\u0142onnej do niedoskona\u0142o\u015bci.<\/p>\n","protected":false},"featured_media":3640,"comment_status":"open","ping_status":"closed","template":"","meta":{"_acf_changed":false,"_seopress_robots_primary_cat":"","_seopress_titles_title":"","_seopress_titles_desc":"","_seopress_robots_index":""},"product_brand":[],"product_cat":[322,327,329,331,332,333,303,382,306,423,307,308,310],"product_tag":[],"class_list":{"0":"post-3645","1":"product","2":"type-product","3":"status-publish","4":"has-post-thumbnail","6":"product_cat-wyrownuje-skore-i-jej-strukture","7":"product_cat-pielegnacja-twarzy","8":"product_cat-skora-mieszana","9":"product_cat-uwodnienie","10":"product_cat-kontrola-jasnosci","11":"product_cat-normalna-skora","12":"product_cat-linie-produktow","13":"product_cat-oczyszczanie-twarzy","14":"product_cat-rodzaj-skory","15":"product_cat-niacynamid","16":"product_cat-wszystkie-rodzaje-skory","17":"product_cat-pielegnacja-skory","18":"product_cat-potrzeby-skory","20":"first","21":"instock","22":"shipping-taxable","23":"purchasable","24":"product-type-simple"},"acf":[],"_links":{"self":[{"href":"https:\/\/vzklaboratory.com\/pl\/wp-json\/wp\/v2\/product\/3645","targetHints":{"allow":["GET"]}}],"collection":[{"href":"https:\/\/vzklaboratory.com\/pl\/wp-json\/wp\/v2\/product"}],"about":[{"href":"https:\/\/vzklaboratory.com\/pl\/wp-json\/wp\/v2\/types\/product"}],"replies":[{"embeddable":true,"href":"https:\/\/vzklaboratory.com\/pl\/wp-json\/wp\/v2\/comments?post=3645"}],"wp:featuredmedia":[{"embeddable":true,"href":"https:\/\/vzklaboratory.com\/pl\/wp-json\/wp\/v2\/media\/3640"}],"wp:attachment":[{"href":"https:\/\/vzklaboratory.com\/pl\/wp-json\/wp\/v2\/media?parent=3645"}],"wp:term":[{"taxonomy":"product_brand","embeddable":true,"href":"https:\/\/vzklaboratory.com\/pl\/wp-json\/wp\/v2\/product_brand?post=3645"},{"taxonomy":"product_cat","embeddable":true,"href":"https:\/\/vzklaboratory.com\/pl\/wp-json\/wp\/v2\/product_cat?post=3645"},{"taxonomy":"product_tag","embeddable":true,"href":"https:\/\/vzklaboratory.com\/pl\/wp-json\/wp\/v2\/product_tag?post=3645"}],"curies":[{"name":"wp","href":"https:\/\/api.w.org\/{rel}","templated":true}]}}