{"id":3633,"date":"2025-10-19T23:02:18","date_gmt":"2025-10-19T21:02:18","guid":{"rendered":"https:\/\/vzk.cubesdev.rs\/our-products\/uncategorized\/vzk-serum-do-twarzy-z-niacynamidem-30-ml\/"},"modified":"2025-10-19T23:02:27","modified_gmt":"2025-10-19T21:02:27","slug":"vzk-serum-do-twarzy-z-niacynamidem-30-ml","status":"publish","type":"product","link":"https:\/\/vzklaboratory.com\/pl\/nasze-produkty\/linie-produktow\/niacynamid\/vzk-serum-do-twarzy-z-niacynamidem-30-ml\/","title":{"rendered":"VZK serum do twarzy z niacynamidem, 30 ml"},"content":{"rendered":"<p>Skoncentrowane serum z niacynamidem (witamin\u0105 B3) nadaje sk\u00f3rze twarzy blask, reguluje produkcj\u0119 sebum, zmniejsza zaczerwienienia i poprawia tekstur\u0119 sk\u00f3ry. Dodatek kwasu hialuronowego zmniejsza widoczno\u015b\u0107 zmarszczek, a pantenol od\u017cywia sk\u00f3r\u0119 twarzy chroni\u0105c j\u0105 przed negatywnymi wp\u0142ywami zewn\u0119trznymi.<\/p>\n","protected":false},"excerpt":{"rendered":"<p>Skoncentrowane serum z niacynamidem (witamin\u0105 B3) nadaje sk\u00f3rze twarzy blask, reguluje produkcj\u0119 sebum, zmniejsza zaczerwienienia i poprawia tekstur\u0119 sk\u00f3ry. Dodatek kwasu hialuronowego zmniejsza widoczno\u015b\u0107 zmarszczek, a pantenol od\u017cywia sk\u00f3r\u0119 twarzy chroni\u0105c j\u0105 przed negatywnymi wp\u0142ywami zewn\u0119trznymi.<\/p>\n","protected":false},"featured_media":3622,"comment_status":"open","ping_status":"closed","template":"","meta":{"_acf_changed":false,"_seopress_robots_primary_cat":"","_seopress_titles_title":"","_seopress_titles_desc":"","_seopress_robots_index":""},"product_brand":[],"product_cat":[423,306,307,308,310,322,327,329,331,332,333,303],"product_tag":[],"class_list":{"0":"post-3633","1":"product","2":"type-product","3":"status-publish","4":"has-post-thumbnail","6":"product_cat-niacynamid","7":"product_cat-rodzaj-skory","8":"product_cat-wszystkie-rodzaje-skory","9":"product_cat-pielegnacja-skory","10":"product_cat-potrzeby-skory","11":"product_cat-wyrownuje-skore-i-jej-strukture","12":"product_cat-pielegnacja-twarzy","13":"product_cat-skora-mieszana","14":"product_cat-uwodnienie","15":"product_cat-kontrola-jasnosci","16":"product_cat-normalna-skora","17":"product_cat-linie-produktow","19":"first","20":"instock","21":"shipping-taxable","22":"purchasable","23":"product-type-simple"},"acf":[],"_links":{"self":[{"href":"https:\/\/vzklaboratory.com\/pl\/wp-json\/wp\/v2\/product\/3633","targetHints":{"allow":["GET"]}}],"collection":[{"href":"https:\/\/vzklaboratory.com\/pl\/wp-json\/wp\/v2\/product"}],"about":[{"href":"https:\/\/vzklaboratory.com\/pl\/wp-json\/wp\/v2\/types\/product"}],"replies":[{"embeddable":true,"href":"https:\/\/vzklaboratory.com\/pl\/wp-json\/wp\/v2\/comments?post=3633"}],"wp:featuredmedia":[{"embeddable":true,"href":"https:\/\/vzklaboratory.com\/pl\/wp-json\/wp\/v2\/media\/3622"}],"wp:attachment":[{"href":"https:\/\/vzklaboratory.com\/pl\/wp-json\/wp\/v2\/media?parent=3633"}],"wp:term":[{"taxonomy":"product_brand","embeddable":true,"href":"https:\/\/vzklaboratory.com\/pl\/wp-json\/wp\/v2\/product_brand?post=3633"},{"taxonomy":"product_cat","embeddable":true,"href":"https:\/\/vzklaboratory.com\/pl\/wp-json\/wp\/v2\/product_cat?post=3633"},{"taxonomy":"product_tag","embeddable":true,"href":"https:\/\/vzklaboratory.com\/pl\/wp-json\/wp\/v2\/product_tag?post=3633"}],"curies":[{"name":"wp","href":"https:\/\/api.w.org\/{rel}","templated":true}]}}