{"id":3615,"date":"2025-10-19T23:02:13","date_gmt":"2025-10-19T21:02:13","guid":{"rendered":"https:\/\/vzk.cubesdev.rs\/our-products\/uncategorized\/vzk-lotion-do-twarzy-z-niacynamidem-200-ml\/"},"modified":"2025-10-19T23:02:18","modified_gmt":"2025-10-19T21:02:18","slug":"vzk-lotion-do-twarzy-z-niacynamidem-200-ml","status":"publish","type":"product","link":"https:\/\/vzklaboratory.com\/pl\/nasze-produkty\/rodzaj-skory\/skora-mieszana\/vzk-lotion-do-twarzy-z-niacynamidem-200-ml\/","title":{"rendered":"VZK lotion do twarzy z niacynamidem, 200 ml"},"content":{"rendered":"<p>Lotion do twarzy z niacynamidem (witamin\u0105 B3) dok\u0142adnie i delikatnie oczyszcza sk\u00f3r\u0119 twarzy, nadaj\u0105c jej blasku, wyr\u00f3wnuj\u0105c koloryt i zmniejszaj\u0105c zaczerwienienia. Dzi\u0119ki \u0142agodnemu dzia\u0142aniu nie podra\u017cnia sk\u00f3ry i chroni j\u0105 przed wysuszeniem. Do codziennego oczyszczania ka\u017cdego rodzaju sk\u00f3ry, szczeg\u00f3lnie sk\u0142onnej do niedoskona\u0142o\u015bci.<\/p>\n","protected":false},"excerpt":{"rendered":"<p>Lotion do twarzy z niacynamidem (witamin\u0105 B3) dok\u0142adnie i delikatnie oczyszcza sk\u00f3r\u0119 twarzy, nadaj\u0105c jej blasku, wyr\u00f3wnuj\u0105c koloryt i zmniejszaj\u0105c zaczerwienienia. Dzi\u0119ki \u0142agodnemu dzia\u0142aniu nie podra\u017cnia sk\u00f3ry i chroni j\u0105 przed wysuszeniem. Do codziennego oczyszczania ka\u017cdego rodzaju sk\u00f3ry, szczeg\u00f3lnie sk\u0142onnej do niedoskona\u0142o\u015bci.<\/p>\n","protected":false},"featured_media":3610,"comment_status":"open","ping_status":"closed","template":"","meta":{"_acf_changed":false,"_seopress_robots_primary_cat":"","_seopress_titles_title":"","_seopress_titles_desc":"","_seopress_robots_index":""},"product_brand":[],"product_cat":[329,331,332,333,303,382,306,423,307,308,310,322,327],"product_tag":[],"class_list":{"0":"post-3615","1":"product","2":"type-product","3":"status-publish","4":"has-post-thumbnail","6":"product_cat-skora-mieszana","7":"product_cat-uwodnienie","8":"product_cat-kontrola-jasnosci","9":"product_cat-normalna-skora","10":"product_cat-linie-produktow","11":"product_cat-oczyszczanie-twarzy","12":"product_cat-rodzaj-skory","13":"product_cat-niacynamid","14":"product_cat-wszystkie-rodzaje-skory","15":"product_cat-pielegnacja-skory","16":"product_cat-potrzeby-skory","17":"product_cat-wyrownuje-skore-i-jej-strukture","18":"product_cat-pielegnacja-twarzy","20":"first","21":"instock","22":"shipping-taxable","23":"purchasable","24":"product-type-simple"},"acf":[],"_links":{"self":[{"href":"https:\/\/vzklaboratory.com\/pl\/wp-json\/wp\/v2\/product\/3615","targetHints":{"allow":["GET"]}}],"collection":[{"href":"https:\/\/vzklaboratory.com\/pl\/wp-json\/wp\/v2\/product"}],"about":[{"href":"https:\/\/vzklaboratory.com\/pl\/wp-json\/wp\/v2\/types\/product"}],"replies":[{"embeddable":true,"href":"https:\/\/vzklaboratory.com\/pl\/wp-json\/wp\/v2\/comments?post=3615"}],"wp:featuredmedia":[{"embeddable":true,"href":"https:\/\/vzklaboratory.com\/pl\/wp-json\/wp\/v2\/media\/3610"}],"wp:attachment":[{"href":"https:\/\/vzklaboratory.com\/pl\/wp-json\/wp\/v2\/media?parent=3615"}],"wp:term":[{"taxonomy":"product_brand","embeddable":true,"href":"https:\/\/vzklaboratory.com\/pl\/wp-json\/wp\/v2\/product_brand?post=3615"},{"taxonomy":"product_cat","embeddable":true,"href":"https:\/\/vzklaboratory.com\/pl\/wp-json\/wp\/v2\/product_cat?post=3615"},{"taxonomy":"product_tag","embeddable":true,"href":"https:\/\/vzklaboratory.com\/pl\/wp-json\/wp\/v2\/product_tag?post=3615"}],"curies":[{"name":"wp","href":"https:\/\/api.w.org\/{rel}","templated":true}]}}