{"id":3603,"date":"2025-10-19T23:02:04","date_gmt":"2025-10-19T21:02:04","guid":{"rendered":"https:\/\/vzk.cubesdev.rs\/our-products\/uncategorized\/vzk-krem-do-twarzy-z-niacynamidem-50-ml\/"},"modified":"2025-10-19T23:02:12","modified_gmt":"2025-10-19T21:02:12","slug":"vzk-krem-do-twarzy-z-niacynamidem-50-ml","status":"publish","type":"product","link":"https:\/\/vzklaboratory.com\/pl\/nasze-produkty\/potrzeby-skory\/wyrownuje-skore-i-jej-strukture\/vzk-krem-do-twarzy-z-niacynamidem-50-ml\/","title":{"rendered":"VZK krem do twarzy z niacynamidem, 50 ml"},"content":{"rendered":"<p>Krem do twarzy z niacynamidem (witamin\u0105 B3) nawil\u017ca sk\u00f3r\u0119 i poprawia jej koloryt. Zawiera 10% niacynamidu, kt\u00f3ry zmniejsza zaczerwienienia i pomaga regulowa\u0107 produkcj\u0119 sebum. Dodatek kwasu hialuronowego zmniejsza widoczno\u015b\u0107 zmarszczek, a olej jojoba od\u017cywia i chroni sk\u00f3r\u0119 twarzy przed negatywnymi wp\u0142ywami zewn\u0119trznymi.<\/p>\n","protected":false},"excerpt":{"rendered":"<p>Krem do twarzy z niacynamidem (witamin\u0105 B3) nawil\u017ca sk\u00f3r\u0119 i poprawia jej koloryt. Zawiera 10% niacynamidu, kt\u00f3ry zmniejsza zaczerwienienia i pomaga regulowa\u0107 produkcj\u0119 sebum. Dodatek kwasu hialuronowego zmniejsza widoczno\u015b\u0107 zmarszczek, a olej jojoba od\u017cywia i chroni sk\u00f3r\u0119 twarzy przed negatywnymi wp\u0142ywami zewn\u0119trznymi.<\/p>\n","protected":false},"featured_media":3592,"comment_status":"open","ping_status":"closed","template":"","meta":{"_acf_changed":false,"_seopress_robots_primary_cat":"","_seopress_titles_title":"","_seopress_titles_desc":"","_seopress_robots_index":""},"product_brand":[],"product_cat":[322,327,329,331,332,333,303,423,306,307,308,310],"product_tag":[],"class_list":{"0":"post-3603","1":"product","2":"type-product","3":"status-publish","4":"has-post-thumbnail","6":"product_cat-wyrownuje-skore-i-jej-strukture","7":"product_cat-pielegnacja-twarzy","8":"product_cat-skora-mieszana","9":"product_cat-uwodnienie","10":"product_cat-kontrola-jasnosci","11":"product_cat-normalna-skora","12":"product_cat-linie-produktow","13":"product_cat-niacynamid","14":"product_cat-rodzaj-skory","15":"product_cat-wszystkie-rodzaje-skory","16":"product_cat-pielegnacja-skory","17":"product_cat-potrzeby-skory","19":"first","20":"instock","21":"shipping-taxable","22":"purchasable","23":"product-type-simple"},"acf":[],"_links":{"self":[{"href":"https:\/\/vzklaboratory.com\/pl\/wp-json\/wp\/v2\/product\/3603","targetHints":{"allow":["GET"]}}],"collection":[{"href":"https:\/\/vzklaboratory.com\/pl\/wp-json\/wp\/v2\/product"}],"about":[{"href":"https:\/\/vzklaboratory.com\/pl\/wp-json\/wp\/v2\/types\/product"}],"replies":[{"embeddable":true,"href":"https:\/\/vzklaboratory.com\/pl\/wp-json\/wp\/v2\/comments?post=3603"}],"wp:featuredmedia":[{"embeddable":true,"href":"https:\/\/vzklaboratory.com\/pl\/wp-json\/wp\/v2\/media\/3592"}],"wp:attachment":[{"href":"https:\/\/vzklaboratory.com\/pl\/wp-json\/wp\/v2\/media?parent=3603"}],"wp:term":[{"taxonomy":"product_brand","embeddable":true,"href":"https:\/\/vzklaboratory.com\/pl\/wp-json\/wp\/v2\/product_brand?post=3603"},{"taxonomy":"product_cat","embeddable":true,"href":"https:\/\/vzklaboratory.com\/pl\/wp-json\/wp\/v2\/product_cat?post=3603"},{"taxonomy":"product_tag","embeddable":true,"href":"https:\/\/vzklaboratory.com\/pl\/wp-json\/wp\/v2\/product_tag?post=3603"}],"curies":[{"name":"wp","href":"https:\/\/api.w.org\/{rel}","templated":true}]}}