{"id":3585,"date":"2025-10-19T23:01:55","date_gmt":"2025-10-19T21:01:55","guid":{"rendered":"https:\/\/vzk.cubesdev.rs\/our-products\/uncategorized\/vzk-krem-pod-oczy-z-niacynamidem-15-ml\/"},"modified":"2025-10-19T23:02:03","modified_gmt":"2025-10-19T21:02:03","slug":"vzk-krem-pod-oczy-z-niacynamidem-15-ml","status":"publish","type":"product","link":"https:\/\/vzklaboratory.com\/pl\/nasze-produkty\/potrzeby-skory\/wyrownuje-skore-i-jej-strukture\/vzk-krem-pod-oczy-z-niacynamidem-15-ml\/","title":{"rendered":"VZK krem pod oczy z niacynamidem, 15 ml"},"content":{"rendered":"<p>Krem do piel\u0119gnacji sk\u00f3ry wok\u00f3\u0142 oczu i powiek wzbogacony wysokim st\u0119\u017ceniem niacynamidu (witaminy B3), kwasu hialuronowego i kofeiny poprawia wygl\u0105d wra\u017cliwej sk\u00f3ry wok\u00f3\u0142 oczu dzi\u0119ki potr\u00f3jnemu dzia\u0142aniu: niacynamid zmniejsza widoczno\u015b\u0107 cieni pod oczami, kwas hialuronowy zmarszczek, a kofeina opuchlizny pod oczami.<\/p>\n","protected":false},"excerpt":{"rendered":"<p>Krem do piel\u0119gnacji sk\u00f3ry wok\u00f3\u0142 oczu i powiek wzbogacony wysokim st\u0119\u017ceniem niacynamidu (witaminy B3), kwasu hialuronowego i kofeiny poprawia wygl\u0105d wra\u017cliwej sk\u00f3ry wok\u00f3\u0142 oczu dzi\u0119ki potr\u00f3jnemu dzia\u0142aniu: niacynamid zmniejsza widoczno\u015b\u0107 cieni pod oczami, kwas hialuronowy zmarszczek, a kofeina opuchlizny pod oczami.<\/p>\n","protected":false},"featured_media":3575,"comment_status":"open","ping_status":"closed","template":"","meta":{"_acf_changed":false,"_seopress_robots_primary_cat":"","_seopress_titles_title":"","_seopress_titles_desc":"","_seopress_robots_index":""},"product_brand":[],"product_cat":[308,310,322,327,329,331,332,333,303,423,306,307],"product_tag":[],"class_list":{"0":"post-3585","1":"product","2":"type-product","3":"status-publish","4":"has-post-thumbnail","6":"product_cat-pielegnacja-skory","7":"product_cat-potrzeby-skory","8":"product_cat-wyrownuje-skore-i-jej-strukture","9":"product_cat-pielegnacja-twarzy","10":"product_cat-skora-mieszana","11":"product_cat-uwodnienie","12":"product_cat-kontrola-jasnosci","13":"product_cat-normalna-skora","14":"product_cat-linie-produktow","15":"product_cat-niacynamid","16":"product_cat-rodzaj-skory","17":"product_cat-wszystkie-rodzaje-skory","19":"first","20":"instock","21":"shipping-taxable","22":"purchasable","23":"product-type-simple"},"acf":[],"_links":{"self":[{"href":"https:\/\/vzklaboratory.com\/pl\/wp-json\/wp\/v2\/product\/3585","targetHints":{"allow":["GET"]}}],"collection":[{"href":"https:\/\/vzklaboratory.com\/pl\/wp-json\/wp\/v2\/product"}],"about":[{"href":"https:\/\/vzklaboratory.com\/pl\/wp-json\/wp\/v2\/types\/product"}],"replies":[{"embeddable":true,"href":"https:\/\/vzklaboratory.com\/pl\/wp-json\/wp\/v2\/comments?post=3585"}],"wp:featuredmedia":[{"embeddable":true,"href":"https:\/\/vzklaboratory.com\/pl\/wp-json\/wp\/v2\/media\/3575"}],"wp:attachment":[{"href":"https:\/\/vzklaboratory.com\/pl\/wp-json\/wp\/v2\/media?parent=3585"}],"wp:term":[{"taxonomy":"product_brand","embeddable":true,"href":"https:\/\/vzklaboratory.com\/pl\/wp-json\/wp\/v2\/product_brand?post=3585"},{"taxonomy":"product_cat","embeddable":true,"href":"https:\/\/vzklaboratory.com\/pl\/wp-json\/wp\/v2\/product_cat?post=3585"},{"taxonomy":"product_tag","embeddable":true,"href":"https:\/\/vzklaboratory.com\/pl\/wp-json\/wp\/v2\/product_tag?post=3585"}],"curies":[{"name":"wp","href":"https:\/\/api.w.org\/{rel}","templated":true}]}}