{"id":3502,"date":"2025-10-19T23:00:52","date_gmt":"2025-10-19T21:00:52","guid":{"rendered":"https:\/\/vzk.cubesdev.rs\/our-products\/uncategorized\/vzk-matujacy-krem-do-twarzy-50-ml\/"},"modified":"2025-10-19T23:01:25","modified_gmt":"2025-10-19T21:01:25","slug":"vzk-matujacy-krem-do-twarzy-50-ml","status":"publish","type":"product","link":"https:\/\/vzklaboratory.com\/pl\/nasze-produkty\/linie-produktow\/skora-problematyczna\/vzk-matujacy-krem-do-twarzy-50-ml\/","title":{"rendered":"VZK matuj\u0105cy krem do twarzy, 50 ml"},"content":{"rendered":"<p>Lekki krem przeznaczony do cery t\u0142ustej ze sk\u0142onno\u015bci\u0105 do niedoskona\u0142o\u015bci. Niet\u0142usta konsystencja natychmiast matuje sk\u00f3r\u0119, zmniejsza widoczno\u015b\u0107 por\u00f3w i pomaga regulowa\u0107 wydzielanie sebum. Zawiera nawil\u017caj\u0105c\u0105 sk\u00f3r\u0119 gliceryn\u0119 oraz Uvaxine\u2122 pomagaj\u0105cy chroni\u0107 sk\u00f3r\u0119 przed szkodliwym promieniowaniem UV i starzeniem si\u0119 spowodowanym negatywnym dzia\u0142aniem s\u0142o\u0144ca.<\/p>\n","protected":false},"excerpt":{"rendered":"<p>Lekki krem przeznaczony do cery t\u0142ustej ze sk\u0142onno\u015bci\u0105 do niedoskona\u0142o\u015bci. Niet\u0142usta konsystencja natychmiast matuje sk\u00f3r\u0119, zmniejsza widoczno\u015b\u0107 por\u00f3w i pomaga regulowa\u0107 wydzielanie sebum. Zawiera nawil\u017caj\u0105c\u0105 sk\u00f3r\u0119 gliceryn\u0119 oraz Uvaxine\u2122 pomagaj\u0105cy chroni\u0107 sk\u00f3r\u0119 przed szkodliwym promieniowaniem UV i starzeniem si\u0119 spowodowanym negatywnym dzia\u0142aniem s\u0142o\u0144ca.<\/p>\n","protected":false},"featured_media":3455,"comment_status":"open","ping_status":"closed","template":"","meta":{"_acf_changed":false,"_seopress_robots_primary_cat":"","_seopress_titles_title":"","_seopress_titles_desc":"","_seopress_robots_index":""},"product_brand":[],"product_cat":[304,306,308,310,318,323,327,330,332,303],"product_tag":[],"class_list":{"0":"post-3502","1":"product","2":"type-product","3":"status-publish","4":"has-post-thumbnail","6":"product_cat-skora-problematyczna","7":"product_cat-rodzaj-skory","8":"product_cat-pielegnacja-skory","9":"product_cat-potrzeby-skory","10":"product_cat-skora-tlusta","11":"product_cat-kontrola-tradziku","12":"product_cat-pielegnacja-twarzy","13":"product_cat-skora-sklonna-do-tradziku","14":"product_cat-kontrola-jasnosci","15":"product_cat-linie-produktow","17":"first","18":"instock","19":"shipping-taxable","20":"purchasable","21":"product-type-simple"},"acf":[],"_links":{"self":[{"href":"https:\/\/vzklaboratory.com\/pl\/wp-json\/wp\/v2\/product\/3502","targetHints":{"allow":["GET"]}}],"collection":[{"href":"https:\/\/vzklaboratory.com\/pl\/wp-json\/wp\/v2\/product"}],"about":[{"href":"https:\/\/vzklaboratory.com\/pl\/wp-json\/wp\/v2\/types\/product"}],"replies":[{"embeddable":true,"href":"https:\/\/vzklaboratory.com\/pl\/wp-json\/wp\/v2\/comments?post=3502"}],"wp:featuredmedia":[{"embeddable":true,"href":"https:\/\/vzklaboratory.com\/pl\/wp-json\/wp\/v2\/media\/3455"}],"wp:attachment":[{"href":"https:\/\/vzklaboratory.com\/pl\/wp-json\/wp\/v2\/media?parent=3502"}],"wp:term":[{"taxonomy":"product_brand","embeddable":true,"href":"https:\/\/vzklaboratory.com\/pl\/wp-json\/wp\/v2\/product_brand?post=3502"},{"taxonomy":"product_cat","embeddable":true,"href":"https:\/\/vzklaboratory.com\/pl\/wp-json\/wp\/v2\/product_cat?post=3502"},{"taxonomy":"product_tag","embeddable":true,"href":"https:\/\/vzklaboratory.com\/pl\/wp-json\/wp\/v2\/product_tag?post=3502"}],"curies":[{"name":"wp","href":"https:\/\/api.w.org\/{rel}","templated":true}]}}