{"id":3448,"date":"2025-10-19T23:00:23","date_gmt":"2025-10-19T21:00:23","guid":{"rendered":"https:\/\/vzk.cubesdev.rs\/our-products\/uncategorized\/vzk-oczyszczajacy-lotion-dla-skory-problematycznej-100-ml\/"},"modified":"2025-10-19T23:00:51","modified_gmt":"2025-10-19T21:00:51","slug":"vzk-oczyszczajacy-lotion-dla-skory-problematycznej-100-ml","status":"publish","type":"product","link":"https:\/\/vzklaboratory.com\/pl\/nasze-produkty\/rodzaj-skory\/skora-sklonna-do-tradziku\/vzk-oczyszczajacy-lotion-dla-skory-problematycznej-100-ml\/","title":{"rendered":"VZK oczyszczaj\u0105cy lotion dla sk\u00f3ry problematycznej, 100 ml"},"content":{"rendered":"<p>Preparat na bazie alfa- i beta-hydroksykwas\u00f3w przeznaczony do oczyszczania t\u0142ustej i problematycznej sk\u00f3ry twarzy, szyi, dekoltu i plec\u00f3w.<\/p>\n","protected":false},"excerpt":{"rendered":"<p>Preparat na bazie alfa- i beta-hydroksykwas\u00f3w przeznaczony do oczyszczania t\u0142ustej i problematycznej sk\u00f3ry twarzy, szyi, dekoltu i plec\u00f3w.<\/p>\n","protected":false},"featured_media":3407,"comment_status":"open","ping_status":"closed","template":"","meta":{"_acf_changed":false,"_seopress_robots_primary_cat":"","_seopress_titles_title":"","_seopress_titles_desc":"","_seopress_robots_index":""},"product_brand":[],"product_cat":[330,332,382,303,304,306,308,310,318,323,327],"product_tag":[],"class_list":{"0":"post-3448","1":"product","2":"type-product","3":"status-publish","4":"has-post-thumbnail","6":"product_cat-skora-sklonna-do-tradziku","7":"product_cat-kontrola-jasnosci","8":"product_cat-oczyszczanie-twarzy","9":"product_cat-linie-produktow","10":"product_cat-skora-problematyczna","11":"product_cat-rodzaj-skory","12":"product_cat-pielegnacja-skory","13":"product_cat-potrzeby-skory","14":"product_cat-skora-tlusta","15":"product_cat-kontrola-tradziku","16":"product_cat-pielegnacja-twarzy","18":"first","19":"instock","20":"shipping-taxable","21":"purchasable","22":"product-type-simple"},"acf":[],"_links":{"self":[{"href":"https:\/\/vzklaboratory.com\/pl\/wp-json\/wp\/v2\/product\/3448","targetHints":{"allow":["GET"]}}],"collection":[{"href":"https:\/\/vzklaboratory.com\/pl\/wp-json\/wp\/v2\/product"}],"about":[{"href":"https:\/\/vzklaboratory.com\/pl\/wp-json\/wp\/v2\/types\/product"}],"replies":[{"embeddable":true,"href":"https:\/\/vzklaboratory.com\/pl\/wp-json\/wp\/v2\/comments?post=3448"}],"wp:featuredmedia":[{"embeddable":true,"href":"https:\/\/vzklaboratory.com\/pl\/wp-json\/wp\/v2\/media\/3407"}],"wp:attachment":[{"href":"https:\/\/vzklaboratory.com\/pl\/wp-json\/wp\/v2\/media?parent=3448"}],"wp:term":[{"taxonomy":"product_brand","embeddable":true,"href":"https:\/\/vzklaboratory.com\/pl\/wp-json\/wp\/v2\/product_brand?post=3448"},{"taxonomy":"product_cat","embeddable":true,"href":"https:\/\/vzklaboratory.com\/pl\/wp-json\/wp\/v2\/product_cat?post=3448"},{"taxonomy":"product_tag","embeddable":true,"href":"https:\/\/vzklaboratory.com\/pl\/wp-json\/wp\/v2\/product_tag?post=3448"}],"curies":[{"name":"wp","href":"https:\/\/api.w.org\/{rel}","templated":true}]}}