{"id":2956,"date":"2025-10-19T22:56:01","date_gmt":"2025-10-19T20:56:01","guid":{"rendered":"https:\/\/vzk.cubesdev.rs\/our-products\/uncategorized\/oczyszczajacy-lotion-dla-skory-problematycznej-100-ml\/"},"modified":"2025-10-19T22:56:29","modified_gmt":"2025-10-19T20:56:29","slug":"oczyszczajacy-lotion-dla-skory-problematycznej-100-ml","status":"publish","type":"product","link":"https:\/\/vzklaboratory.com\/pl\/nasze-produkty\/rodzaj-skory\/skora-tlusta\/oczyszczajacy-lotion-dla-skory-problematycznej-100-ml\/","title":{"rendered":"Oczyszczaj\u0105cy lotion dla sk\u00f3ry problematycznej, 100 ml"},"content":{"rendered":"<p>Formu\u0142a oparta na kwasach alfa- i beta-hydroksykwasowych przeznaczona do oczyszczania sk\u00f3ry t\u0142ustej i problematycznej twarzy, szyi, dekoltu oraz plec\u00f3w.<\/p>\n","protected":false},"excerpt":{"rendered":"<p>Formu\u0142a oparta na kwasach alfa- i beta-hydroksykwasowych przeznaczona do oczyszczania sk\u00f3ry t\u0142ustej i problematycznej twarzy, szyi, dekoltu oraz plec\u00f3w.<\/p>\n","protected":false},"featured_media":2915,"comment_status":"open","ping_status":"closed","template":"","meta":{"_acf_changed":false,"_seopress_robots_primary_cat":"","_seopress_titles_title":"","_seopress_titles_desc":"","_seopress_robots_index":""},"product_brand":[],"product_cat":[318,323,327,330,332,382,303,304,306,308,310],"product_tag":[],"class_list":{"0":"post-2956","1":"product","2":"type-product","3":"status-publish","4":"has-post-thumbnail","6":"product_cat-skora-tlusta","7":"product_cat-kontrola-tradziku","8":"product_cat-pielegnacja-twarzy","9":"product_cat-skora-sklonna-do-tradziku","10":"product_cat-kontrola-jasnosci","11":"product_cat-oczyszczanie-twarzy","12":"product_cat-linie-produktow","13":"product_cat-skora-problematyczna","14":"product_cat-rodzaj-skory","15":"product_cat-pielegnacja-skory","16":"product_cat-potrzeby-skory","18":"first","19":"instock","20":"shipping-taxable","21":"purchasable","22":"product-type-simple"},"acf":[],"_links":{"self":[{"href":"https:\/\/vzklaboratory.com\/pl\/wp-json\/wp\/v2\/product\/2956","targetHints":{"allow":["GET"]}}],"collection":[{"href":"https:\/\/vzklaboratory.com\/pl\/wp-json\/wp\/v2\/product"}],"about":[{"href":"https:\/\/vzklaboratory.com\/pl\/wp-json\/wp\/v2\/types\/product"}],"replies":[{"embeddable":true,"href":"https:\/\/vzklaboratory.com\/pl\/wp-json\/wp\/v2\/comments?post=2956"}],"wp:featuredmedia":[{"embeddable":true,"href":"https:\/\/vzklaboratory.com\/pl\/wp-json\/wp\/v2\/media\/2915"}],"wp:attachment":[{"href":"https:\/\/vzklaboratory.com\/pl\/wp-json\/wp\/v2\/media?parent=2956"}],"wp:term":[{"taxonomy":"product_brand","embeddable":true,"href":"https:\/\/vzklaboratory.com\/pl\/wp-json\/wp\/v2\/product_brand?post=2956"},{"taxonomy":"product_cat","embeddable":true,"href":"https:\/\/vzklaboratory.com\/pl\/wp-json\/wp\/v2\/product_cat?post=2956"},{"taxonomy":"product_tag","embeddable":true,"href":"https:\/\/vzklaboratory.com\/pl\/wp-json\/wp\/v2\/product_tag?post=2956"}],"curies":[{"name":"wp","href":"https:\/\/api.w.org\/{rel}","templated":true}]}}