{"id":2835,"date":"2025-10-19T22:55:15","date_gmt":"2025-10-19T20:55:15","guid":{"rendered":"https:\/\/vzk.cubesdev.rs\/our-products\/uncategorized\/vzk-cica-pantenol-tonik-do-twarzy-200-ml\/"},"modified":"2025-10-19T22:55:20","modified_gmt":"2025-10-19T20:55:20","slug":"vzk-cica-pantenol-tonik-do-twarzy-200-ml","status":"publish","type":"product","link":"https:\/\/vzklaboratory.com\/pl\/nasze-produkty\/pielegnacja-skory\/pielegnacja-twarzy\/vzk-cica-pantenol-tonik-do-twarzy-200-ml\/","title":{"rendered":"VZK Cica Pantenol tonik do twarzy, 200 ml"},"content":{"rendered":"<p>Tonik do twarzy z kompleksem CICA z w\u0105krotki azjatyckiej oraz pantenolem dok\u0142adnie i delikatnie oczyszcza podra\u017cnion\u0105 i wra\u017cliw\u0105 sk\u00f3r\u0119 twarzy. Zmniejsza zaczerwienienia, regeneruje i koi sk\u00f3r\u0119 oraz pomaga wzmocni\u0107 jej naturaln\u0105 barier\u0119 ochronn\u0105 chroni\u0105c przed wysuszeniem. Do codziennego oczyszczania ka\u017cdego rodzaju sk\u00f3ry.<\/p>\n","protected":false},"excerpt":{"rendered":"<p>Tonik do twarzy z kompleksem CICA z w\u0105krotki azjatyckiej oraz pantenolem dok\u0142adnie i delikatnie oczyszcza podra\u017cnion\u0105 i wra\u017cliw\u0105 sk\u00f3r\u0119 twarzy. Zmniejsza zaczerwienienia, regeneruje i koi sk\u00f3r\u0119 oraz pomaga wzmocni\u0107 jej naturaln\u0105 barier\u0119 ochronn\u0105 chroni\u0105c przed wysuszeniem. Do codziennego oczyszczania ka\u017cdego rodzaju sk\u00f3ry.<\/p>\n","protected":false},"featured_media":2830,"comment_status":"open","ping_status":"closed","template":"","meta":{"_acf_changed":false,"_seopress_robots_primary_cat":"","_seopress_titles_title":"","_seopress_titles_desc":"","_seopress_robots_index":""},"product_brand":[],"product_cat":[327,331,333,303,375,306,382,307,308,310,314,320,324],"product_tag":[],"class_list":{"0":"post-2835","1":"product","2":"type-product","3":"status-publish","4":"has-post-thumbnail","6":"product_cat-pielegnacja-twarzy","7":"product_cat-uwodnienie","8":"product_cat-normalna-skora","9":"product_cat-linie-produktow","10":"product_cat-pantenol-b5-cica-linie-produktow","11":"product_cat-rodzaj-skory","12":"product_cat-oczyszczanie-twarzy","13":"product_cat-wszystkie-rodzaje-skory","14":"product_cat-pielegnacja-skory","15":"product_cat-potrzeby-skory","16":"product_cat-skora-wrazliwa","17":"product_cat-przeciw-podraznieniom","18":"product_cat-odnowa-i-odmlodzenie","20":"first","21":"instock","22":"shipping-taxable","23":"purchasable","24":"product-type-simple"},"acf":[],"_links":{"self":[{"href":"https:\/\/vzklaboratory.com\/pl\/wp-json\/wp\/v2\/product\/2835","targetHints":{"allow":["GET"]}}],"collection":[{"href":"https:\/\/vzklaboratory.com\/pl\/wp-json\/wp\/v2\/product"}],"about":[{"href":"https:\/\/vzklaboratory.com\/pl\/wp-json\/wp\/v2\/types\/product"}],"replies":[{"embeddable":true,"href":"https:\/\/vzklaboratory.com\/pl\/wp-json\/wp\/v2\/comments?post=2835"}],"wp:featuredmedia":[{"embeddable":true,"href":"https:\/\/vzklaboratory.com\/pl\/wp-json\/wp\/v2\/media\/2830"}],"wp:attachment":[{"href":"https:\/\/vzklaboratory.com\/pl\/wp-json\/wp\/v2\/media?parent=2835"}],"wp:term":[{"taxonomy":"product_brand","embeddable":true,"href":"https:\/\/vzklaboratory.com\/pl\/wp-json\/wp\/v2\/product_brand?post=2835"},{"taxonomy":"product_cat","embeddable":true,"href":"https:\/\/vzklaboratory.com\/pl\/wp-json\/wp\/v2\/product_cat?post=2835"},{"taxonomy":"product_tag","embeddable":true,"href":"https:\/\/vzklaboratory.com\/pl\/wp-json\/wp\/v2\/product_tag?post=2835"}],"curies":[{"name":"wp","href":"https:\/\/api.w.org\/{rel}","templated":true}]}}