{"id":2823,"date":"2025-10-19T22:55:06","date_gmt":"2025-10-19T20:55:06","guid":{"rendered":"https:\/\/vzk.cubesdev.rs\/our-products\/uncategorized\/vzk-cica-pantenol-serum-do-twarzy-30-ml\/"},"modified":"2025-10-19T22:55:14","modified_gmt":"2025-10-19T20:55:14","slug":"vzk-cica-pantenol-serum-do-twarzy-30-ml","status":"publish","type":"product","link":"https:\/\/vzklaboratory.com\/pl\/nasze-produkty\/rodzaj-skory\/skora-wrazliwa\/vzk-cica-pantenol-serum-do-twarzy-30-ml\/","title":{"rendered":"VZK Cica Pantenol serum do twarzy, 30 ml"},"content":{"rendered":"<p>Serum do twarzy z kompleksem CICA z w\u0105krotki azjatyckiej oraz pantenolem zapewnia niezb\u0119dn\u0105 piel\u0119gnacj\u0119 i ochron\u0119 podra\u017cnionej, wra\u017cliwej i sk\u0142onnej do niedoskona\u0142o\u015bci sk\u00f3ry. Zmniejsza zaczerwienienia, regeneruje i koi sk\u00f3r\u0119 oraz pomaga wzmocni\u0107 jej naturaln\u0105 barier\u0119 ochronn\u0105. Zawiera skwalan, kt\u00f3ry koi i nawil\u017ca sk\u00f3r\u0119, zmniejszaj\u0105c uczucie \u015bci\u0105gni\u0119cia i dyskomfortu.<\/p>\n","protected":false},"excerpt":{"rendered":"<p>Serum do twarzy z kompleksem CICA z w\u0105krotki azjatyckiej oraz pantenolem zapewnia niezb\u0119dn\u0105 piel\u0119gnacj\u0119 i ochron\u0119 podra\u017cnionej, wra\u017cliwej i sk\u0142onnej do niedoskona\u0142o\u015bci sk\u00f3ry. Zmniejsza zaczerwienienia, regeneruje i koi sk\u00f3r\u0119 oraz pomaga wzmocni\u0107 jej naturaln\u0105 barier\u0119 ochronn\u0105. Zawiera skwalan, kt\u00f3ry koi i nawil\u017ca sk\u00f3r\u0119, zmniejszaj\u0105c uczucie \u015bci\u0105gni\u0119cia i dyskomfortu.<\/p>\n","protected":false},"featured_media":2812,"comment_status":"open","ping_status":"closed","template":"","meta":{"_acf_changed":false,"_seopress_robots_primary_cat":"","_seopress_titles_title":"","_seopress_titles_desc":"","_seopress_robots_index":""},"product_brand":[],"product_cat":[314,320,324,327,331,333,303,375,306,307,308,310],"product_tag":[],"class_list":{"0":"post-2823","1":"product","2":"type-product","3":"status-publish","4":"has-post-thumbnail","6":"product_cat-skora-wrazliwa","7":"product_cat-przeciw-podraznieniom","8":"product_cat-odnowa-i-odmlodzenie","9":"product_cat-pielegnacja-twarzy","10":"product_cat-uwodnienie","11":"product_cat-normalna-skora","12":"product_cat-linie-produktow","13":"product_cat-pantenol-b5-cica-linie-produktow","14":"product_cat-rodzaj-skory","15":"product_cat-wszystkie-rodzaje-skory","16":"product_cat-pielegnacja-skory","17":"product_cat-potrzeby-skory","19":"first","20":"instock","21":"shipping-taxable","22":"purchasable","23":"product-type-simple"},"acf":[],"_links":{"self":[{"href":"https:\/\/vzklaboratory.com\/pl\/wp-json\/wp\/v2\/product\/2823","targetHints":{"allow":["GET"]}}],"collection":[{"href":"https:\/\/vzklaboratory.com\/pl\/wp-json\/wp\/v2\/product"}],"about":[{"href":"https:\/\/vzklaboratory.com\/pl\/wp-json\/wp\/v2\/types\/product"}],"replies":[{"embeddable":true,"href":"https:\/\/vzklaboratory.com\/pl\/wp-json\/wp\/v2\/comments?post=2823"}],"wp:featuredmedia":[{"embeddable":true,"href":"https:\/\/vzklaboratory.com\/pl\/wp-json\/wp\/v2\/media\/2812"}],"wp:attachment":[{"href":"https:\/\/vzklaboratory.com\/pl\/wp-json\/wp\/v2\/media?parent=2823"}],"wp:term":[{"taxonomy":"product_brand","embeddable":true,"href":"https:\/\/vzklaboratory.com\/pl\/wp-json\/wp\/v2\/product_brand?post=2823"},{"taxonomy":"product_cat","embeddable":true,"href":"https:\/\/vzklaboratory.com\/pl\/wp-json\/wp\/v2\/product_cat?post=2823"},{"taxonomy":"product_tag","embeddable":true,"href":"https:\/\/vzklaboratory.com\/pl\/wp-json\/wp\/v2\/product_tag?post=2823"}],"curies":[{"name":"wp","href":"https:\/\/api.w.org\/{rel}","templated":true}]}}