{"id":2805,"date":"2025-10-19T22:54:57","date_gmt":"2025-10-19T20:54:57","guid":{"rendered":"https:\/\/vzk.cubesdev.rs\/our-products\/uncategorized\/vzk-cica-pantenol-krem-do-twarzy-50-ml\/"},"modified":"2025-10-19T22:55:05","modified_gmt":"2025-10-19T20:55:05","slug":"vzk-cica-pantenol-krem-do-twarzy-50-ml","status":"publish","type":"product","link":"https:\/\/vzklaboratory.com\/pl\/nasze-produkty\/rodzaj-skory\/normalna-skora\/vzk-cica-pantenol-krem-do-twarzy-50-ml\/","title":{"rendered":"VZK Cica Pantenol krem do twarzy, 50 ml"},"content":{"rendered":"<p>Krem do twarzy z wysokiej jako\u015bci kompleksem CICA z w\u0105krotki azjatyckiej i pantenolem zapewnia niezb\u0119dn\u0105 piel\u0119gnacj\u0119 oraz ochron\u0119 podra\u017cnionej, wra\u017cliwej i sk\u0142onnej do niedoskona\u0142o\u015bci sk\u00f3ry. Zmniejsza zaczerwienienia, koi sk\u00f3r\u0119 i wspomaga jej regeneracj\u0119, sprawiaj\u0105c, \u017ce jest promienna i pe\u0142na blasku.<\/p>\n","protected":false},"excerpt":{"rendered":"<p>Krem do twarzy z wysokiej jako\u015bci kompleksem CICA z w\u0105krotki azjatyckiej i pantenolem zapewnia niezb\u0119dn\u0105 piel\u0119gnacj\u0119 oraz ochron\u0119 podra\u017cnionej, wra\u017cliwej i sk\u0142onnej do niedoskona\u0142o\u015bci sk\u00f3ry. Zmniejsza zaczerwienienia, koi sk\u00f3r\u0119 i wspomaga jej regeneracj\u0119, sprawiaj\u0105c, \u017ce jest promienna i pe\u0142na blasku.<\/p>\n","protected":false},"featured_media":2794,"comment_status":"open","ping_status":"closed","template":"","meta":{"_acf_changed":false,"_seopress_robots_primary_cat":"","_seopress_titles_title":"","_seopress_titles_desc":"","_seopress_robots_index":""},"product_brand":[],"product_cat":[333,303,375,306,307,308,310,314,320,324,327,331],"product_tag":[],"class_list":{"0":"post-2805","1":"product","2":"type-product","3":"status-publish","4":"has-post-thumbnail","6":"product_cat-normalna-skora","7":"product_cat-linie-produktow","8":"product_cat-pantenol-b5-cica-linie-produktow","9":"product_cat-rodzaj-skory","10":"product_cat-wszystkie-rodzaje-skory","11":"product_cat-pielegnacja-skory","12":"product_cat-potrzeby-skory","13":"product_cat-skora-wrazliwa","14":"product_cat-przeciw-podraznieniom","15":"product_cat-odnowa-i-odmlodzenie","16":"product_cat-pielegnacja-twarzy","17":"product_cat-uwodnienie","19":"first","20":"instock","21":"shipping-taxable","22":"purchasable","23":"product-type-simple"},"acf":[],"_links":{"self":[{"href":"https:\/\/vzklaboratory.com\/pl\/wp-json\/wp\/v2\/product\/2805","targetHints":{"allow":["GET"]}}],"collection":[{"href":"https:\/\/vzklaboratory.com\/pl\/wp-json\/wp\/v2\/product"}],"about":[{"href":"https:\/\/vzklaboratory.com\/pl\/wp-json\/wp\/v2\/types\/product"}],"replies":[{"embeddable":true,"href":"https:\/\/vzklaboratory.com\/pl\/wp-json\/wp\/v2\/comments?post=2805"}],"wp:featuredmedia":[{"embeddable":true,"href":"https:\/\/vzklaboratory.com\/pl\/wp-json\/wp\/v2\/media\/2794"}],"wp:attachment":[{"href":"https:\/\/vzklaboratory.com\/pl\/wp-json\/wp\/v2\/media?parent=2805"}],"wp:term":[{"taxonomy":"product_brand","embeddable":true,"href":"https:\/\/vzklaboratory.com\/pl\/wp-json\/wp\/v2\/product_brand?post=2805"},{"taxonomy":"product_cat","embeddable":true,"href":"https:\/\/vzklaboratory.com\/pl\/wp-json\/wp\/v2\/product_cat?post=2805"},{"taxonomy":"product_tag","embeddable":true,"href":"https:\/\/vzklaboratory.com\/pl\/wp-json\/wp\/v2\/product_tag?post=2805"}],"curies":[{"name":"wp","href":"https:\/\/api.w.org\/{rel}","templated":true}]}}