{"id":2787,"date":"2025-10-19T22:54:52","date_gmt":"2025-10-19T20:54:52","guid":{"rendered":"https:\/\/vzk.cubesdev.rs\/our-products\/uncategorized\/vzk-cica-pantenol-zel-do-mycia-twarzy-200-ml\/"},"modified":"2025-10-19T22:54:56","modified_gmt":"2025-10-19T20:54:56","slug":"vzk-cica-pantenol-zel-do-mycia-twarzy-200-ml","status":"publish","type":"product","link":"https:\/\/vzklaboratory.com\/pl\/nasze-produkty\/potrzeby-skory\/uwodnienie\/vzk-cica-pantenol-zel-do-mycia-twarzy-200-ml\/","title":{"rendered":"VZK Cica Pantenol \u017cel do mycia twarzy, 200 ml"},"content":{"rendered":"<p>\u0141agodna formu\u0142a myj\u0105ca z ekstraktem CICA (w\u0105krotk\u0105 azjatyck\u0105) i pantenolem skutecznie oczyszcza wra\u017cliw\u0105 sk\u00f3r\u0119 twarzy podatn\u0105 na zaczerwienienia i podra\u017cnienia. W\u0105krotka azjatycka koi sk\u00f3r\u0119, wyr\u00f3wnuje koloryt i zmniejszenia zaczerwienienia, a dodatek gliceryny nawil\u017ca i nadaje uczucie g\u0142adko\u015bci, redukuj\u0105c nieprzyjemne wra\u017cenie \u015bci\u0105gni\u0119cia po oczyszczeniu. Do codziennego oczyszczania sk\u00f3ry wra\u017cliwej, suchej i podra\u017cnionej.<\/p>\n","protected":false},"excerpt":{"rendered":"<p>\u0141agodna formu\u0142a myj\u0105ca z ekstraktem CICA (w\u0105krotk\u0105 azjatyck\u0105) i pantenolem skutecznie oczyszcza wra\u017cliw\u0105 sk\u00f3r\u0119 twarzy podatn\u0105 na zaczerwienienia i podra\u017cnienia. W\u0105krotka azjatycka koi sk\u00f3r\u0119, wyr\u00f3wnuje koloryt i zmniejszenia zaczerwienienia, a dodatek gliceryny nawil\u017ca i nadaje uczucie g\u0142adko\u015bci, redukuj\u0105c nieprzyjemne wra\u017cenie \u015bci\u0105gni\u0119cia po oczyszczeniu. Do codziennego oczyszczania sk\u00f3ry wra\u017cliwej, suchej i podra\u017cnionej.<\/p>\n","protected":false},"featured_media":2782,"comment_status":"open","ping_status":"closed","template":"","meta":{"_acf_changed":false,"_seopress_robots_primary_cat":"","_seopress_titles_title":"","_seopress_titles_desc":"","_seopress_robots_index":""},"product_brand":[],"product_cat":[331,333,303,375,306,382,307,308,310,314,320,324,327],"product_tag":[],"class_list":{"0":"post-2787","1":"product","2":"type-product","3":"status-publish","4":"has-post-thumbnail","6":"product_cat-uwodnienie","7":"product_cat-normalna-skora","8":"product_cat-linie-produktow","9":"product_cat-pantenol-b5-cica-linie-produktow","10":"product_cat-rodzaj-skory","11":"product_cat-oczyszczanie-twarzy","12":"product_cat-wszystkie-rodzaje-skory","13":"product_cat-pielegnacja-skory","14":"product_cat-potrzeby-skory","15":"product_cat-skora-wrazliwa","16":"product_cat-przeciw-podraznieniom","17":"product_cat-odnowa-i-odmlodzenie","18":"product_cat-pielegnacja-twarzy","20":"first","21":"instock","22":"shipping-taxable","23":"purchasable","24":"product-type-simple"},"acf":[],"_links":{"self":[{"href":"https:\/\/vzklaboratory.com\/pl\/wp-json\/wp\/v2\/product\/2787","targetHints":{"allow":["GET"]}}],"collection":[{"href":"https:\/\/vzklaboratory.com\/pl\/wp-json\/wp\/v2\/product"}],"about":[{"href":"https:\/\/vzklaboratory.com\/pl\/wp-json\/wp\/v2\/types\/product"}],"replies":[{"embeddable":true,"href":"https:\/\/vzklaboratory.com\/pl\/wp-json\/wp\/v2\/comments?post=2787"}],"wp:featuredmedia":[{"embeddable":true,"href":"https:\/\/vzklaboratory.com\/pl\/wp-json\/wp\/v2\/media\/2782"}],"wp:attachment":[{"href":"https:\/\/vzklaboratory.com\/pl\/wp-json\/wp\/v2\/media?parent=2787"}],"wp:term":[{"taxonomy":"product_brand","embeddable":true,"href":"https:\/\/vzklaboratory.com\/pl\/wp-json\/wp\/v2\/product_brand?post=2787"},{"taxonomy":"product_cat","embeddable":true,"href":"https:\/\/vzklaboratory.com\/pl\/wp-json\/wp\/v2\/product_cat?post=2787"},{"taxonomy":"product_tag","embeddable":true,"href":"https:\/\/vzklaboratory.com\/pl\/wp-json\/wp\/v2\/product_tag?post=2787"}],"curies":[{"name":"wp","href":"https:\/\/api.w.org\/{rel}","templated":true}]}}