{"id":2589,"date":"2025-10-19T22:49:38","date_gmt":"2025-10-19T20:49:38","guid":{"rendered":"https:\/\/vzk.cubesdev.rs\/our-products\/uncategorized\/vzk-krem-redukujacy-niedoskonalosci-do-twarzy-15-ml\/"},"modified":"2025-10-19T22:49:39","modified_gmt":"2025-10-19T20:49:39","slug":"vzk-krem-redukujacy-niedoskonalosci-do-twarzy-15-ml","status":"publish","type":"product","link":"https:\/\/vzklaboratory.com\/pl\/nasze-produkty\/linie-produktow\/skora-problematyczna\/vzk-krem-redukujacy-niedoskonalosci-do-twarzy-15-ml\/","title":{"rendered":"VZK krem redukuj\u0105cy niedoskona\u0142o\u015bci do twarzy, 15 ml"},"content":{"rendered":"<p>Krem z kwasami owocowymi oraz olejkiem z kwiat\u00f3w rozmarynu, specjalnie opracowany dla sk\u00f3ry problematycznej. Przy codziennym stosowaniu \u0142agodzi sk\u00f3r\u0119 i redukuje niedoskona\u0142o\u015bci.<\/p>\n","protected":false},"excerpt":{"rendered":"<p>Krem z kwasami owocowymi oraz olejkiem z kwiat\u00f3w rozmarynu, specjalnie opracowany dla sk\u00f3ry problematycznej. Przy codziennym stosowaniu \u0142agodzi sk\u00f3r\u0119 i redukuje niedoskona\u0142o\u015bci.<\/p>\n","protected":false},"featured_media":2459,"comment_status":"open","ping_status":"closed","template":"","meta":{"_acf_changed":false,"_seopress_robots_primary_cat":"","_seopress_titles_title":"","_seopress_titles_desc":"","_seopress_robots_index":""},"product_brand":[],"product_cat":[303,304,306,308,310,323,327,330],"product_tag":[],"class_list":{"0":"post-2589","1":"product","2":"type-product","3":"status-publish","4":"has-post-thumbnail","6":"product_cat-linie-produktow","7":"product_cat-skora-problematyczna","8":"product_cat-rodzaj-skory","9":"product_cat-pielegnacja-skory","10":"product_cat-potrzeby-skory","11":"product_cat-kontrola-tradziku","12":"product_cat-pielegnacja-twarzy","13":"product_cat-skora-sklonna-do-tradziku","15":"first","16":"instock","17":"shipping-taxable","18":"purchasable","19":"product-type-simple"},"acf":[],"_links":{"self":[{"href":"https:\/\/vzklaboratory.com\/pl\/wp-json\/wp\/v2\/product\/2589","targetHints":{"allow":["GET"]}}],"collection":[{"href":"https:\/\/vzklaboratory.com\/pl\/wp-json\/wp\/v2\/product"}],"about":[{"href":"https:\/\/vzklaboratory.com\/pl\/wp-json\/wp\/v2\/types\/product"}],"replies":[{"embeddable":true,"href":"https:\/\/vzklaboratory.com\/pl\/wp-json\/wp\/v2\/comments?post=2589"}],"wp:featuredmedia":[{"embeddable":true,"href":"https:\/\/vzklaboratory.com\/pl\/wp-json\/wp\/v2\/media\/2459"}],"wp:attachment":[{"href":"https:\/\/vzklaboratory.com\/pl\/wp-json\/wp\/v2\/media?parent=2589"}],"wp:term":[{"taxonomy":"product_brand","embeddable":true,"href":"https:\/\/vzklaboratory.com\/pl\/wp-json\/wp\/v2\/product_brand?post=2589"},{"taxonomy":"product_cat","embeddable":true,"href":"https:\/\/vzklaboratory.com\/pl\/wp-json\/wp\/v2\/product_cat?post=2589"},{"taxonomy":"product_tag","embeddable":true,"href":"https:\/\/vzklaboratory.com\/pl\/wp-json\/wp\/v2\/product_tag?post=2589"}],"curies":[{"name":"wp","href":"https:\/\/api.w.org\/{rel}","templated":true}]}}