{"id":4934,"date":"2023-11-10T09:04:48","date_gmt":"2023-11-10T08:04:48","guid":{"rendered":"https:\/\/vzk.cubesdev.rs\/vzk-guide\/faq\/"},"modified":"2025-10-24T20:20:11","modified_gmt":"2025-10-24T18:20:11","slug":"najczesciej-zadawane-pytania","status":"publish","type":"page","link":"https:\/\/vzklaboratory.com\/pl\/przewodnik-vzk\/najczesciej-zadawane-pytania\/","title":{"rendered":"Najcz\u0119\u015bciej zadawane pytania"},"content":{"rendered":"<p>W jednym miejscu zebrali\u015bmy odpowiedzi na najcz\u0119\u015bciej zadawane pytania, aby u\u0142atwi\u0107 Ci wyszukiwanie informacji. Sprawd\u017a, czy odpowied\u017a na Twoje pytanie znajduje si\u0119 ju\u017c tutaj \u2013 je\u015bli nie, koniecznie skontaktuj si\u0119 z nami!<\/p>\n","protected":false},"excerpt":{"rendered":"<p>W jednym miejscu zebrali\u015bmy odpowiedzi na najcz\u0119\u015bciej zadawane pytania, aby u\u0142atwi\u0107 Ci wyszukiwanie informacji. Sprawd\u017a, czy odpowied\u017a na Twoje pytanie znajduje si\u0119 ju\u017c tutaj \u2013 je\u015bli nie, koniecznie skontaktuj si\u0119 z nami!<\/p>\n","protected":false},"author":2,"featured_media":6613,"parent":4922,"menu_order":0,"comment_status":"closed","ping_status":"closed","template":"page-for-faq.php","meta":{"_acf_changed":false,"_seopress_robots_primary_cat":"","_seopress_titles_title":"","_seopress_titles_desc":"","_seopress_robots_index":"","footnotes":""},"class_list":["post-4934","page","type-page","status-publish","has-post-thumbnail","hentry"],"acf":[],"_links":{"self":[{"href":"https:\/\/vzklaboratory.com\/pl\/wp-json\/wp\/v2\/pages\/4934","targetHints":{"allow":["GET"]}}],"collection":[{"href":"https:\/\/vzklaboratory.com\/pl\/wp-json\/wp\/v2\/pages"}],"about":[{"href":"https:\/\/vzklaboratory.com\/pl\/wp-json\/wp\/v2\/types\/page"}],"author":[{"embeddable":true,"href":"https:\/\/vzklaboratory.com\/pl\/wp-json\/wp\/v2\/users\/2"}],"replies":[{"embeddable":true,"href":"https:\/\/vzklaboratory.com\/pl\/wp-json\/wp\/v2\/comments?post=4934"}],"version-history":[{"count":2,"href":"https:\/\/vzklaboratory.com\/pl\/wp-json\/wp\/v2\/pages\/4934\/revisions"}],"predecessor-version":[{"id":5978,"href":"https:\/\/vzklaboratory.com\/pl\/wp-json\/wp\/v2\/pages\/4934\/revisions\/5978"}],"up":[{"embeddable":true,"href":"https:\/\/vzklaboratory.com\/pl\/wp-json\/wp\/v2\/pages\/4922"}],"wp:featuredmedia":[{"embeddable":true,"href":"https:\/\/vzklaboratory.com\/pl\/wp-json\/wp\/v2\/media\/6613"}],"wp:attachment":[{"href":"https:\/\/vzklaboratory.com\/pl\/wp-json\/wp\/v2\/media?parent=4934"}],"curies":[{"name":"wp","href":"https:\/\/api.w.org\/{rel}","templated":true}]}}