{"id":6351,"date":"2025-11-21T16:58:15","date_gmt":"2025-11-21T15:58:15","guid":{"rendered":"https:\/\/vzklaboratory.com\/?post_type=product&#038;p=6351"},"modified":"2025-11-21T17:08:39","modified_gmt":"2025-11-21T16:08:39","slug":"niacinamid-okoloocna-krema-15ml","status":"publish","type":"product","link":"https:\/\/vzklaboratory.com\/hr\/na\u0161i-proizvodi\/tipovi-koze\/normalna-koza-tipovi-koze\/niacinamid-okoloocna-krema-15ml\/","title":{"rendered":"NIACINAMID OKOLOO\u010cNA KREMA 15ML"},"content":{"rendered":"<p>Krema za o\u010di i kapke oboga\u0107ena visokom koncentracijom niacinamida (vitamin B3), hijaluronskom kiselinom i kofeinom, koji kroz trostruko djelovanje pobolj\u0161avaju izgled nje\u017ene ko\u017ee u podru\u010dju o\u010diju.<\/p>\n","protected":false},"excerpt":{"rendered":"<p>Krema za o\u010di i kapke oboga\u0107ena visokom koncentracijom niacinamida (vitamin B3), hijaluronskom kiselinom i kofeinom, koji kroz trostruko djelovanje pobolj\u0161avaju izgled nje\u017ene ko\u017ee u podru\u010dju o\u010diju.<\/p>\n","protected":false},"featured_media":3571,"comment_status":"open","ping_status":"closed","template":"","meta":{"_acf_changed":false,"_seopress_robots_primary_cat":"none","_seopress_titles_title":"","_seopress_titles_desc":"","_seopress_robots_index":""},"product_brand":[],"product_cat":[213,214,216,220,235,236,237,403,210,211,212],"product_tag":[],"class_list":{"0":"post-6351","1":"product","2":"type-product","3":"status-publish","4":"has-post-thumbnail","6":"product_cat-normalna-koza-tipovi-koze","7":"product_cat-potrebe-koze-2","8":"product_cat-serija-proizvoda","9":"product_cat-hidratacija-potrebe-koze-2","10":"product_cat-ujednacite-ten-i-teksturu-koze","11":"product_cat-svi-tipovi-koze-tipovi-koze","12":"product_cat-kontrola-svjetline","13":"product_cat-niacinamid","14":"product_cat-njega-koze","15":"product_cat-njega-lica","16":"product_cat-tipovi-koze","18":"first","19":"instock","20":"shipping-taxable","21":"purchasable","22":"product-type-simple"},"acf":[],"_links":{"self":[{"href":"https:\/\/vzklaboratory.com\/hr\/wp-json\/wp\/v2\/product\/6351","targetHints":{"allow":["GET"]}}],"collection":[{"href":"https:\/\/vzklaboratory.com\/hr\/wp-json\/wp\/v2\/product"}],"about":[{"href":"https:\/\/vzklaboratory.com\/hr\/wp-json\/wp\/v2\/types\/product"}],"replies":[{"embeddable":true,"href":"https:\/\/vzklaboratory.com\/hr\/wp-json\/wp\/v2\/comments?post=6351"}],"wp:featuredmedia":[{"embeddable":true,"href":"https:\/\/vzklaboratory.com\/hr\/wp-json\/wp\/v2\/media\/3571"}],"wp:attachment":[{"href":"https:\/\/vzklaboratory.com\/hr\/wp-json\/wp\/v2\/media?parent=6351"}],"wp:term":[{"taxonomy":"product_brand","embeddable":true,"href":"https:\/\/vzklaboratory.com\/hr\/wp-json\/wp\/v2\/product_brand?post=6351"},{"taxonomy":"product_cat","embeddable":true,"href":"https:\/\/vzklaboratory.com\/hr\/wp-json\/wp\/v2\/product_cat?post=6351"},{"taxonomy":"product_tag","embeddable":true,"href":"https:\/\/vzklaboratory.com\/hr\/wp-json\/wp\/v2\/product_tag?post=6351"}],"curies":[{"name":"wp","href":"https:\/\/api.w.org\/{rel}","templated":true}]}}