{"id":6346,"date":"2025-11-21T16:00:05","date_gmt":"2025-11-21T15:00:05","guid":{"rendered":"https:\/\/vzklaboratory.com\/?post_type=product&#038;p=6346"},"modified":"2025-11-21T17:15:18","modified_gmt":"2025-11-21T16:15:18","slug":"vzk-sos-ulje-za-tusiranje","status":"publish","type":"product","link":"https:\/\/vzklaboratory.com\/hr\/na\u0161i-proizvodi\/tipovi-koze\/osjetljiva-koza\/vzk-sos-ulje-za-tusiranje\/","title":{"rendered":"VZK SOS ULJE ZA TU\u0160IRANJE"},"content":{"rendered":"<p>Blaga i umiruju\u0107a formulacija za kupke i tu\u0161iranje, uklanja neugodnosti uzrokovane osjetljivom i suhom ko\u017eom sklonom iritacijama i crvenilu. Sadr\u017ei pantenol, aloe veru, alantoin i glicerin, koji dokazano ubla\u017eavaju iritaciju, crvenilo i nelagodu na ko\u017ei, ostavljaju\u0107i ko\u017eu mekom i nje\u017enom na dodir.<\/p>\n","protected":false},"excerpt":{"rendered":"<p>Blaga i umiruju\u0107a formulacija za kupke i tu\u0161iranje, uklanja neugodnosti uzrokovane osjetljivom i suhom ko\u017eom sklonom iritacijama i crvenilu. Sadr\u017ei pantenol, aloe veru, alantoin i glicerin, koji dokazano ubla\u017eavaju iritaciju, crvenilo i nelagodu na ko\u017ei, ostavljaju\u0107i ko\u017eu mekom i nje\u017enom na dodir.<\/p>\n","protected":false},"featured_media":4215,"comment_status":"open","ping_status":"closed","template":"","meta":{"_acf_changed":false,"_seopress_robots_primary_cat":"none","_seopress_titles_title":"","_seopress_titles_desc":"","_seopress_robots_index":""},"product_brand":[],"product_cat":[234,236,238,393,210,212,214,216,230,231,233],"product_tag":[],"class_list":{"0":"post-6346","1":"product","2":"type-product","3":"status-publish","4":"has-post-thumbnail","6":"product_cat-osjetljiva-koza","7":"product_cat-svi-tipovi-koze-tipovi-koze","8":"product_cat-protiv-svrbeza-i-zatezanja","9":"product_cat-sos","10":"product_cat-njega-koze","11":"product_cat-tipovi-koze","12":"product_cat-potrebe-koze-2","13":"product_cat-serija-proizvoda","14":"product_cat-sos-skrb","15":"product_cat-suha-koza","16":"product_cat-protiv-iritacije-potrebe-koze-2","18":"first","19":"instock","20":"shipping-taxable","21":"purchasable","22":"product-type-simple"},"acf":[],"_links":{"self":[{"href":"https:\/\/vzklaboratory.com\/hr\/wp-json\/wp\/v2\/product\/6346","targetHints":{"allow":["GET"]}}],"collection":[{"href":"https:\/\/vzklaboratory.com\/hr\/wp-json\/wp\/v2\/product"}],"about":[{"href":"https:\/\/vzklaboratory.com\/hr\/wp-json\/wp\/v2\/types\/product"}],"replies":[{"embeddable":true,"href":"https:\/\/vzklaboratory.com\/hr\/wp-json\/wp\/v2\/comments?post=6346"}],"wp:featuredmedia":[{"embeddable":true,"href":"https:\/\/vzklaboratory.com\/hr\/wp-json\/wp\/v2\/media\/4215"}],"wp:attachment":[{"href":"https:\/\/vzklaboratory.com\/hr\/wp-json\/wp\/v2\/media?parent=6346"}],"wp:term":[{"taxonomy":"product_brand","embeddable":true,"href":"https:\/\/vzklaboratory.com\/hr\/wp-json\/wp\/v2\/product_brand?post=6346"},{"taxonomy":"product_cat","embeddable":true,"href":"https:\/\/vzklaboratory.com\/hr\/wp-json\/wp\/v2\/product_cat?post=6346"},{"taxonomy":"product_tag","embeddable":true,"href":"https:\/\/vzklaboratory.com\/hr\/wp-json\/wp\/v2\/product_tag?post=6346"}],"curies":[{"name":"wp","href":"https:\/\/api.w.org\/{rel}","templated":true}]}}