{"id":4570,"date":"2025-10-19T23:11:11","date_gmt":"2025-10-19T21:11:11","guid":{"rendered":"https:\/\/vzk.cubesdev.rs\/our-products\/uncategorized\/age-reset-krema-za-podrucje-oko-ociju\/"},"modified":"2025-12-01T10:09:35","modified_gmt":"2025-12-01T09:09:35","slug":"age-reset-krema-za-podrucje-oko-ociju","status":"publish","type":"product","link":"https:\/\/vzklaboratory.com\/hr\/na\u0161i-proizvodi\/potrebe-koze-2\/protiv-bora-potrebe-koze-2\/age-reset-krema-za-podrucje-oko-ociju\/","title":{"rendered":"AGE RESET KREMA ZA PODRU\u010cJE OKO O\u010cIJU"},"content":{"rendered":"<p>Krema za njegu ko\u017ee oko o\u010diju i o\u010dnih kapaka revolucionarno je rje\u0161enje koje poma\u017ee kod usporavanja procesa glikacije, bore\u0107i se protiv znakova starenja ko\u017ee. Napredna formulacija koja sadr\u017ei AmelioxTM, posebno namijenjenim za borbu protiv glikacije, gubitka elasti\u010dnosti i za\u0161titu ko\u017ee od negativnih vanjskih utjecaja. Niacinamid ubla\u017eava izgled tamnih krugova, dok kofein ubla\u017eava izgled nateklih podo\u010dnjaka.<\/p>\n","protected":false},"excerpt":{"rendered":"<p>Krema za njegu ko\u017ee oko o\u010diju i o\u010dnih kapaka revolucionarno je rje\u0161enje koje poma\u017ee kod usporavanja procesa glikacije, bore\u0107i se protiv znakova starenja ko\u017ee. Napredna formulacija koja sadr\u017ei AmelioxTM, posebno namijenjenim za borbu protiv glikacije, gubitka elasti\u010dnosti i za\u0161titu ko\u017ee od negativnih vanjskih utjecaja. Niacinamid ubla\u017eava izgled tamnih krugova, dok kofein ubla\u017eava izgled nateklih podo\u010dnjaka.<\/p>\n","protected":false},"featured_media":4565,"comment_status":"open","ping_status":"closed","template":"","meta":{"_acf_changed":false,"_seopress_robots_primary_cat":"none","_seopress_titles_title":"","_seopress_titles_desc":"","_seopress_robots_index":""},"product_brand":[],"product_cat":[214,216,225,236,407,210,211,212,213],"product_tag":[],"class_list":{"0":"post-4570","1":"product","2":"type-product","3":"status-publish","4":"has-post-thumbnail","6":"product_cat-potrebe-koze-2","7":"product_cat-serija-proizvoda","8":"product_cat-protiv-bora-potrebe-koze-2","9":"product_cat-svi-tipovi-koze-tipovi-koze","10":"product_cat-age-reset-hr","11":"product_cat-njega-koze","12":"product_cat-njega-lica","13":"product_cat-tipovi-koze","14":"product_cat-normalna-koza-tipovi-koze","16":"first","17":"instock","18":"shipping-taxable","19":"purchasable","20":"product-type-simple"},"acf":[],"_links":{"self":[{"href":"https:\/\/vzklaboratory.com\/hr\/wp-json\/wp\/v2\/product\/4570","targetHints":{"allow":["GET"]}}],"collection":[{"href":"https:\/\/vzklaboratory.com\/hr\/wp-json\/wp\/v2\/product"}],"about":[{"href":"https:\/\/vzklaboratory.com\/hr\/wp-json\/wp\/v2\/types\/product"}],"replies":[{"embeddable":true,"href":"https:\/\/vzklaboratory.com\/hr\/wp-json\/wp\/v2\/comments?post=4570"}],"wp:featuredmedia":[{"embeddable":true,"href":"https:\/\/vzklaboratory.com\/hr\/wp-json\/wp\/v2\/media\/4565"}],"wp:attachment":[{"href":"https:\/\/vzklaboratory.com\/hr\/wp-json\/wp\/v2\/media?parent=4570"}],"wp:term":[{"taxonomy":"product_brand","embeddable":true,"href":"https:\/\/vzklaboratory.com\/hr\/wp-json\/wp\/v2\/product_brand?post=4570"},{"taxonomy":"product_cat","embeddable":true,"href":"https:\/\/vzklaboratory.com\/hr\/wp-json\/wp\/v2\/product_cat?post=4570"},{"taxonomy":"product_tag","embeddable":true,"href":"https:\/\/vzklaboratory.com\/hr\/wp-json\/wp\/v2\/product_tag?post=4570"}],"curies":[{"name":"wp","href":"https:\/\/api.w.org\/{rel}","templated":true}]}}