{"id":4559,"date":"2025-10-19T23:11:07","date_gmt":"2025-10-19T21:11:07","guid":{"rendered":"https:\/\/vzk.cubesdev.rs\/our-products\/uncategorized\/age-reset-koncentrat-za-vrat-i-dekolte\/"},"modified":"2025-12-02T23:37:17","modified_gmt":"2025-12-02T22:37:17","slug":"age-reset-koncentrat-za-vrat-i-dekolte","status":"publish","type":"product","link":"https:\/\/vzklaboratory.com\/hr\/na\u0161i-proizvodi\/njega-koze\/njega-lica\/age-reset-koncentrat-za-vrat-i-dekolte\/","title":{"rendered":"AGE RESET KONCENTRAT ZA VRAT I DEKOLTE"},"content":{"rendered":"<p>Krema za podru\u010dje vrata i dekoltea, sa kompleksom visokokvalitetnih anti-age sastojaka, pru\u017ea ko\u017ei potrebnu podr\u0161ku u borbi protiv prvih znakova starenja. Zahvaljuju\u0107i pa\u017eljivo odabranim sastojcima namijenjenim borbi protiv glikacije &#8211; jednom od uzroka stvaranja bora i gubitka elasti\u010dnosti ko\u017ee, krema pobolj\u0161ava izgled ko\u017ee vrata i dekoltea i ubla\u017eava izgled postoje\u0107ih bora. Ko\u017ea izgleda \u010dvr\u0161\u0107e i zategnutije, dok je ujedno njegovana, nje\u017ena i glatka.<\/p>\n","protected":false},"excerpt":{"rendered":"<p>Krema za podru\u010dje vrata i dekoltea, sa kompleksom visokokvalitetnih anti-age sastojaka, pru\u017ea ko\u017ei potrebnu podr\u0161ku u borbi protiv prvih znakova starenja. Zahvaljuju\u0107i pa\u017eljivo odabranim sastojcima namijenjenim borbi protiv glikacije &#8211; jednom od uzroka stvaranja bora i gubitka elasti\u010dnosti ko\u017ee, krema pobolj\u0161ava izgled ko\u017ee vrata i dekoltea i ubla\u017eava izgled postoje\u0107ih bora. Ko\u017ea izgleda \u010dvr\u0161\u0107e i [&hellip;]<\/p>\n","protected":false},"featured_media":4554,"comment_status":"open","ping_status":"closed","template":"","meta":{"_acf_changed":false,"_seopress_robots_primary_cat":"none","_seopress_titles_title":"","_seopress_titles_desc":"","_seopress_robots_index":""},"product_brand":[],"product_cat":[210,211,212,213,214,216,225,236,407],"product_tag":[],"class_list":{"0":"post-4559","1":"product","2":"type-product","3":"status-publish","4":"has-post-thumbnail","6":"product_cat-njega-koze","7":"product_cat-njega-lica","8":"product_cat-tipovi-koze","9":"product_cat-normalna-koza-tipovi-koze","10":"product_cat-potrebe-koze-2","11":"product_cat-serija-proizvoda","12":"product_cat-protiv-bora-potrebe-koze-2","13":"product_cat-svi-tipovi-koze-tipovi-koze","14":"product_cat-age-reset-hr","16":"first","17":"instock","18":"shipping-taxable","19":"purchasable","20":"product-type-simple"},"acf":[],"_links":{"self":[{"href":"https:\/\/vzklaboratory.com\/hr\/wp-json\/wp\/v2\/product\/4559","targetHints":{"allow":["GET"]}}],"collection":[{"href":"https:\/\/vzklaboratory.com\/hr\/wp-json\/wp\/v2\/product"}],"about":[{"href":"https:\/\/vzklaboratory.com\/hr\/wp-json\/wp\/v2\/types\/product"}],"replies":[{"embeddable":true,"href":"https:\/\/vzklaboratory.com\/hr\/wp-json\/wp\/v2\/comments?post=4559"}],"wp:featuredmedia":[{"embeddable":true,"href":"https:\/\/vzklaboratory.com\/hr\/wp-json\/wp\/v2\/media\/4554"}],"wp:attachment":[{"href":"https:\/\/vzklaboratory.com\/hr\/wp-json\/wp\/v2\/media?parent=4559"}],"wp:term":[{"taxonomy":"product_brand","embeddable":true,"href":"https:\/\/vzklaboratory.com\/hr\/wp-json\/wp\/v2\/product_brand?post=4559"},{"taxonomy":"product_cat","embeddable":true,"href":"https:\/\/vzklaboratory.com\/hr\/wp-json\/wp\/v2\/product_cat?post=4559"},{"taxonomy":"product_tag","embeddable":true,"href":"https:\/\/vzklaboratory.com\/hr\/wp-json\/wp\/v2\/product_tag?post=4559"}],"curies":[{"name":"wp","href":"https:\/\/api.w.org\/{rel}","templated":true}]}}