{"id":4548,"date":"2025-10-19T23:11:01","date_gmt":"2025-10-19T21:11:01","guid":{"rendered":"https:\/\/vzk.cubesdev.rs\/our-products\/uncategorized\/age-reset-serum-za-lice\/"},"modified":"2025-10-27T13:44:02","modified_gmt":"2025-10-27T12:44:02","slug":"age-reset-serum-za-lice","status":"publish","type":"product","link":"https:\/\/vzklaboratory.com\/hr\/na\u0161i-proizvodi\/potrebe-koze-2\/protiv-bora-potrebe-koze-2\/age-reset-serum-za-lice\/","title":{"rendered":"AGE RESET SERUM ZA LICE"},"content":{"rendered":"<p>Serum za lice sa posebnom kombinacijom anti-age kompleksa i peptida, koji ubla\u017eavaju izgled postoje\u0107ih bora i pru\u017eaju neophodnu njegu i za\u0161titu ko\u017ei lica. Namijenjen je usporavanju procesa glikacije, gubitka elasti\u010dnosti, ubla\u017eava izgled protiv bora i bori se protiv prvih znakova starenja ko\u017ee. Sadr\u017ei peptide zahvaljuju\u0107i kojima ko\u017ea izgleda \u010dvr\u0161\u0107e i zategnutije, dok je zahvaljuju\u0107i glicerinu ko\u017ea hidrirana, meka i nje\u017ena.<\/p>\n","protected":false},"excerpt":{"rendered":"<p>Serum za lice sa posebnom kombinacijom anti-age kompleksa i peptida, koji ubla\u017eavaju izgled postoje\u0107ih bora i pru\u017eaju neophodnu njegu i za\u0161titu ko\u017ei lica. Namijenjen je usporavanju procesa glikacije, gubitka elasti\u010dnosti, ubla\u017eava izgled protiv bora i bori se protiv prvih znakova starenja ko\u017ee. Sadr\u017ei peptide zahvaljuju\u0107i kojima ko\u017ea izgleda \u010dvr\u0161\u0107e i zategnutije, dok je zahvaljuju\u0107i glicerinu [&hellip;]<\/p>\n","protected":false},"featured_media":4543,"comment_status":"open","ping_status":"closed","template":"","meta":{"_acf_changed":false,"_seopress_robots_primary_cat":"none","_seopress_titles_title":"","_seopress_titles_desc":"","_seopress_robots_index":""},"product_brand":[],"product_cat":[225,236,407,210,211,212,213,214,216],"product_tag":[],"class_list":{"0":"post-4548","1":"product","2":"type-product","3":"status-publish","4":"has-post-thumbnail","6":"product_cat-protiv-bora-potrebe-koze-2","7":"product_cat-svi-tipovi-koze-tipovi-koze","8":"product_cat-age-reset-hr","9":"product_cat-njega-koze","10":"product_cat-njega-lica","11":"product_cat-tipovi-koze","12":"product_cat-normalna-koza-tipovi-koze","13":"product_cat-potrebe-koze-2","14":"product_cat-serija-proizvoda","16":"first","17":"instock","18":"shipping-taxable","19":"purchasable","20":"product-type-simple"},"acf":[],"_links":{"self":[{"href":"https:\/\/vzklaboratory.com\/hr\/wp-json\/wp\/v2\/product\/4548","targetHints":{"allow":["GET"]}}],"collection":[{"href":"https:\/\/vzklaboratory.com\/hr\/wp-json\/wp\/v2\/product"}],"about":[{"href":"https:\/\/vzklaboratory.com\/hr\/wp-json\/wp\/v2\/types\/product"}],"replies":[{"embeddable":true,"href":"https:\/\/vzklaboratory.com\/hr\/wp-json\/wp\/v2\/comments?post=4548"}],"wp:featuredmedia":[{"embeddable":true,"href":"https:\/\/vzklaboratory.com\/hr\/wp-json\/wp\/v2\/media\/4543"}],"wp:attachment":[{"href":"https:\/\/vzklaboratory.com\/hr\/wp-json\/wp\/v2\/media?parent=4548"}],"wp:term":[{"taxonomy":"product_brand","embeddable":true,"href":"https:\/\/vzklaboratory.com\/hr\/wp-json\/wp\/v2\/product_brand?post=4548"},{"taxonomy":"product_cat","embeddable":true,"href":"https:\/\/vzklaboratory.com\/hr\/wp-json\/wp\/v2\/product_cat?post=4548"},{"taxonomy":"product_tag","embeddable":true,"href":"https:\/\/vzklaboratory.com\/hr\/wp-json\/wp\/v2\/product_tag?post=4548"}],"curies":[{"name":"wp","href":"https:\/\/api.w.org\/{rel}","templated":true}]}}